{"id":714520,"date":"2025-08-27T17:19:21","date_gmt":"2025-08-27T14:19:21","guid":{"rendered":"https:\/\/roveyayinevi.com.tr\/index.php\/urun\/hz-muhammed\/"},"modified":"2026-04-16T02:22:52","modified_gmt":"2026-04-15T23:22:52","slug":"hz-muhammed","status":"publish","type":"product","link":"https:\/\/roveyayinevi.com.tr\/index.php\/urun\/hz-muhammed\/","title":{"rendered":"Hz. Muhammed"},"content":{"rendered":"<p>Hz. Muhammed\u2019in hayat\u0131, Bat\u0131l\u0131 bir din tarih\u00e7isinin objektif bak\u0131\u015f a\u00e7\u0131s\u0131yla ve bez ciltli \u00f6zel bask\u0131yla okuyucuyla bulu\u015fuyor.Bat\u0131 taraf\u0131ndan s\u00fcrekli tehdit olarak g\u00f6r\u00fclen ve d\u00fcnyan\u0131n en fazla yanl\u0131\u015f anla\u015f\u0131lan dini \u0130sl\u00e2miyet\u2019tir. \u0130sl\u00e2m Peygamberi Hz. Muhammed\u2019in Bat\u0131l\u0131 bir yazar olan Karen Armstrong taraf\u0131ndan yaz\u0131lan bu kapsaml\u0131 ve tarafs\u0131z biyografisi, \u0130sl\u00e2miyet ve M\u00fcsl\u00fcmanlar hakk\u0131nda do\u011fru bir anlay\u0131\u015f yans\u0131t\u0131yor.Kabul g\u00f6rm\u00fc\u015f kaynaklardan ve kendi derin ara\u015ft\u0131rmalar\u0131ndan yararlanarak Son Peygamber\u2019in ad\u0131m ad\u0131m izinden gidiyor ve \u00f6rnek bir M\u00fcsl\u00fcman\u2019\u0131n nas\u0131l olaca\u011f\u0131n\u0131 \u2018M\u00fckemmel \u0130nsan\u2019\u0131n hayat\u0131 \u00fczerinden ortaya koyuyor.Armstrong Hz. Muhammed kitab\u0131nda, ayn\u0131 zamanda \u0130sl\u00e2miyet\u2019i di\u011fer semavi dinler olan Musevilik ve H\u0131ristiyanl\u0131k ile kar\u015f\u0131la\u015ft\u0131rarak hem tarihsel hem de din\u00ee bir geli\u015fimin izlerini s\u00fcr\u00fcyor.&#8221;Bu kitap, \u0130sl\u00e2miyet\u2019i bir din olarak anlamak ve Hz. Muhammed\u2019in nefes kesici ya\u015fam\u00f6yk\u00fcs\u00fcn\u00fc \u00f6\u011frenmek i\u00e7in son derece yararl\u0131 bir kaynak.&#8221;<\/p>\n","protected":false},"excerpt":{"rendered":"<p>Hz. Muhammed\u2019in hayat\u0131, Bat\u0131l\u0131 bir din tarih\u00e7isinin objektif bak\u0131\u015f a\u00e7\u0131s\u0131yla ve bez ciltli \u00f6zel bask\u0131yla okuyucuyla bulu\u015fuyor.Bat\u0131 taraf\u0131ndan s\u00fcrekli tehdit olarak g\u00f6r\u00fclen ve d\u00fcnyan\u0131n en fazla<span class=\"excerpt-hellip\"> [\u2026]<\/span><\/p>\n","protected":false},"featured_media":0,"template":"","meta":{"_monsterinsights_skip_tracking":false,"_monsterinsights_sitenote_active":false,"_monsterinsights_sitenote_note":"","_monsterinsights_sitenote_category":0},"product_brand":[],"product_cat":[14009,12291],"product_tag":[],"class_list":{"0":"post-714520","1":"product","2":"type-product","3":"status-publish","5":"product_cat-biyografi-otobiyografi-edebiyat","6":"product_cat-edebiyat","7":"pa_cilt-ciltli","8":"pa_tur-kitap","9":"pa_yayinevi-koridor-yayincilik","10":"pa_yazar-karen-armstrong","12":"first","13":"instock","14":"sale","15":"shipping-taxable","16":"purchasable","17":"product-type-simple"},"_links":{"self":[{"href":"https:\/\/roveyayinevi.com.tr\/index.php\/wp-json\/wp\/v2\/product\/714520","targetHints":{"allow":["GET"]}}],"collection":[{"href":"https:\/\/roveyayinevi.com.tr\/index.php\/wp-json\/wp\/v2\/product"}],"about":[{"href":"https:\/\/roveyayinevi.com.tr\/index.php\/wp-json\/wp\/v2\/types\/product"}],"wp:attachment":[{"href":"https:\/\/roveyayinevi.com.tr\/index.php\/wp-json\/wp\/v2\/media?parent=714520"}],"wp:term":[{"taxonomy":"product_brand","embeddable":true,"href":"https:\/\/roveyayinevi.com.tr\/index.php\/wp-json\/wp\/v2\/product_brand?post=714520"},{"taxonomy":"product_cat","embeddable":true,"href":"https:\/\/roveyayinevi.com.tr\/index.php\/wp-json\/wp\/v2\/product_cat?post=714520"},{"taxonomy":"product_tag","embeddable":true,"href":"https:\/\/roveyayinevi.com.tr\/index.php\/wp-json\/wp\/v2\/product_tag?post=714520"}],"curies":[{"name":"wp","href":"https:\/\/api.w.org\/{rel}","templated":true}]}}