{"id":714518,"date":"2025-08-27T17:19:19","date_gmt":"2025-08-27T14:19:19","guid":{"rendered":"https:\/\/roveyayinevi.com.tr\/index.php\/urun\/intibah-serguzest-i-ali-bey\/"},"modified":"2026-04-16T02:22:52","modified_gmt":"2026-04-15T23:22:52","slug":"intibah-serguzest-i-ali-bey","status":"publish","type":"product","link":"https:\/\/roveyayinevi.com.tr\/index.php\/urun\/intibah-serguzest-i-ali-bey\/","title":{"rendered":"\u0130ntibah Serg\u00fcze\u015ft-i Ali Bey"},"content":{"rendered":"<p>Nam\u0131k Kemal\u2019in \u0130ntibah: Serg\u00fcze\u015ft-i Ali Bey roman\u0131 Osmanl\u0131 d\u00f6nemi delikanl\u0131lar\u0131ndan Ali Bey\u2019in ya\u015fam\u0131ndan bir kesit sunar. Zengin bir ailenin iyi e\u011fitim alm\u0131\u015f \u00e7ocu\u011funun ya\u015fam\u0131, \u201ck\u00f6t\u00fc bir kad\u0131n\u201d olan Mahpeyker\u2019e \u00e2\u015f\u0131k olmas\u0131yla de\u011fi\u015fmeye ba\u015flar.  Nam\u0131k Kemal, ilk edebi roman\u0131m\u0131z olan \u0130ntibah\u2019ta d\u00f6nemin ideal bireyinin \u00e7\u00f6k\u00fc\u015f\u00fcn\u00fc, Osmanl\u0131 k\u00fclt\u00fcr\u00fcn\u00fc de anlatarak mercek alt\u0131na al\u0131r.  \u201cBulunduklar\u0131 yerin g\u00fczelli\u011fi ve tenhal\u0131\u011f\u0131 i\u00e7inde ba\u015f ba\u015fa bir-iki saat ge\u00e7irdiler ve birbirlerine kalplerini a\u00e7t\u0131lar. Ali Bey, ilk a\u015fk\u0131n heyecan\u0131yla gelece\u011fe dair hayaller kuruyor, Mahpeyker ise bir yandan bu gen\u00e7 ve yak\u0131\u015f\u0131kl\u0131 delikanl\u0131yla ge\u00e7irece\u011fi a\u015fk ve zevk dolu dakikalar\u0131n hayalini kurarken bir yandan da masum, tertemiz bir gen\u00e7 k\u0131z tavr\u0131 tak\u0131narak sahte bir utan\u00e7 perdesi alt\u0131nda ger\u00e7ek duygular\u0131n\u0131 saklamaya \u00e7al\u0131\u015f\u0131yordu. \u0130ki laf\u0131n\u0131n aras\u0131nda bir kere, \u00f6mr\u00fcnde as\u0131l mutlulu\u011fu bundan sonra tadaca\u011f\u0131na dair birtak\u0131m s\u00f6zler s\u00f6yl\u00fcyordu. Ali Bey, o g\u00fcne kadar Mahpeyker\u2019siz ge\u00e7en \u00f6mr\u00fc i\u00e7in \u00fcz\u00fcl\u00fcp hay\u0131flan\u0131yordu.\u201d <\/p>\n","protected":false},"excerpt":{"rendered":"<p>Nam\u0131k Kemal\u2019in \u0130ntibah: Serg\u00fcze\u015ft-i Ali Bey roman\u0131 Osmanl\u0131 d\u00f6nemi delikanl\u0131lar\u0131ndan Ali Bey\u2019in ya\u015fam\u0131ndan bir kesit sunar. Zengin bir ailenin iyi e\u011fitim alm\u0131\u015f \u00e7ocu\u011funun ya\u015fam\u0131, \u201ck\u00f6t\u00fc bir<span class=\"excerpt-hellip\"> [\u2026]<\/span><\/p>\n","protected":false},"featured_media":0,"template":"","meta":{"_monsterinsights_skip_tracking":false,"_monsterinsights_sitenote_active":false,"_monsterinsights_sitenote_note":"","_monsterinsights_sitenote_category":0},"product_brand":[],"product_cat":[12274,20117],"product_tag":[],"class_list":{"0":"post-714518","1":"product","2":"type-product","3":"status-publish","5":"product_cat-cocuk-ve-genclik-kitaplari","6":"product_cat-turk-klasikleri","7":"pa_cilt-ciltsiz","8":"pa_tur-kitap","9":"pa_yayinevi-cinar-yayinlari","10":"pa_yazar-namik-kemal","12":"first","13":"instock","14":"sale","15":"shipping-taxable","16":"purchasable","17":"product-type-simple"},"_links":{"self":[{"href":"https:\/\/roveyayinevi.com.tr\/index.php\/wp-json\/wp\/v2\/product\/714518","targetHints":{"allow":["GET"]}}],"collection":[{"href":"https:\/\/roveyayinevi.com.tr\/index.php\/wp-json\/wp\/v2\/product"}],"about":[{"href":"https:\/\/roveyayinevi.com.tr\/index.php\/wp-json\/wp\/v2\/types\/product"}],"wp:attachment":[{"href":"https:\/\/roveyayinevi.com.tr\/index.php\/wp-json\/wp\/v2\/media?parent=714518"}],"wp:term":[{"taxonomy":"product_brand","embeddable":true,"href":"https:\/\/roveyayinevi.com.tr\/index.php\/wp-json\/wp\/v2\/product_brand?post=714518"},{"taxonomy":"product_cat","embeddable":true,"href":"https:\/\/roveyayinevi.com.tr\/index.php\/wp-json\/wp\/v2\/product_cat?post=714518"},{"taxonomy":"product_tag","embeddable":true,"href":"https:\/\/roveyayinevi.com.tr\/index.php\/wp-json\/wp\/v2\/product_tag?post=714518"}],"curies":[{"name":"wp","href":"https:\/\/api.w.org\/{rel}","templated":true}]}}