{"id":714516,"date":"2025-08-27T17:19:18","date_gmt":"2025-08-27T14:19:18","guid":{"rendered":"https:\/\/roveyayinevi.com.tr\/index.php\/urun\/mutlu-ask-da-var\/"},"modified":"2026-04-16T02:22:52","modified_gmt":"2026-04-15T23:22:52","slug":"mutlu-ask-da-var","status":"publish","type":"product","link":"https:\/\/roveyayinevi.com.tr\/index.php\/urun\/mutlu-ask-da-var\/","title":{"rendered":"Mutlu A\u015fk da Var!.."},"content":{"rendered":"<p>iki ki\u015fi bir araya geldi\u011finde, laf eninde sonunda dola\u015f\u0131p ille de \u015fu g\u00f6n\u00fcl meselelerine var\u0131yor, de\u011fil mi? \u00d6yle ki, bir ba\u015fkas\u0131n\u0131n deneyimini dinlerken olay\u0131 i\u00e7selle\u015ftiriyor, sanki biz de bir t\u00fcrl\u00fc iyi bir insanla kar\u015f\u0131la\u015famayacakm\u0131\u015f\u0131z gibi d\u00fc\u015f\u00fcn\u00fcyoruz&#8230; \u0130\u015fte mesele tam da bu! Denemeden bilemeyiz. Umut etmezsek deneyemeyiz!.. Engebeli yollardan ge\u00e7ip, b\u00fcy\u00fck cephelerde sava\u015f\u0131p kocaman yaralar edinseniz de, bir g\u00fcn her \u015feyin harika olaca\u011f\u0131na dair inanc\u0131n\u0131zdan asla vazge\u00e7meyin. Kafam\u0131zda a\u015fk\u0131 bitiren \u015fey ya\u015fad\u0131\u011f\u0131m\u0131z k\u00f6t\u00fc deneyimler de\u011fil, bunlar sebebiyle iyi g\u00fcnlerin gelece\u011fine dair inanc\u0131m\u0131zdan vazge\u00e7mektir&#8230; A\u015fk\u0131, inanmamak uzakla\u015ft\u0131r\u0131r bizden asl\u0131nda&#8230; O y\u00fczden a\u015fks\u0131zl\u0131ktan yak\u0131n\u0131rken d\u00f6n\u00fcp sorun kendinize, \u201cA\u015fk\u0131n varl\u0131\u011f\u0131na inan\u0131yor muyum ger\u00e7ekten?\u201d diye&#8230;  \u015eimdiye kadar \u00e7ok \u00fcz\u00fclm\u00fc\u015f olman\u0131z, bundan sonras\u0131n\u0131n da b\u00f6yle devam edece\u011fi anlam\u0131na gelmiyor. Hayatta hi\u00e7bir \u015fey tek bir \u00e7izgide ilerlemezken neden sizin kaderiniz hep ayn\u0131 bi\u00e7imde gitsin ki? Ba\u015fkalar\u0131n\u0131n inan\u00e7s\u0131zl\u0131\u011f\u0131 ve mutsuzlu\u011fu ile doldurmay\u0131n kalbinizi&#8230; Oray\u0131 her daim yemye\u015fil ve bak\u0131ml\u0131 bir bah\u00e7e gibi saklay\u0131n ki, i\u00e7inde g\u00fczel ve canl\u0131 \u00e7i\u00e7ekler a\u00e7s\u0131n&#8230;     O \u00f6zel insana rastlama \u015fans\u0131na sahip olmak istiyorsan\u0131z, \u00f6nce s\u0131n\u0131rlar\u0131 kald\u0131r\u0131n! Kendinizi ve beklentilerinizi esnetin. \u201cMutluluk her neredeyse, orada olmay\u0131 diliyorum&#8230;\u201d \u0130\u015fte benim en sevdi\u011fim bak\u0131\u015f a\u00e7\u0131s\u0131 budur. Bu, b\u00fct\u00fcn kal\u0131plar\u0131 birer birer ortadan kald\u0131r\u0131rken sizi \u00f6zg\u00fcrle\u015ftirir, sakinle\u015ftirir&#8230; Sakin bir y\u00fcrekte \u00e7ok daha kolay geli\u015fip b\u00fcy\u00fcr a\u015fk&#8230; A\u015fk\u0131n c\u00f6mertli\u011fine ve \u00f6d\u00fcl mekanizmas\u0131na g\u00fcvenin. Ona kar\u015f\u0131 \u00fcmidini kaybetmeyen insanlara g\u00fcn gelip harika s\u00fcrprizler yapmakla \u00fcnl\u00fcd\u00fcr a\u015fk&#8230;  Hep \u00f6yle olmad\u0131 m\u0131? \u201cBu son!\u201d dedi\u011finizde, \u201cBundan \u00f6te sevemem\u201d diye hayk\u0131rd\u0131\u011f\u0131n\u0131zda,  kendinize kurdu\u011funuz d\u00fcnya yerle bir oldu\u011funda, \u00e7ok daha \u015fiddetli bir duyguyla sizin kar\u015f\u0131n\u0131za \u00e7\u0131kmad\u0131 m\u0131 a\u015fk?  Hi\u00e7bir a\u015fk son de\u011fildir! Siz istemedik\u00e7e&#8230; Hayat devam ettik\u00e7e, nefes ald\u0131k\u00e7a&#8230; Ve biliyor musunuz? MUTLU A\u015eK DA VAR!.. Fark\u0131nda de\u011filsiniz ama belki de yan\u0131 ba\u015f\u0131n\u0131zda&#8230;  Bir g\u00f6z mesafesinde ya da hi\u00e7 ummad\u0131\u011f\u0131n\u0131z bir kap\u0131n\u0131n ard\u0131nda&#8230; Hadi gidip onu bulal\u0131m&#8230;   \u00d6zg\u00fcr Aras  <\/p>\n","protected":false},"excerpt":{"rendered":"<p>iki ki\u015fi bir araya geldi\u011finde, laf eninde sonunda dola\u015f\u0131p ille de \u015fu g\u00f6n\u00fcl meselelerine var\u0131yor, de\u011fil mi? \u00d6yle ki, bir ba\u015fkas\u0131n\u0131n deneyimini dinlerken olay\u0131 i\u00e7selle\u015ftiriyor, sanki<span class=\"excerpt-hellip\"> [\u2026]<\/span><\/p>\n","protected":false},"featured_media":0,"template":"","meta":{"_monsterinsights_skip_tracking":false,"_monsterinsights_sitenote_active":false,"_monsterinsights_sitenote_note":"","_monsterinsights_sitenote_category":0},"product_brand":[],"product_cat":[12777,12291],"product_tag":[],"class_list":{"0":"post-714516","1":"product","2":"type-product","3":"status-publish","5":"product_cat-deneme","6":"product_cat-edebiyat","7":"pa_cilt-ciltsiz","8":"pa_tur-kitap","9":"pa_yayinevi-inkilap-kitabevi","10":"pa_yazar-ozgur-aras","12":"first","13":"instock","14":"sale","15":"shipping-taxable","16":"purchasable","17":"product-type-simple"},"_links":{"self":[{"href":"https:\/\/roveyayinevi.com.tr\/index.php\/wp-json\/wp\/v2\/product\/714516","targetHints":{"allow":["GET"]}}],"collection":[{"href":"https:\/\/roveyayinevi.com.tr\/index.php\/wp-json\/wp\/v2\/product"}],"about":[{"href":"https:\/\/roveyayinevi.com.tr\/index.php\/wp-json\/wp\/v2\/types\/product"}],"wp:attachment":[{"href":"https:\/\/roveyayinevi.com.tr\/index.php\/wp-json\/wp\/v2\/media?parent=714516"}],"wp:term":[{"taxonomy":"product_brand","embeddable":true,"href":"https:\/\/roveyayinevi.com.tr\/index.php\/wp-json\/wp\/v2\/product_brand?post=714516"},{"taxonomy":"product_cat","embeddable":true,"href":"https:\/\/roveyayinevi.com.tr\/index.php\/wp-json\/wp\/v2\/product_cat?post=714516"},{"taxonomy":"product_tag","embeddable":true,"href":"https:\/\/roveyayinevi.com.tr\/index.php\/wp-json\/wp\/v2\/product_tag?post=714516"}],"curies":[{"name":"wp","href":"https:\/\/api.w.org\/{rel}","templated":true}]}}