{"id":714515,"date":"2025-08-27T17:19:18","date_gmt":"2025-08-27T14:19:18","guid":{"rendered":"https:\/\/roveyayinevi.com.tr\/index.php\/urun\/kultur-ve-tuketim-hofstede-kultur-boyutlari-ve-ulke-ornekleri-ile\/"},"modified":"2026-04-16T02:22:51","modified_gmt":"2026-04-15T23:22:51","slug":"kultur-ve-tuketim-hofstede-kultur-boyutlari-ve-ulke-ornekleri-ile","status":"publish","type":"product","link":"https:\/\/roveyayinevi.com.tr\/index.php\/urun\/kultur-ve-tuketim-hofstede-kultur-boyutlari-ve-ulke-ornekleri-ile\/","title":{"rendered":"K\u00fclt\u00fcr ve T\u00fcketim (Hofstede K\u00fclt\u00fcr Boyutlar\u0131 ve \u00dclke \u00d6rnekleri ile)"},"content":{"rendered":"<p>\u0130\u00c7\u0130NDEK\u0130LER 1-K\u00fclt\u00fcr Kavram\u0131 2-T\u00fcketim ve K\u00fclt\u00fcr 3-Geert Hofstede&#8217;in belirledi\u011fi K\u00fclt\u00fcr Boyutlar\u0131 4-\u00dclkelerin K\u00fclt\u00fcrel \u00d6zellikleri ve t\u00fcketim Al\u0131\u015fkanl\u0131klar\u0131 <\/p>\n","protected":false},"excerpt":{"rendered":"<p>\u0130\u00c7\u0130NDEK\u0130LER 1-K\u00fclt\u00fcr Kavram\u0131 2-T\u00fcketim ve K\u00fclt\u00fcr 3-Geert Hofstede&#8217;in belirledi\u011fi K\u00fclt\u00fcr Boyutlar\u0131 4-\u00dclkelerin K\u00fclt\u00fcrel \u00d6zellikleri ve t\u00fcketim Al\u0131\u015fkanl\u0131klar\u0131<\/p>\n","protected":false},"featured_media":0,"template":"","meta":{"_monsterinsights_skip_tracking":false,"_monsterinsights_sitenote_active":false,"_monsterinsights_sitenote_note":"","_monsterinsights_sitenote_category":0},"product_brand":[],"product_cat":[12573,12566],"product_tag":[],"class_list":{"0":"post-714515","1":"product","2":"type-product","3":"status-publish","5":"product_cat-akademik-kitaplar","6":"product_cat-egitim","7":"pa_cilt-ciltsiz","8":"pa_tur-kitap","9":"pa_yayinevi-gazi-kitabevi","10":"pa_yazar-sukran-karaca-niyazi-gumus","12":"first","13":"instock","14":"sale","15":"shipping-taxable","16":"purchasable","17":"product-type-simple"},"_links":{"self":[{"href":"https:\/\/roveyayinevi.com.tr\/index.php\/wp-json\/wp\/v2\/product\/714515","targetHints":{"allow":["GET"]}}],"collection":[{"href":"https:\/\/roveyayinevi.com.tr\/index.php\/wp-json\/wp\/v2\/product"}],"about":[{"href":"https:\/\/roveyayinevi.com.tr\/index.php\/wp-json\/wp\/v2\/types\/product"}],"wp:attachment":[{"href":"https:\/\/roveyayinevi.com.tr\/index.php\/wp-json\/wp\/v2\/media?parent=714515"}],"wp:term":[{"taxonomy":"product_brand","embeddable":true,"href":"https:\/\/roveyayinevi.com.tr\/index.php\/wp-json\/wp\/v2\/product_brand?post=714515"},{"taxonomy":"product_cat","embeddable":true,"href":"https:\/\/roveyayinevi.com.tr\/index.php\/wp-json\/wp\/v2\/product_cat?post=714515"},{"taxonomy":"product_tag","embeddable":true,"href":"https:\/\/roveyayinevi.com.tr\/index.php\/wp-json\/wp\/v2\/product_tag?post=714515"}],"curies":[{"name":"wp","href":"https:\/\/api.w.org\/{rel}","templated":true}]}}