{"id":714513,"date":"2025-08-27T17:19:17","date_gmt":"2025-08-27T14:19:17","guid":{"rendered":"https:\/\/roveyayinevi.com.tr\/index.php\/urun\/allah-ile-tanismak\/"},"modified":"2026-04-16T02:22:51","modified_gmt":"2026-04-15T23:22:51","slug":"allah-ile-tanismak","status":"publish","type":"product","link":"https:\/\/roveyayinevi.com.tr\/index.php\/urun\/allah-ile-tanismak\/","title":{"rendered":"Allah ile Tan\u0131\u015fmak"},"content":{"rendered":"<p>Allah\u00fc Te\u00e2l\u00e2 Araf Suresi 172. Ayetinde bizzat kendisi diyor; \u201cBen sizin Rabbinizim\u201d. Kendisini bizimle tan\u0131\u015ft\u0131ran bir Allah (c.c.) variken, varl\u0131kta da tekrar O&#8217;nunla tan\u0131\u015fmam\u0131z gerekmektedir. O sonsuzdur ama O&#8217;nunla tan\u0131\u015fmak zorunday\u0131z. Yoksa bizler Allah&#8217;\u0131 (c.c) bilmeden nas\u0131l insan olaca\u011f\u0131z, nas\u0131l y\u00fckselece\u011fiz, nas\u0131l ebedile\u015fece\u011fiz? Bu kitab\u0131m\u0131zdaki amac\u0131m\u0131z da bu ilimleri ortaya koymak, Elest&#8217;te Zat\u0131ndan ald\u0131\u011f\u0131m\u0131z ilimleri varl\u0131kta da hat\u0131rlatmak, Hazreti Peygamber Efendimizin (s.a.v.) bu husustaki hadislerini, h\u00e2llerini anlatmak, bunlar\u0131 da ayetlerle ortaya koymakt\u0131r. \u201cAllah ileTan\u0131\u015fmak\u201dkendi varl\u0131\u011f\u0131n\u0131zla tan\u0131\u015fman\u0131zd\u0131r. \u201cAllah ileTan\u0131\u015fmak\u201dkendini bilmektir. \u201cAllah ileTan\u0131\u015fmak\u201dsizdeki  \u0130lahi tecellilerin hepsini, ilmen ve h\u00e2l olarak anlamakt\u0131r. \u201cAllah ileTan\u0131\u015fmak\u201dkendi sonsuzlu\u011fun uzun h\u00e2lini bilmektir. \u201cAllah ileTan\u0131\u015fmak\u201dsizdeki \u0130lahi h\u00e2li, sizdeki Allah&#8217;\u0131 bulmakt\u0131r (Celle Celal\u00fch\u00fc). <\/p>\n","protected":false},"excerpt":{"rendered":"<p>Allah\u00fc Te\u00e2l\u00e2 Araf Suresi 172. Ayetinde bizzat kendisi diyor; \u201cBen sizin Rabbinizim\u201d. Kendisini bizimle tan\u0131\u015ft\u0131ran bir Allah (c.c.) variken, varl\u0131kta da tekrar O&#8217;nunla tan\u0131\u015fmam\u0131z gerekmektedir. O<span class=\"excerpt-hellip\"> [\u2026]<\/span><\/p>\n","protected":false},"featured_media":0,"template":"","meta":{"_monsterinsights_skip_tracking":false,"_monsterinsights_sitenote_active":false,"_monsterinsights_sitenote_note":"","_monsterinsights_sitenote_category":0},"product_brand":[],"product_cat":[12718,12719],"product_tag":[],"class_list":{"0":"post-714513","1":"product","2":"type-product","3":"status-publish","5":"product_cat-din","6":"product_cat-islam","7":"pa_cilt-ciltsiz","8":"pa_tur-kitap","9":"pa_yayinevi-enoch-yayinlari","10":"pa_yazar-cafer-iskenderoglu","12":"first","13":"instock","14":"sale","15":"shipping-taxable","16":"purchasable","17":"product-type-simple"},"_links":{"self":[{"href":"https:\/\/roveyayinevi.com.tr\/index.php\/wp-json\/wp\/v2\/product\/714513","targetHints":{"allow":["GET"]}}],"collection":[{"href":"https:\/\/roveyayinevi.com.tr\/index.php\/wp-json\/wp\/v2\/product"}],"about":[{"href":"https:\/\/roveyayinevi.com.tr\/index.php\/wp-json\/wp\/v2\/types\/product"}],"wp:attachment":[{"href":"https:\/\/roveyayinevi.com.tr\/index.php\/wp-json\/wp\/v2\/media?parent=714513"}],"wp:term":[{"taxonomy":"product_brand","embeddable":true,"href":"https:\/\/roveyayinevi.com.tr\/index.php\/wp-json\/wp\/v2\/product_brand?post=714513"},{"taxonomy":"product_cat","embeddable":true,"href":"https:\/\/roveyayinevi.com.tr\/index.php\/wp-json\/wp\/v2\/product_cat?post=714513"},{"taxonomy":"product_tag","embeddable":true,"href":"https:\/\/roveyayinevi.com.tr\/index.php\/wp-json\/wp\/v2\/product_tag?post=714513"}],"curies":[{"name":"wp","href":"https:\/\/api.w.org\/{rel}","templated":true}]}}