{"id":714511,"date":"2025-08-27T17:19:15","date_gmt":"2025-08-27T14:19:15","guid":{"rendered":"https:\/\/roveyayinevi.com.tr\/index.php\/urun\/caylak-ile-filozof-1\/"},"modified":"2026-04-15T02:29:55","modified_gmt":"2026-04-14T23:29:55","slug":"caylak-ile-filozof-1","status":"publish","type":"product","link":"https:\/\/roveyayinevi.com.tr\/index.php\/urun\/caylak-ile-filozof-1\/","title":{"rendered":"\u00c7aylak \u0130le Filozof -1"},"content":{"rendered":"<p>&#8220;\u00d6zel biri olmak istiyorsan, kendin olmal\u0131s\u0131n \u00c7aylak. Bu y\u0131ld\u0131zlar\u0131n alt\u0131nda senden bir tane daha yok!&#8221;\u0130lkgen\u00e7lik y\u0131llar\u0131n\u0131n ba\u015f\u0131nda, hayat\u0131 hi\u00e7 beklemedi\u011fi bir trajedi ile de\u011fi\u015fen \u00c7aylak i\u00e7in Filozof, sakin bir limana s\u0131\u011f\u0131nmak gibiydi. Ama bunu fark etmesi kolay olmad\u0131&#8230;Onun en b\u00fcy\u00fck sorunu, bu y\u0131ld\u0131zlar\u0131n alt\u0131nda kendisine ait yeri hen\u00fcz bulamam\u0131\u015f olmas\u0131yd\u0131. Dahas\u0131 b\u00f6yle bir yer olup olmad\u0131\u011f\u0131ndan bile emin de\u011fildi hen\u00fcz&#8230; Oysa hepimiz gibi hayat\u0131n anlam\u0131n\u0131 ke\u015ffedip, i\u00e7ini ya\u015famaya de\u011fer bir \u015feylerle doldurabilmesi buna ba\u011fl\u0131yd\u0131.\u00c7aylak ile Filozof, zaman zaman e\u011flenceli, itiraf etmek gerekirse zaman zaman da sinir bozucu bir fikir yolculu\u011fudur. Olduk\u00e7a cesur konular\u0131n ortal\u0131kta fink att\u0131\u011f\u0131, akl\u0131n\u0131z\u0131n ve kalbinizin derinliklerinde gizlenmi\u015f duygular\u0131n, ad\u0131na harfler dedi\u011fimiz \u015fu e\u011fri b\u00fc\u011fr\u00fc i\u015faretlerle sayfalara c\u00f6mert\u00e7e d\u00f6k\u00fcld\u00fc\u011f\u00fc maceral\u0131 bir yolculuk bu&#8230;Bu kitap sizi i\u015fte b\u00f6yle yolculu\u011fa davet ediyor. Gelin ve \u00c7aylak ile Filozof \u2019a kat\u0131l\u0131n. Birlikte uzun bir seyahate \u00e7\u0131k\u0131n! Tarihin, felsefenin, hikmetin, bilginin, akl\u0131n ve kalbin vadilerinden, vahyin ayd\u0131nlatt\u0131\u011f\u0131 yollardan ge\u00e7en bir seyahate&#8230;<\/p>\n","protected":false},"excerpt":{"rendered":"<p>&#8220;\u00d6zel biri olmak istiyorsan, kendin olmal\u0131s\u0131n \u00c7aylak. Bu y\u0131ld\u0131zlar\u0131n alt\u0131nda senden bir tane daha yok!&#8221;\u0130lkgen\u00e7lik y\u0131llar\u0131n\u0131n ba\u015f\u0131nda, hayat\u0131 hi\u00e7 beklemedi\u011fi bir trajedi ile de\u011fi\u015fen \u00c7aylak i\u00e7in<span class=\"excerpt-hellip\"> [\u2026]<\/span><\/p>\n","protected":false},"featured_media":0,"template":"","meta":{"_monsterinsights_skip_tracking":false,"_monsterinsights_sitenote_active":false,"_monsterinsights_sitenote_note":"","_monsterinsights_sitenote_category":0},"product_brand":[],"product_cat":[12274,12284],"product_tag":[],"class_list":{"0":"post-714511","1":"product","2":"type-product","3":"status-publish","5":"product_cat-cocuk-ve-genclik-kitaplari","6":"product_cat-hikayeler","7":"pa_cilt-ciltsiz","8":"pa_tur-kitap","9":"pa_yayinevi-ugurbocegi-yayinlari","10":"pa_yazar-ozkan-oze","12":"first","13":"instock","14":"sale","15":"shipping-taxable","16":"purchasable","17":"product-type-simple"},"_links":{"self":[{"href":"https:\/\/roveyayinevi.com.tr\/index.php\/wp-json\/wp\/v2\/product\/714511","targetHints":{"allow":["GET"]}}],"collection":[{"href":"https:\/\/roveyayinevi.com.tr\/index.php\/wp-json\/wp\/v2\/product"}],"about":[{"href":"https:\/\/roveyayinevi.com.tr\/index.php\/wp-json\/wp\/v2\/types\/product"}],"wp:attachment":[{"href":"https:\/\/roveyayinevi.com.tr\/index.php\/wp-json\/wp\/v2\/media?parent=714511"}],"wp:term":[{"taxonomy":"product_brand","embeddable":true,"href":"https:\/\/roveyayinevi.com.tr\/index.php\/wp-json\/wp\/v2\/product_brand?post=714511"},{"taxonomy":"product_cat","embeddable":true,"href":"https:\/\/roveyayinevi.com.tr\/index.php\/wp-json\/wp\/v2\/product_cat?post=714511"},{"taxonomy":"product_tag","embeddable":true,"href":"https:\/\/roveyayinevi.com.tr\/index.php\/wp-json\/wp\/v2\/product_tag?post=714511"}],"curies":[{"name":"wp","href":"https:\/\/api.w.org\/{rel}","templated":true}]}}