{"id":714510,"date":"2025-08-27T17:19:15","date_gmt":"2025-08-27T14:19:15","guid":{"rendered":"https:\/\/roveyayinevi.com.tr\/index.php\/urun\/veri-stratejisi\/"},"modified":"2026-04-06T12:44:35","modified_gmt":"2026-04-06T09:44:35","slug":"veri-stratejisi","status":"publish","type":"product","link":"https:\/\/roveyayinevi.com.tr\/index.php\/urun\/veri-stratejisi\/","title":{"rendered":"Veri Stratejisi"},"content":{"rendered":"<p>B\u00fcy\u00fck Veri \u0130\u015f Ba\u015f\u0131nda kitab\u0131yla verinin i\u015f d\u00fcnyas\u0131ndaki uygulamalar\u0131n\u0131 g\u00f6zler \u00f6n\u00fcne seren Bernard Marr, bu kez hayati bir konuyu, veriyi en iyi \u015fekilde kullanmak i\u00e7in nas\u0131l stratejiler geli\u015ftirilmesi gerekti\u011fini ele al\u0131yor. Temel tezi ise \u015fu: Verinin i\u015f ya\u015fam\u0131n\u0131 devrimci bir \u015fekilde d\u00f6n\u00fc\u015ft\u00fcrd\u00fc\u011f\u00fc ko\u015fullarda, veriyi bir strateji varl\u0131\u011f\u0131 olarak g\u00f6ren \u015firketler ya\u015fam\u0131n\u0131 s\u00fcrd\u00fcrebilecek. Stratejik veri ihtiya\u00e7lar\u0131n\u0131z\u0131 nas\u0131l tan\u0131mlayaca\u011f\u0131n\u0131z\u0131, toplad\u0131\u011f\u0131n\u0131z veriyi karar alma s\u00fcre\u00e7lerinde nas\u0131l kullanaca\u011f\u0131n\u0131z\u0131, Nesnelerin \u0130nterneti\u2019nin d\u00fcnyas\u0131nda nas\u0131l kazan\u00e7 sa\u011flayabilece\u011finizi ger\u00e7ek ya\u015famdan al\u0131nma vaka incelemeleriyle anlatan Veri Stratejisi, i\u015f de\u011ferlerini tazelemek ve rekabet avantaj\u0131 kazanmak isteyenler i\u00e7in! <\/p>\n","protected":false},"excerpt":{"rendered":"<p>B\u00fcy\u00fck Veri \u0130\u015f Ba\u015f\u0131nda kitab\u0131yla verinin i\u015f d\u00fcnyas\u0131ndaki uygulamalar\u0131n\u0131 g\u00f6zler \u00f6n\u00fcne seren Bernard Marr, bu kez hayati bir konuyu, veriyi en iyi \u015fekilde kullanmak i\u00e7in nas\u0131l<span class=\"excerpt-hellip\"> [\u2026]<\/span><\/p>\n","protected":false},"featured_media":0,"template":"","meta":{"_monsterinsights_skip_tracking":false,"_monsterinsights_sitenote_active":false,"_monsterinsights_sitenote_note":"","_monsterinsights_sitenote_category":0},"product_brand":[],"product_cat":[12567,12566],"product_tag":[],"class_list":{"0":"post-714510","1":"product","2":"type-product","3":"status-publish","5":"product_cat-diger-egitim","6":"product_cat-egitim","7":"pa_cilt-ciltsiz","8":"pa_tur-kitap","9":"pa_yayinevi-kapital-kitaplari","10":"pa_yazar-bernard-marr","12":"first","13":"instock","14":"sale","15":"shipping-taxable","16":"purchasable","17":"product-type-simple"},"_links":{"self":[{"href":"https:\/\/roveyayinevi.com.tr\/index.php\/wp-json\/wp\/v2\/product\/714510","targetHints":{"allow":["GET"]}}],"collection":[{"href":"https:\/\/roveyayinevi.com.tr\/index.php\/wp-json\/wp\/v2\/product"}],"about":[{"href":"https:\/\/roveyayinevi.com.tr\/index.php\/wp-json\/wp\/v2\/types\/product"}],"wp:attachment":[{"href":"https:\/\/roveyayinevi.com.tr\/index.php\/wp-json\/wp\/v2\/media?parent=714510"}],"wp:term":[{"taxonomy":"product_brand","embeddable":true,"href":"https:\/\/roveyayinevi.com.tr\/index.php\/wp-json\/wp\/v2\/product_brand?post=714510"},{"taxonomy":"product_cat","embeddable":true,"href":"https:\/\/roveyayinevi.com.tr\/index.php\/wp-json\/wp\/v2\/product_cat?post=714510"},{"taxonomy":"product_tag","embeddable":true,"href":"https:\/\/roveyayinevi.com.tr\/index.php\/wp-json\/wp\/v2\/product_tag?post=714510"}],"curies":[{"name":"wp","href":"https:\/\/api.w.org\/{rel}","templated":true}]}}