{"id":714508,"date":"2025-08-27T17:19:14","date_gmt":"2025-08-27T14:19:14","guid":{"rendered":"https:\/\/roveyayinevi.com.tr\/index.php\/urun\/google-sirlari\/"},"modified":"2026-04-05T02:26:48","modified_gmt":"2026-04-04T23:26:48","slug":"google-sirlari","status":"publish","type":"product","link":"https:\/\/roveyayinevi.com.tr\/index.php\/urun\/google-sirlari\/","title":{"rendered":"Google S\u0131rlar\u0131"},"content":{"rendered":"<p>\u201cYetenek y\u00f6netiminin yeni kutsal kitab\u0131.\u201d- Tim BrownGoogle, d\u00fcnyan\u0131n en yarat\u0131c\u0131 ve ba\u015far\u0131l\u0131 \u015firketi olabilmek i\u00e7in neyi farkl\u0131 yap\u0131yor?Teknoloji ve internet devi Google kuruldu\u011fu g\u00fcnden beri hi\u00e7 yava\u015flama belirtisi g\u00f6stermedi. Orada bir i\u015f sahibi olmay\u0131 pek \u00e7ok umutlu aday k\u00fc\u00e7\u00fck bir ihtimal olarak g\u00f6r\u00fcyor. \u00c7\u00fcnk\u00fc Google; Harvard, Yale ve Princeton \u00dcniversitelerinden tam 25 kat daha se\u00e7ici. Peki ya sadece ucu a\u00e7\u0131k sorular\u0131, psikolojik testleri, ayr\u0131nt\u0131l\u0131 analizleri de\u011fil Google\u2019\u0131n s\u0131rlar\u0131n\u0131 biliyor olsan\u0131z?Google\u2019da 11 y\u0131l boyunca insan kaynaklar\u0131ndan sorumlu k\u0131demli ba\u015fkan yard\u0131mc\u0131s\u0131 olan ve g\u00f6reve geldikten sonra \u00e7al\u0131\u015fan say\u0131s\u0131 6 binden 60 bine y\u00fckselen Laszlo Bock, bu kitab\u0131nda birinin Google\u2019da \u00e7al\u0131\u015facak kadar zeki ve yetenekli olup olmad\u0131\u011f\u0131na karar verirken hangi kriterleri dikkate ald\u0131klar\u0131n\u0131 a\u00e7\u0131klayarak yenilik\u00e7i \u0130K uygulamalar\u0131na i\u00e7eriden bir bak\u0131\u015f sunuyor. Onun 10 alt\u0131n kural\u0131n\u0131 \u00f6\u011frendikten sonra  ister bir Google\u2019c\u0131 olun isterseniz sadece bir aday hem kendi i\u015fteki ba\u015far\u0131n\u0131z\u0131 ve mutlulu\u011funuzu garantileyecek hem de \u015firketinizi d\u00fcnya devlerinden biri haline getirmek i\u00e7in do\u011fru ad\u0131mlar\u0131 takip etmi\u015f olacaks\u0131n\u0131z.\u201cB\u00fcy\u00fck fikirler arayan her y\u00f6neticinin elinden d\u00fc\u015f\u00fcrmek istemeyece\u011fi bir kitap. Ola\u011fan\u00fcst\u00fc bir klasik.\u201d<\/p>\n","protected":false},"excerpt":{"rendered":"<p>\u201cYetenek y\u00f6netiminin yeni kutsal kitab\u0131.\u201d- Tim BrownGoogle, d\u00fcnyan\u0131n en yarat\u0131c\u0131 ve ba\u015far\u0131l\u0131 \u015firketi olabilmek i\u00e7in neyi farkl\u0131 yap\u0131yor?Teknoloji ve internet devi Google kuruldu\u011fu g\u00fcnden beri hi\u00e7<span class=\"excerpt-hellip\"> [\u2026]<\/span><\/p>\n","protected":false},"featured_media":0,"template":"","meta":{"_monsterinsights_skip_tracking":false,"_monsterinsights_sitenote_active":false,"_monsterinsights_sitenote_note":"","_monsterinsights_sitenote_category":0},"product_brand":[],"product_cat":[12364,12376],"product_tag":[],"class_list":{"0":"post-714508","1":"product","2":"type-product","3":"status-publish","5":"product_cat-genel-konular","6":"product_cat-kisisel-gelisim","7":"pa_cilt-ciltsiz","8":"pa_tur-kitap","9":"pa_yayinevi-koridor-yayincilik","10":"pa_yazar-laszlo-bock","12":"first","13":"instock","14":"sale","15":"shipping-taxable","16":"purchasable","17":"product-type-simple"},"_links":{"self":[{"href":"https:\/\/roveyayinevi.com.tr\/index.php\/wp-json\/wp\/v2\/product\/714508","targetHints":{"allow":["GET"]}}],"collection":[{"href":"https:\/\/roveyayinevi.com.tr\/index.php\/wp-json\/wp\/v2\/product"}],"about":[{"href":"https:\/\/roveyayinevi.com.tr\/index.php\/wp-json\/wp\/v2\/types\/product"}],"wp:attachment":[{"href":"https:\/\/roveyayinevi.com.tr\/index.php\/wp-json\/wp\/v2\/media?parent=714508"}],"wp:term":[{"taxonomy":"product_brand","embeddable":true,"href":"https:\/\/roveyayinevi.com.tr\/index.php\/wp-json\/wp\/v2\/product_brand?post=714508"},{"taxonomy":"product_cat","embeddable":true,"href":"https:\/\/roveyayinevi.com.tr\/index.php\/wp-json\/wp\/v2\/product_cat?post=714508"},{"taxonomy":"product_tag","embeddable":true,"href":"https:\/\/roveyayinevi.com.tr\/index.php\/wp-json\/wp\/v2\/product_tag?post=714508"}],"curies":[{"name":"wp","href":"https:\/\/api.w.org\/{rel}","templated":true}]}}