{"id":714507,"date":"2025-08-27T17:19:13","date_gmt":"2025-08-27T14:19:13","guid":{"rendered":"https:\/\/roveyayinevi.com.tr\/index.php\/urun\/davabez-ciltli\/"},"modified":"2026-04-07T02:30:09","modified_gmt":"2026-04-06T23:30:09","slug":"davabez-ciltli","status":"publish","type":"product","link":"https:\/\/roveyayinevi.com.tr\/index.php\/urun\/davabez-ciltli\/","title":{"rendered":"Dava(Bez Ciltli)"},"content":{"rendered":"<p>Kendini i\u015fine adam\u0131\u015f, basit hayat standartlar\u0131na sahip bir bankac\u0131 olan Joseph K. otuz birinci ya\u015f g\u00fcn\u00fcn\u00fcn sabah\u0131nda evine gelen memurlardan hakk\u0131nda bir dava a\u00e7\u0131lm\u0131\u015f oldu\u011funu \u00f6\u011frenir, ne var ki i\u015fledi\u011fi su\u00e7 bir t\u00fcrl\u00fc a\u00e7\u0131klanmaz. O da umutsuzca bir \u00e7abayla onu bu gizemli davadan \u00e7ekip \u00e7\u0131karacak ki\u015filerin kap\u0131s\u0131n\u0131 \u00e7alar ve kendisini bekleyen sona ad\u0131m ad\u0131m yakla\u015f\u0131rken bir aynaya bakar gibi vicdan\u0131yla y\u00fczle\u015fir.Kafka, bilinen ve bilinmeyen k\u0131s\u0131tlamalara kar\u015f\u0131 bir \u00f6zg\u00fcrl\u00fck aray\u0131\u015f\u0131 i\u00e7ine giren, bu k\u0131s\u0131tlamalara inanmay\u0131 reddeden ancak yine de onlara boyun e\u011fen bir adam\u0131n hik\u00e2yesini anlatt\u0131\u011f\u0131 Dava\u2019da ayn\u0131 zamanda kendine \u00f6zg\u00fc bir bu\u011fu aras\u0131ndan d\u00f6nemle hesapla\u015fmas\u0131n\u0131 da yap\u0131yor.Okuyucunun \u0131\u015f\u0131k ararken karanl\u0131k bir t\u00fcnele girdi\u011fini ancak yolun sonunda kendisiyle ba\u015f ba\u015fa kald\u0131\u011f\u0131nda fark edece\u011fi, \u00e7a\u011f\u0131n\u0131n \u00f6tesinde yaz\u0131lm\u0131\u015f bu d\u00e2hiyane kitab\u0131 \u00c7a\u011flar Tanyeri\u2019nin \u00f6zenli \u00e7evirisiyle sunuyoruz.<\/p>\n","protected":false},"excerpt":{"rendered":"<p>Kendini i\u015fine adam\u0131\u015f, basit hayat standartlar\u0131na sahip bir bankac\u0131 olan Joseph K. otuz birinci ya\u015f g\u00fcn\u00fcn\u00fcn sabah\u0131nda evine gelen memurlardan hakk\u0131nda bir dava a\u00e7\u0131lm\u0131\u015f oldu\u011funu \u00f6\u011frenir,<span class=\"excerpt-hellip\"> [\u2026]<\/span><\/p>\n","protected":false},"featured_media":0,"template":"","meta":{"_monsterinsights_skip_tracking":false,"_monsterinsights_sitenote_active":false,"_monsterinsights_sitenote_note":"","_monsterinsights_sitenote_category":0},"product_brand":[],"product_cat":[12291,12711],"product_tag":[],"class_list":{"0":"post-714507","1":"product","2":"type-product","3":"status-publish","5":"product_cat-edebiyat","6":"product_cat-roman-oyku","7":"pa_cilt-ciltli","8":"pa_tur-kitap","9":"pa_yayinevi-koridor-yayincilik","10":"pa_yazar-franz-kafka","12":"first","13":"instock","14":"sale","15":"shipping-taxable","16":"purchasable","17":"product-type-simple"},"_links":{"self":[{"href":"https:\/\/roveyayinevi.com.tr\/index.php\/wp-json\/wp\/v2\/product\/714507","targetHints":{"allow":["GET"]}}],"collection":[{"href":"https:\/\/roveyayinevi.com.tr\/index.php\/wp-json\/wp\/v2\/product"}],"about":[{"href":"https:\/\/roveyayinevi.com.tr\/index.php\/wp-json\/wp\/v2\/types\/product"}],"wp:attachment":[{"href":"https:\/\/roveyayinevi.com.tr\/index.php\/wp-json\/wp\/v2\/media?parent=714507"}],"wp:term":[{"taxonomy":"product_brand","embeddable":true,"href":"https:\/\/roveyayinevi.com.tr\/index.php\/wp-json\/wp\/v2\/product_brand?post=714507"},{"taxonomy":"product_cat","embeddable":true,"href":"https:\/\/roveyayinevi.com.tr\/index.php\/wp-json\/wp\/v2\/product_cat?post=714507"},{"taxonomy":"product_tag","embeddable":true,"href":"https:\/\/roveyayinevi.com.tr\/index.php\/wp-json\/wp\/v2\/product_tag?post=714507"}],"curies":[{"name":"wp","href":"https:\/\/api.w.org\/{rel}","templated":true}]}}