{"id":714503,"date":"2025-08-27T17:19:11","date_gmt":"2025-08-27T14:19:11","guid":{"rendered":"https:\/\/roveyayinevi.com.tr\/index.php\/urun\/yaratici-dusunce\/"},"modified":"2026-04-16T02:22:51","modified_gmt":"2026-04-15T23:22:51","slug":"yaratici-dusunce","status":"publish","type":"product","link":"https:\/\/roveyayinevi.com.tr\/index.php\/urun\/yaratici-dusunce\/","title":{"rendered":"Yarat\u0131c\u0131 D\u00fc\u015f\u00fcnce"},"content":{"rendered":"<p>Neden baz\u0131 insanlar yarat\u0131c\u0131l\u0131\u011f\u0131n zirvesindeyken di\u011ferleri d\u00fczl\u00fckte t\u00f6kezler?Yarat\u0131c\u0131 d\u00fc\u015f\u00fcnce konusunda ilk akla gelen isimlerden biri olan Michalko bu kitapta i\u015f d\u00fcnyas\u0131ndan bilime, idari i\u015flerden sanata ve g\u00fcnl\u00fck hayata dek pek \u00e7ok alanda sizi di\u011ferlerinden birka\u00e7 ad\u0131m \u00f6ne \u00e7\u0131karacak do\u011fal yarat\u0131c\u0131l\u0131\u011f\u0131n form\u00fcl\u00fcn\u00fc sunuyor ve zekan\u0131n mant\u0131ksal \u00f6nyarg\u0131larla, kabullenilmi\u015f kesinlikler ve kavramlarla nas\u0131l s\u0131n\u0131rland\u0131\u011f\u0131n\u0131n alt\u0131n\u0131 \u00e7iziyor.Kendinize s\u0131k s\u0131k \u2018Ben bunu neden daha \u00f6nce d\u00fc\u015f\u00fcnemedim?\u2019 diye soruyor musunuz? Yararl\u0131l\u0131\u011f\u0131 kan\u0131tlanm\u0131\u015f egzersizler, g\u00f6rsellerle zenginle\u015ftirilmi\u015f stratejiler ve ilham verici ger\u00e7ek hikayelerle art\u0131k fikirlerinizi hi\u00e7 olmad\u0131\u011f\u0131 kadar \u00f6zg\u00fcrle\u015ftirebilir ve hayal g\u00fcc\u00fcn\u00fcz\u00fc zenginle\u015ftirebilirsiniz. Michalko\u2019nun s\u0131ra d\u0131\u015f\u0131 y\u00f6ntemleriyle beyninizi ters k\u00f6\u015feye yat\u0131rmaya haz\u0131r olun.\u201cHangi sayfay\u0131 a\u00e7arsan\u0131z a\u00e7\u0131n, kafan\u0131zdaki fikir makinesi yeni fikirler \u00fcretmeyi durduramayacak.\u201d- Bryan Mattimore<\/p>\n","protected":false},"excerpt":{"rendered":"<p>Neden baz\u0131 insanlar yarat\u0131c\u0131l\u0131\u011f\u0131n zirvesindeyken di\u011ferleri d\u00fczl\u00fckte t\u00f6kezler?Yarat\u0131c\u0131 d\u00fc\u015f\u00fcnce konusunda ilk akla gelen isimlerden biri olan Michalko bu kitapta i\u015f d\u00fcnyas\u0131ndan bilime, idari i\u015flerden sanata ve<span class=\"excerpt-hellip\"> [\u2026]<\/span><\/p>\n","protected":false},"featured_media":0,"template":"","meta":{"_monsterinsights_skip_tracking":false,"_monsterinsights_sitenote_active":false,"_monsterinsights_sitenote_note":"","_monsterinsights_sitenote_category":0},"product_brand":[],"product_cat":[12364,12376],"product_tag":[],"class_list":{"0":"post-714503","1":"product","2":"type-product","3":"status-publish","5":"product_cat-genel-konular","6":"product_cat-kisisel-gelisim","7":"pa_cilt-ciltsiz","8":"pa_tur-kitap","9":"pa_yayinevi-koridor-yayincilik","10":"pa_yazar-michael-michalko","12":"first","13":"instock","14":"sale","15":"shipping-taxable","16":"purchasable","17":"product-type-simple"},"_links":{"self":[{"href":"https:\/\/roveyayinevi.com.tr\/index.php\/wp-json\/wp\/v2\/product\/714503","targetHints":{"allow":["GET"]}}],"collection":[{"href":"https:\/\/roveyayinevi.com.tr\/index.php\/wp-json\/wp\/v2\/product"}],"about":[{"href":"https:\/\/roveyayinevi.com.tr\/index.php\/wp-json\/wp\/v2\/types\/product"}],"wp:attachment":[{"href":"https:\/\/roveyayinevi.com.tr\/index.php\/wp-json\/wp\/v2\/media?parent=714503"}],"wp:term":[{"taxonomy":"product_brand","embeddable":true,"href":"https:\/\/roveyayinevi.com.tr\/index.php\/wp-json\/wp\/v2\/product_brand?post=714503"},{"taxonomy":"product_cat","embeddable":true,"href":"https:\/\/roveyayinevi.com.tr\/index.php\/wp-json\/wp\/v2\/product_cat?post=714503"},{"taxonomy":"product_tag","embeddable":true,"href":"https:\/\/roveyayinevi.com.tr\/index.php\/wp-json\/wp\/v2\/product_tag?post=714503"}],"curies":[{"name":"wp","href":"https:\/\/api.w.org\/{rel}","templated":true}]}}