{"id":714499,"date":"2025-08-27T17:19:09","date_gmt":"2025-08-27T14:19:09","guid":{"rendered":"https:\/\/roveyayinevi.com.tr\/index.php\/urun\/okul-oncesi-psikologuna-sorulan-100-soru-100-cevap\/"},"modified":"2026-04-16T02:22:51","modified_gmt":"2026-04-15T23:22:51","slug":"okul-oncesi-psikologuna-sorulan-100-soru-100-cevap","status":"publish","type":"product","link":"https:\/\/roveyayinevi.com.tr\/index.php\/urun\/okul-oncesi-psikologuna-sorulan-100-soru-100-cevap\/","title":{"rendered":"Okul \u00d6ncesi Psikolo\u011fu\u2019na Sorulan 100 Soru 100 Cevap"},"content":{"rendered":"<p>Asl\u0131nda \u2018ebeveynlik\u2019 bir\u00e7ok anne-baba taraf\u0131ndan e\u011flenceli bir deneyim olarak g\u00f6r\u00fclmektedir. Ancak anne ve baba olmak keyif vermenin yan\u0131nda zorunlu rolleri de gerektirmektedir. \u00c7evremizde de g\u00f6zlemleyebildi\u011fimiz gibi baz\u0131 ebeveynler \u00e7ocuklu hayata \u00e7abucak uyum sa\u011flarken baz\u0131 ebeveynler s\u0131k\u0131nt\u0131lar \u00e7ekebilmektedir. Bu zorluklar\u0131n nedenlerine bakt\u0131\u011f\u0131m\u0131zda ki\u015filerin rollerini nas\u0131l alg\u0131lad\u0131klar\u0131n\u0131n \u00f6nemi ortaya \u00e7\u0131kmaktad\u0131r. Bu kitap, ya\u015fam\u0131n sihirli y\u0131llar\u0131 olarak bilinen okul \u00f6ncesi d\u00f6nem \u00e7ocuklar\u0131n\u0131n ebeveynleri i\u00e7in g\u00fcndelik ya\u015fant\u0131lar\u0131nda kar\u015f\u0131la\u015fma olas\u0131l\u0131klar\u0131 \u00e7ok y\u00fcksek sorular\u0131na \u00e7\u00f6z\u00fcm \u00f6nerileri sunarak, anneli\u011fin ve babal\u0131\u011f\u0131n keyifle devam ettirilmesi; sa\u011flam ve g\u00fcvenli ili\u015fki \u00f6r\u00fcnt\u00fclerinin kurulmas\u0131 i\u00e7in haz\u0131rlanm\u0131\u015f bir kaynakt\u0131r. Keyifle okunmas\u0131n\u0131 dilerim.-G\u00fcl\u00e7in Karadeniz (Maltepe \u00dcniversitesi Psikoloji B\u00f6l\u00fcm\u00fc \u00d6\u011fretim Eleman\u0131)Kitap, anne-babalar\u0131n \u00e7ocuklar\u0131yla birlikte \u00e7\u0131kt\u0131klar\u0131 hayat yolculu\u011funda inan\u0131lmaz bir pusula niteli\u011fi ta\u015f\u0131makta. Kitapta ele al\u0131nan ba\u015fl\u0131klar ger\u00e7ekten anne-babalar\u0131n \u00e7ocuklar\u0131n\u0131 b\u00fcy\u00fct\u00fcrken kar\u015f\u0131la\u015fabilece\u011fi t\u00fcm zorluklar\u0131 kapsamakta ve bu da Ebru Zorlutuna\u2019n\u0131n mesle\u011findeki tecr\u00fcbesini muhte\u015fem ba\u015far\u0131l\u0131 \u015fekilde aktard\u0131\u011f\u0131n\u0131 g\u00f6steriyor. Kitab\u0131n anne-babalar i\u00e7in ba\u015fucu kitab\u0131 olaca\u011f\u0131na inanc\u0131m sonsuz. Yazmaya, \u00e7izmeye, anlamaya, anlatmaya devam etmesi dileklerimle\u2026. Yolu a\u00e7\u0131k; bu yolda bilim, \u0131\u015f\u0131\u011f\u0131 olsun\u2026.Dr. G\u00fcl\u00e7in G\u00fcven (Marmara \u00dcniversitesi Temel E\u011fitim B\u00f6l\u00fcm\u00fc Okul \u00d6ncesi \u00d6\u011fretmenli\u011fi AbD.)S\u00fcr\u00fckleyici ve pratik bir dille yaz\u0131lm\u0131\u015f bu kitap, \u00e7ocuklar\u0131m\u0131z\u0131n geli\u015fimini y\u00f6nlendirirken sordu\u011fumuz pek \u00e7ok soruyu ve \u00e7\u00f6z\u00fcm \u00f6nerisini bir araya getiren bir ba\u015fucu kitab\u0131.Dr. G\u00fcldem \u00d6za\u011fatan (\u015eehir Planlay\u0131c\u0131s\u0131, Anne)<\/p>\n","protected":false},"excerpt":{"rendered":"<p>Asl\u0131nda \u2018ebeveynlik\u2019 bir\u00e7ok anne-baba taraf\u0131ndan e\u011flenceli bir deneyim olarak g\u00f6r\u00fclmektedir. Ancak anne ve baba olmak keyif vermenin yan\u0131nda zorunlu rolleri de gerektirmektedir. \u00c7evremizde de g\u00f6zlemleyebildi\u011fimiz gibi<span class=\"excerpt-hellip\"> [\u2026]<\/span><\/p>\n","protected":false},"featured_media":0,"template":"","meta":{"_monsterinsights_skip_tracking":false,"_monsterinsights_sitenote_active":false,"_monsterinsights_sitenote_note":"","_monsterinsights_sitenote_category":0},"product_brand":[],"product_cat":[12831,12324],"product_tag":[],"class_list":{"0":"post-714499","1":"product","2":"type-product","3":"status-publish","5":"product_cat-aile-ve-cocuk","6":"product_cat-sosyoloji","7":"pa_cilt-ciltsiz","8":"pa_tur-kitap","9":"pa_yayinevi-sola-unitas","10":"pa_yazar-ebru-zorlutuna","12":"first","13":"instock","14":"sale","15":"shipping-taxable","16":"purchasable","17":"product-type-simple"},"_links":{"self":[{"href":"https:\/\/roveyayinevi.com.tr\/index.php\/wp-json\/wp\/v2\/product\/714499","targetHints":{"allow":["GET"]}}],"collection":[{"href":"https:\/\/roveyayinevi.com.tr\/index.php\/wp-json\/wp\/v2\/product"}],"about":[{"href":"https:\/\/roveyayinevi.com.tr\/index.php\/wp-json\/wp\/v2\/types\/product"}],"wp:attachment":[{"href":"https:\/\/roveyayinevi.com.tr\/index.php\/wp-json\/wp\/v2\/media?parent=714499"}],"wp:term":[{"taxonomy":"product_brand","embeddable":true,"href":"https:\/\/roveyayinevi.com.tr\/index.php\/wp-json\/wp\/v2\/product_brand?post=714499"},{"taxonomy":"product_cat","embeddable":true,"href":"https:\/\/roveyayinevi.com.tr\/index.php\/wp-json\/wp\/v2\/product_cat?post=714499"},{"taxonomy":"product_tag","embeddable":true,"href":"https:\/\/roveyayinevi.com.tr\/index.php\/wp-json\/wp\/v2\/product_tag?post=714499"}],"curies":[{"name":"wp","href":"https:\/\/api.w.org\/{rel}","templated":true}]}}