{"id":714498,"date":"2025-08-27T17:19:08","date_gmt":"2025-08-27T14:19:08","guid":{"rendered":"https:\/\/roveyayinevi.com.tr\/index.php\/urun\/cocuklar-icin-otokontrol\/"},"modified":"2026-04-16T02:22:51","modified_gmt":"2026-04-15T23:22:51","slug":"cocuklar-icin-otokontrol","status":"publish","type":"product","link":"https:\/\/roveyayinevi.com.tr\/index.php\/urun\/cocuklar-icin-otokontrol\/","title":{"rendered":"\u00c7ocuklar \u0130\u00e7in Otokontrol"},"content":{"rendered":"<p>Bu resimli kitap; 3-12 ya\u015f aral\u0131\u011f\u0131ndaki \u00e7ocuklara kendilerine masaj yapma, hayali bir liste yaratma, nefes egzersizleri yaparak gev\u015feme ve kendi huzurlu yerlerini bulma gibi tekniklerle nas\u0131l sakinle\u015febilecekleri konusunda duygusal ve duyusal d\u00fczenleme y\u00f6ntemlerini \u00f6\u011fretiyor. Ayr\u0131ca kitapta ebeveynlerin, \u00f6\u011fretmenlerin, \u00e7ocuklarla ilgilenen di\u011fer profesyonellerin kullanabilecekleri ve \u00e7ocuklar\u0131 s\u00fcper kahraman metaforlar\u0131n\u0131 kullanan stratejilerle destekleyebilecekleri s\u00fcper g\u00fc\u00e7 \u00e7izelgeleri, g\u00fc\u00e7lendiriciler, hat\u0131rlatma ara\u00e7lar\u0131 i\u00e7eren \u00e7ok faydal\u0131 bir ek yer al\u0131yor.   Kitab\u0131n i\u00e7erisinde yer alan tekniklerin ve ara\u00e7lar\u0131n etkileri sizi \u00e7ok \u015fa\u015f\u0131rtacak. <\/p>\n","protected":false},"excerpt":{"rendered":"<p>Bu resimli kitap; 3-12 ya\u015f aral\u0131\u011f\u0131ndaki \u00e7ocuklara kendilerine masaj yapma, hayali bir liste yaratma, nefes egzersizleri yaparak gev\u015feme ve kendi huzurlu yerlerini bulma gibi tekniklerle nas\u0131l<span class=\"excerpt-hellip\"> [\u2026]<\/span><\/p>\n","protected":false},"featured_media":0,"template":"","meta":{"_monsterinsights_skip_tracking":false,"_monsterinsights_sitenote_active":false,"_monsterinsights_sitenote_note":"","_monsterinsights_sitenote_category":0},"product_brand":[],"product_cat":[12831,12324],"product_tag":[],"class_list":{"0":"post-714498","1":"product","2":"type-product","3":"status-publish","5":"product_cat-aile-ve-cocuk","6":"product_cat-sosyoloji","7":"pa_cilt-ciltsiz","8":"pa_tur-kitap","9":"pa_yayinevi-sola-kidz","10":"pa_yazar-lauren-brukner","12":"first","13":"instock","14":"sale","15":"shipping-taxable","16":"purchasable","17":"product-type-simple"},"_links":{"self":[{"href":"https:\/\/roveyayinevi.com.tr\/index.php\/wp-json\/wp\/v2\/product\/714498","targetHints":{"allow":["GET"]}}],"collection":[{"href":"https:\/\/roveyayinevi.com.tr\/index.php\/wp-json\/wp\/v2\/product"}],"about":[{"href":"https:\/\/roveyayinevi.com.tr\/index.php\/wp-json\/wp\/v2\/types\/product"}],"wp:attachment":[{"href":"https:\/\/roveyayinevi.com.tr\/index.php\/wp-json\/wp\/v2\/media?parent=714498"}],"wp:term":[{"taxonomy":"product_brand","embeddable":true,"href":"https:\/\/roveyayinevi.com.tr\/index.php\/wp-json\/wp\/v2\/product_brand?post=714498"},{"taxonomy":"product_cat","embeddable":true,"href":"https:\/\/roveyayinevi.com.tr\/index.php\/wp-json\/wp\/v2\/product_cat?post=714498"},{"taxonomy":"product_tag","embeddable":true,"href":"https:\/\/roveyayinevi.com.tr\/index.php\/wp-json\/wp\/v2\/product_tag?post=714498"}],"curies":[{"name":"wp","href":"https:\/\/api.w.org\/{rel}","templated":true}]}}