{"id":714497,"date":"2025-08-27T17:19:08","date_gmt":"2025-08-27T14:19:08","guid":{"rendered":"https:\/\/roveyayinevi.com.tr\/index.php\/urun\/reddedilemez-evrim-ve-yaratilis-evrimi\/"},"modified":"2026-04-16T02:22:51","modified_gmt":"2026-04-15T23:22:51","slug":"reddedilemez-evrim-ve-yaratilis-evrimi","status":"publish","type":"product","link":"https:\/\/roveyayinevi.com.tr\/index.php\/urun\/reddedilemez-evrim-ve-yaratilis-evrimi\/","title":{"rendered":"Reddedilemez Evrim ve Yarat\u0131l\u0131\u015f Evrimi"},"content":{"rendered":"<p>\u201cEvrim, insano\u011flunun buldu\u011fu en mant\u0131kl\u0131 yarat\u0131l\u0131\u015f hik\u00e2yesidir.\u201d\u201cBu kitab\u0131 okuduktan sonra umar\u0131m evrenle ilgili daha derin bir \u00f6ng\u00f6r\u00fc kazanacak ve kendi yerinizi daha kolay belirleyebileceksiniz. Bizler, milyarlarca y\u0131ll\u0131k kozmik olaylar neticesinde ortaya \u00e7\u0131kan ya\u015fan\u0131labilir gezegenin birer \u00fcr\u00fcn\u00fcy\u00fcz. Hepimiz ayn\u0131 evrimsel s\u00fcrecin \u00fcr\u00fcnleriyiz.\u201dB\u0130LL NYED\u00fcnyadaki t\u00fcm ya\u015fam\u0131 tan\u0131mlayabilecek evrim, bilim tarihinde geli\u015ftirilen en g\u00fc\u00e7l\u00fc ve en \u00f6nemli fikirlerden biridir. T\u00fcrlerin birbirleriyle yar\u0131\u015f h\u00e2linde oldu\u011fu herhangi bir sistem, v\u00fccudumuzdaki mikroplar, bir ya\u011fmur orman\u0131ndaki a\u011fa\u00e7lar, k\u00f6pe\u011finizin sevecen bir \u015fekilde kuca\u011f\u0131n\u0131za atlamas\u0131, bir sine\u011fin k\u0131zg\u0131n bir \u015fekilde sizi \u0131s\u0131rmas\u0131, her y\u0131l yakaland\u0131\u011f\u0131n\u0131z grip, insanlar\u0131n pahal\u0131 saatler, k\u0131yafetler, spor arabalar almas\u0131 ve partnerlerini aldatmas\u0131\u2026 Bunlar\u0131n hepsi evrimle tan\u0131mlanabilir.Hayat\u0131n\u0131, bilimi insanlara anla\u015f\u0131labilir bir \u015fekilde izah etmeye adam\u0131\u015f Amerikal\u0131 \u00fcnl\u00fc bilim insan\u0131 Bill Nye, bu kitab\u0131nda size evrim teorisini, bilimin t\u00fcm t\u00fcrlerinden \u00f6rneklerle, bu zamana kadar anlat\u0131lm\u0131\u015f t\u00fcm kitaplardan daha net ve keyifli bir \u015fekilde anlat\u0131yor. <\/p>\n","protected":false},"excerpt":{"rendered":"<p>\u201cEvrim, insano\u011flunun buldu\u011fu en mant\u0131kl\u0131 yarat\u0131l\u0131\u015f hik\u00e2yesidir.\u201d\u201cBu kitab\u0131 okuduktan sonra umar\u0131m evrenle ilgili daha derin bir \u00f6ng\u00f6r\u00fc kazanacak ve kendi yerinizi daha kolay belirleyebileceksiniz. Bizler, milyarlarca<span class=\"excerpt-hellip\"> [\u2026]<\/span><\/p>\n","protected":false},"featured_media":0,"template":"","meta":{"_monsterinsights_skip_tracking":false,"_monsterinsights_sitenote_active":false,"_monsterinsights_sitenote_note":"","_monsterinsights_sitenote_category":0},"product_brand":[],"product_cat":[13005,13006],"product_tag":[],"class_list":{"0":"post-714497","1":"product","2":"type-product","3":"status-publish","5":"product_cat-bilim-muhendislik","6":"product_cat-populer-bilim","7":"pa_cilt-ciltsiz","8":"pa_tur-kitap","9":"pa_yayinevi-geoturka-yayinevi","10":"pa_yazar-bill-nye","12":"first","13":"instock","14":"sale","15":"shipping-taxable","16":"purchasable","17":"product-type-simple"},"_links":{"self":[{"href":"https:\/\/roveyayinevi.com.tr\/index.php\/wp-json\/wp\/v2\/product\/714497","targetHints":{"allow":["GET"]}}],"collection":[{"href":"https:\/\/roveyayinevi.com.tr\/index.php\/wp-json\/wp\/v2\/product"}],"about":[{"href":"https:\/\/roveyayinevi.com.tr\/index.php\/wp-json\/wp\/v2\/types\/product"}],"wp:attachment":[{"href":"https:\/\/roveyayinevi.com.tr\/index.php\/wp-json\/wp\/v2\/media?parent=714497"}],"wp:term":[{"taxonomy":"product_brand","embeddable":true,"href":"https:\/\/roveyayinevi.com.tr\/index.php\/wp-json\/wp\/v2\/product_brand?post=714497"},{"taxonomy":"product_cat","embeddable":true,"href":"https:\/\/roveyayinevi.com.tr\/index.php\/wp-json\/wp\/v2\/product_cat?post=714497"},{"taxonomy":"product_tag","embeddable":true,"href":"https:\/\/roveyayinevi.com.tr\/index.php\/wp-json\/wp\/v2\/product_tag?post=714497"}],"curies":[{"name":"wp","href":"https:\/\/api.w.org\/{rel}","templated":true}]}}