{"id":714494,"date":"2025-08-27T17:19:06","date_gmt":"2025-08-27T14:19:06","guid":{"rendered":"https:\/\/roveyayinevi.com.tr\/index.php\/urun\/susma\/"},"modified":"2026-04-16T02:22:51","modified_gmt":"2026-04-15T23:22:51","slug":"susma","status":"publish","type":"product","link":"https:\/\/roveyayinevi.com.tr\/index.php\/urun\/susma\/","title":{"rendered":"Susma!"},"content":{"rendered":"<p>Gazetecilik dedi\u011fin, direksiyonda oturmak gibidir asl\u0131nda&#8230;Y\u00fcz\u00fcn \u00f6ne d\u00f6n\u00fckken, arada bir dikiz aynas\u0131na bakarak yol almakt\u0131r.\u0130leriye giderken, geride olan biteni unutmamakt\u0131r.Kitab\u0131n i\u00e7eri\u011fine dair ilk sat\u0131rlar\u0131n\u0131 okumaya ba\u015flad\u0131m, ba\u015f\u0131m\u0131 kald\u0131rd\u0131\u011f\u0131mda bitmi\u015fti!Nefis bir anlat\u0131m, keyifli bir yolculu\u011fa davet bu.- Y\u0131lmaz \u00d6zdil\u201cHer anlat\u0131landa eksik kalabilir ama ya\u015fanansa asla\u201d diyenler, kitaba g\u00f6z izi b\u0131rakt\u0131\u011f\u0131nda, kelimeler \u00f6ylesine se\u00e7ilmi\u015f olur ki, okurken adeta bir film seyrediyor gibi ya\u015fat\u0131r insan\u0131&#8230; Andre Gide; \u201cA\u00e7\u0131lmam\u0131\u015f kanatlar\u0131n b\u00fcy\u00fckl\u00fc\u011f\u00fc bilinmez\u201d diyor.Okudu\u011funuzda b\u00fcy\u00fckl\u00fc\u011f\u00fcn\u00fc bilecek ve bana hak vereceksiniz&#8230;- Eengin K\u00f6kl\u00fc\u00e7\u0131nar\u00c7o\u011funu, bir solukta yazd\u0131m, dingince&#8230;Duygu, d\u00fc\u015f\u00fcnce, tutku, inan\u00e7, gezi, arkada\u015fl\u0131k, aile, yaln\u0131zl\u0131k, yakar\u0131\u015f, ahlak, adalet&#8230;Savrulanlar\u0131 harmanlay\u0131p anlam da y\u00fckledim bazen,  biraz n\u00fckteyle mizah aras\u0131&#8230;Ne siyasi olmakt\u0131 ama\u00e7, ne bilimsel, ne edebi&#8230;\u2018Asil\u2019 mesele insani durabilmekti.Hepsi kendi fikri, kendi d\u00fc\u015f\u00fcncesi,Biraz da d\u00fc\u015f\u00fcnd\u00fcresi&#8230;Canl\u0131 dokusu, ya\u015fayan konusu, y\u0131llar\u0131n d\u00f6ng\u00fcs\u00fc asl\u0131nda.Baz\u0131lar\u0131 talihsiz, zamans\u0131z&#8230;Kendi etraf\u0131mda d\u00f6nerek yaratt\u0131\u011f\u0131m r\u00fczg\u00e2rla,Tam ortas\u0131nda durarak d\u00fcnyam\u0131n&#8230; ?\u0130nanmayan \u00f6l\u00e7s\u00fcn&#8230;- Metin K\u00f6kl\u00fc\u00e7\u0131nar<\/p>\n","protected":false},"excerpt":{"rendered":"<p>Gazetecilik dedi\u011fin, direksiyonda oturmak gibidir asl\u0131nda&#8230;Y\u00fcz\u00fcn \u00f6ne d\u00f6n\u00fckken, arada bir dikiz aynas\u0131na bakarak yol almakt\u0131r.\u0130leriye giderken, geride olan biteni unutmamakt\u0131r.Kitab\u0131n i\u00e7eri\u011fine dair ilk sat\u0131rlar\u0131n\u0131 okumaya ba\u015flad\u0131m,<span class=\"excerpt-hellip\"> [\u2026]<\/span><\/p>\n","protected":false},"featured_media":0,"template":"","meta":{"_monsterinsights_skip_tracking":false,"_monsterinsights_sitenote_active":false,"_monsterinsights_sitenote_note":"","_monsterinsights_sitenote_category":0},"product_brand":[],"product_cat":[31194,12337],"product_tag":[],"class_list":{"0":"post-714494","1":"product","2":"type-product","3":"status-publish","5":"product_cat-guncel-siyaset","6":"product_cat-politika-siyaset","7":"pa_cilt-ciltsiz","8":"pa_tur-kitap","9":"pa_yayinevi-halk-kitabevi","10":"pa_yazar-metin-koklucinar","12":"first","13":"instock","14":"sale","15":"shipping-taxable","16":"purchasable","17":"product-type-simple"},"_links":{"self":[{"href":"https:\/\/roveyayinevi.com.tr\/index.php\/wp-json\/wp\/v2\/product\/714494","targetHints":{"allow":["GET"]}}],"collection":[{"href":"https:\/\/roveyayinevi.com.tr\/index.php\/wp-json\/wp\/v2\/product"}],"about":[{"href":"https:\/\/roveyayinevi.com.tr\/index.php\/wp-json\/wp\/v2\/types\/product"}],"wp:attachment":[{"href":"https:\/\/roveyayinevi.com.tr\/index.php\/wp-json\/wp\/v2\/media?parent=714494"}],"wp:term":[{"taxonomy":"product_brand","embeddable":true,"href":"https:\/\/roveyayinevi.com.tr\/index.php\/wp-json\/wp\/v2\/product_brand?post=714494"},{"taxonomy":"product_cat","embeddable":true,"href":"https:\/\/roveyayinevi.com.tr\/index.php\/wp-json\/wp\/v2\/product_cat?post=714494"},{"taxonomy":"product_tag","embeddable":true,"href":"https:\/\/roveyayinevi.com.tr\/index.php\/wp-json\/wp\/v2\/product_tag?post=714494"}],"curies":[{"name":"wp","href":"https:\/\/api.w.org\/{rel}","templated":true}]}}