{"id":714493,"date":"2025-08-27T17:19:06","date_gmt":"2025-08-27T14:19:06","guid":{"rendered":"https:\/\/roveyayinevi.com.tr\/index.php\/urun\/anyesin-sakarliklari\/"},"modified":"2026-04-16T02:22:51","modified_gmt":"2026-04-15T23:22:51","slug":"anyesin-sakarliklari","status":"publish","type":"product","link":"https:\/\/roveyayinevi.com.tr\/index.php\/urun\/anyesin-sakarliklari\/","title":{"rendered":"Anyes\u2019in Sakarl\u0131klar\u0131"},"content":{"rendered":"<p>Geli\u015fimsel koordinasyon bozuklu\u011fu \u00fczerine bir hik\u00e2ye Anyes beceriksiz bir \u00e7ocuk. 8 ya\u015f\u0131nda olmas\u0131na ra\u011fmen \u00fczerine d\u00f6kmeden yemek yiyemiyor\u2026 \u0130\u015fler okulda da yolunda de\u011fil: \u00d6devlerini yapamad\u0131\u011f\u0131 gibi, s\u0131n\u0131f\u0131ndan kimse oyun oynarken onu kendi tak\u0131m\u0131nda g\u00f6rmek istemiyor. Herkes onun tembel ve sakar oldu\u011funu d\u00fc\u015f\u00fcn\u00fcyor. Ta ki dispraksi tan\u0131s\u0131 konana kadar\u2026 Anyes sonunda, bir uzman\u0131n da yard\u0131m\u0131yla, g\u00fcndelik ya\u015fam\u0131n zorluklar\u0131yla daha iyi m\u00fccadele edebilmek i\u00e7in stratejiler geli\u015ftirmeyi \u00f6\u011freniyor. Ger\u00e7ek hayattan hik\u00e2yeler Yeti\u015fkinler i\u00e7in bile yeni bir ba\u015flang\u0131\u00e7 tedirgin edici olabilirken, \u00e7ocuklar i\u00e7in neden olmas\u0131n? Yeni bir karde\u015f, yeni bir okul, beklenmedik bir geli\u015fme ya da ba\u015f etmek zorunda kald\u0131\u011f\u0131m\u0131z heyecanlar, korkular, tak\u0131nt\u0131lar, duygular&#8230; \u201cGer\u00e7ek hayattan hik\u00e2yeler\u201d dizisi, farkl\u0131 duygu ve durumlara odaklan\u0131yor. \u00c7ocuklara, ya\u015fad\u0131klar\u0131 sorunlar kar\u015f\u0131s\u0131nda yeni pencereler a\u00e7abilecek resimli hik\u00e2yelere yer verilmesinin yan\u0131 s\u0131ra ebeveynlere ve e\u011fitimcilere y\u00f6nelik bilgilendirici bir b\u00f6l\u00fcm de bulunuyor. <\/p>\n","protected":false},"excerpt":{"rendered":"<p>Geli\u015fimsel koordinasyon bozuklu\u011fu \u00fczerine bir hik\u00e2ye Anyes beceriksiz bir \u00e7ocuk. 8 ya\u015f\u0131nda olmas\u0131na ra\u011fmen \u00fczerine d\u00f6kmeden yemek yiyemiyor\u2026 \u0130\u015fler okulda da yolunda de\u011fil: \u00d6devlerini yapamad\u0131\u011f\u0131 gibi,<span class=\"excerpt-hellip\"> [\u2026]<\/span><\/p>\n","protected":false},"featured_media":0,"template":"","meta":{"_monsterinsights_skip_tracking":false,"_monsterinsights_sitenote_active":false,"_monsterinsights_sitenote_note":"","_monsterinsights_sitenote_category":0},"product_brand":[],"product_cat":[12274,12284],"product_tag":[],"class_list":{"0":"post-714493","1":"product","2":"type-product","3":"status-publish","5":"product_cat-cocuk-ve-genclik-kitaplari","6":"product_cat-hikayeler","7":"pa_cilt-ciltsiz","8":"pa_tur-kitap","9":"pa_yayinevi-yapi-kredi-yayinlari","10":"pa_yazar-emmanuelle-jasmin","12":"first","13":"instock","14":"sale","15":"shipping-taxable","16":"purchasable","17":"product-type-simple"},"_links":{"self":[{"href":"https:\/\/roveyayinevi.com.tr\/index.php\/wp-json\/wp\/v2\/product\/714493","targetHints":{"allow":["GET"]}}],"collection":[{"href":"https:\/\/roveyayinevi.com.tr\/index.php\/wp-json\/wp\/v2\/product"}],"about":[{"href":"https:\/\/roveyayinevi.com.tr\/index.php\/wp-json\/wp\/v2\/types\/product"}],"wp:attachment":[{"href":"https:\/\/roveyayinevi.com.tr\/index.php\/wp-json\/wp\/v2\/media?parent=714493"}],"wp:term":[{"taxonomy":"product_brand","embeddable":true,"href":"https:\/\/roveyayinevi.com.tr\/index.php\/wp-json\/wp\/v2\/product_brand?post=714493"},{"taxonomy":"product_cat","embeddable":true,"href":"https:\/\/roveyayinevi.com.tr\/index.php\/wp-json\/wp\/v2\/product_cat?post=714493"},{"taxonomy":"product_tag","embeddable":true,"href":"https:\/\/roveyayinevi.com.tr\/index.php\/wp-json\/wp\/v2\/product_tag?post=714493"}],"curies":[{"name":"wp","href":"https:\/\/api.w.org\/{rel}","templated":true}]}}