{"id":714492,"date":"2025-08-27T17:19:05","date_gmt":"2025-08-27T14:19:05","guid":{"rendered":"https:\/\/roveyayinevi.com.tr\/index.php\/urun\/hania-1-isik-sovalyesi\/"},"modified":"2026-04-16T02:22:51","modified_gmt":"2026-04-15T23:22:51","slug":"hania-1-isik-sovalyesi","status":"publish","type":"product","link":"https:\/\/roveyayinevi.com.tr\/index.php\/urun\/hania-1-isik-sovalyesi\/","title":{"rendered":"Hania 1 \u2013 I\u015f\u0131k \u015e\u00f6valyesi"},"content":{"rendered":"<p>\u0130nsanl\u0131k Onuru D\u00fcnyay\u0131 Kurtaracak m\u0131? Yedi Tepe Krall\u0131\u011f\u0131\u2019n\u0131n Prensesi Haxen, Karanl\u0131k Efendi\u2019nin insanl\u0131\u011f\u0131n sonunu getirecek bir \u00e7ocuk yaratmak \u00fczere se\u00e7ti\u011fi ki\u015fidir. Prensesin bu hamilelikten sonradan haberi olur.Haxen \u00e7ocu\u011fu \u00f6ld\u00fcrmek zorunda olmas\u0131na ra\u011fmen asl\u0131nda bir k\u0131z oldu\u011funu anlay\u0131nca \u00f6ld\u00fcrmek istemez. Prenses onu insanlar\u0131n intikam duygular\u0131ndan koruyacak ve uzaklara, \u00e7\u00f6le g\u00f6t\u00fcrerek insanlar\u0131 da onun karanl\u0131k g\u00fcc\u00fcnden koruyacakt\u0131r. Daha Haxen\u2019in karn\u0131ndayken her \u015feyi bilmekte, g\u00f6rmektedir. Hania ismini verece\u011fi \u00e7ocuk son derece zeki, son derece k\u00f6t\u00fc ve dilsizdir. \u0130ki ka\u00e7a\u011f\u0131n yolculu\u011fu her ge\u00e7en g\u00fcn daha zorlu olur ama annenin cesareti ve k\u00fc\u00e7\u00fck k\u0131z\u0131n g\u00fcnbeg\u00fcn artan g\u00fc\u00e7leri onlara bu zorluklarla ba\u015fa \u00e7\u0131kmada yard\u0131mc\u0131 olur. Karanl\u0131k Efendi sessizce tuzaklar\u0131n\u0131 kurarken, anne k\u0131z yolculuk s\u0131ras\u0131nda gizlice onlar\u0131 izlemekte olan bir sava\u015f\u00e7\u0131yla kar\u015f\u0131la\u015f\u0131r. Kimdir bu? Onlara yard\u0131m etmek isteyen biri mi yoksa karanl\u0131klar\u0131n temsilcisi mi? TADIMLIK Hania uzun ad\u0131mlarla ilerledi. Annesi ile Karanl\u0131k Efendi\u2019nin aras\u0131na girdi. \u0130blis, \u201cKutsal Su \u00e7emberinden nas\u0131l \u00e7\u0131kt\u0131n?\u201d diye sordu. Nas\u0131l ba\u015farm\u0131\u015ft\u0131? \u00d6fke? Haxen\u2019in \u00f6ld\u00fcr\u00fclmesini istememe? Belki de a\u015fa\u011f\u0131lama. Ger\u00e7ekte oradan \u00e7\u0131kan kendisi de\u011fildi, \u00e7\u00f6z\u00fcl\u00fcp giden kafesti. Bunu anlamal\u0131 ve ak\u0131ll\u0131 bir cevap, onu y\u0131kacak bir \u015feyler bulmal\u0131yd\u0131. Ger\u00e7ek \u00e7\u0131kageldi, art\u0131k d\u00fcellosu ba\u015flayabilirdi. Hania kollar\u0131n\u0131 uzatt\u0131. \u00c7ok normal bir \u015feyi kafas\u0131z birine a\u00e7\u0131klamaya \u00e7al\u0131\u015fan \u00e7ok s\u0131k\u0131lm\u0131\u015f ve sakin bir ses tonu vard\u0131. Yava\u015f yava\u015f ve kelimeleri se\u00e7e se\u00e7e konu\u015fmay\u0131 da unutmad\u0131. Haxen\u2019i i\u015faret ederek, \u201cBen onun k\u0131z\u0131y\u0131m\u201d dedi. \u201c\u0130nsanlar se\u00e7ebilir. Biz insanlar se\u00e7ebiliriz. Yapmay\u0131 ya da yapmamay\u0131 se\u00e7ebiliriz. Benim bir iblis olmakla, ki Kutsal Su beni engelliyor, olmamak aras\u0131nda yapaca\u011f\u0131m bir se\u00e7im var. E\u011fer olmamay\u0131 se\u00e7ersem \u00f6zg\u00fcr\u00fcm. Aptal olmayan herkes i\u00e7in bellidir bu.\u201d <\/p>\n","protected":false},"excerpt":{"rendered":"<p>\u0130nsanl\u0131k Onuru D\u00fcnyay\u0131 Kurtaracak m\u0131? Yedi Tepe Krall\u0131\u011f\u0131\u2019n\u0131n Prensesi Haxen, Karanl\u0131k Efendi\u2019nin insanl\u0131\u011f\u0131n sonunu getirecek bir \u00e7ocuk yaratmak \u00fczere se\u00e7ti\u011fi ki\u015fidir. Prensesin bu hamilelikten sonradan haberi<span class=\"excerpt-hellip\"> [\u2026]<\/span><\/p>\n","protected":false},"featured_media":0,"template":"","meta":{"_monsterinsights_skip_tracking":false,"_monsterinsights_sitenote_active":false,"_monsterinsights_sitenote_note":"","_monsterinsights_sitenote_category":0},"product_brand":[],"product_cat":[12274,12284],"product_tag":[],"class_list":{"0":"post-714492","1":"product","2":"type-product","3":"status-publish","5":"product_cat-cocuk-ve-genclik-kitaplari","6":"product_cat-hikayeler","7":"pa_cilt-ciltsiz","8":"pa_tur-kitap","9":"pa_yayinevi-yapi-kredi-yayinlari","10":"pa_yazar-silvana-de-mari","12":"first","13":"instock","14":"sale","15":"shipping-taxable","16":"purchasable","17":"product-type-simple"},"_links":{"self":[{"href":"https:\/\/roveyayinevi.com.tr\/index.php\/wp-json\/wp\/v2\/product\/714492","targetHints":{"allow":["GET"]}}],"collection":[{"href":"https:\/\/roveyayinevi.com.tr\/index.php\/wp-json\/wp\/v2\/product"}],"about":[{"href":"https:\/\/roveyayinevi.com.tr\/index.php\/wp-json\/wp\/v2\/types\/product"}],"wp:attachment":[{"href":"https:\/\/roveyayinevi.com.tr\/index.php\/wp-json\/wp\/v2\/media?parent=714492"}],"wp:term":[{"taxonomy":"product_brand","embeddable":true,"href":"https:\/\/roveyayinevi.com.tr\/index.php\/wp-json\/wp\/v2\/product_brand?post=714492"},{"taxonomy":"product_cat","embeddable":true,"href":"https:\/\/roveyayinevi.com.tr\/index.php\/wp-json\/wp\/v2\/product_cat?post=714492"},{"taxonomy":"product_tag","embeddable":true,"href":"https:\/\/roveyayinevi.com.tr\/index.php\/wp-json\/wp\/v2\/product_tag?post=714492"}],"curies":[{"name":"wp","href":"https:\/\/api.w.org\/{rel}","templated":true}]}}