{"id":714490,"date":"2025-08-27T17:19:04","date_gmt":"2025-08-27T14:19:04","guid":{"rendered":"https:\/\/roveyayinevi.com.tr\/index.php\/urun\/cervantesten-iki-oyku\/"},"modified":"2026-04-16T02:22:51","modified_gmt":"2026-04-15T23:22:51","slug":"cervantesten-iki-oyku","status":"publish","type":"product","link":"https:\/\/roveyayinevi.com.tr\/index.php\/urun\/cervantesten-iki-oyku\/","title":{"rendered":"Cervantes\u2019ten \u0130ki \u00d6yk\u00fc"},"content":{"rendered":"<p>Modern Avrupa edebiyat\u0131n\u0131n ilk roman\u0131 olarak kabul edilen Don Ki\u015fot\u2019un da yazar\u0131 olan \u00fcnl\u00fc \u0130spanyol romanc\u0131, \u015fair ve oyun yazar\u0131 Cervantes, edebiyat hayat\u0131na gen\u00e7 bir ya\u015fta ba\u015flam\u0131\u015f ve k\u0131sa zamanda tan\u0131nm\u0131\u015ft\u0131r. T\u00fcrl\u00fc zorluklar i\u00e7erisinde ge\u00e7en bir hayat\u0131n ard\u0131ndan, yazd\u0131\u011f\u0131 eserler Cervantes\u2019i d\u00fcnyan\u0131n en \u00e7ok bilinen ve eserleri en \u00e7ok okunan yazarlar\u0131ndan biri h\u00e2line getirmi\u015ftir. K\u0131sa roman t\u00fcr\u00fcn\u00fcn ilk \u00f6rneklerinden say\u0131lan bu iki \u00f6yk\u00fc, Cervantes\u2019in ya\u015fad\u0131\u011f\u0131 d\u00f6neme ayna tutup bizi o g\u00fcnlere g\u00f6t\u00fcr\u00fcyor.<\/p>\n","protected":false},"excerpt":{"rendered":"<p>Modern Avrupa edebiyat\u0131n\u0131n ilk roman\u0131 olarak kabul edilen Don Ki\u015fot\u2019un da yazar\u0131 olan \u00fcnl\u00fc \u0130spanyol romanc\u0131, \u015fair ve oyun yazar\u0131 Cervantes, edebiyat hayat\u0131na gen\u00e7 bir ya\u015fta<span class=\"excerpt-hellip\"> [\u2026]<\/span><\/p>\n","protected":false},"featured_media":0,"template":"","meta":{"_monsterinsights_skip_tracking":false,"_monsterinsights_sitenote_active":false,"_monsterinsights_sitenote_note":"","_monsterinsights_sitenote_category":0},"product_brand":[],"product_cat":[12274,12284],"product_tag":[],"class_list":{"0":"post-714490","1":"product","2":"type-product","3":"status-publish","5":"product_cat-cocuk-ve-genclik-kitaplari","6":"product_cat-hikayeler","7":"pa_cilt-ciltsiz","8":"pa_tur-kitap","9":"pa_yayinevi-arkadas-yayinlari","10":"pa_yazar-miguel-de-cervantes","12":"first","13":"instock","14":"sale","15":"shipping-taxable","16":"purchasable","17":"product-type-simple"},"_links":{"self":[{"href":"https:\/\/roveyayinevi.com.tr\/index.php\/wp-json\/wp\/v2\/product\/714490","targetHints":{"allow":["GET"]}}],"collection":[{"href":"https:\/\/roveyayinevi.com.tr\/index.php\/wp-json\/wp\/v2\/product"}],"about":[{"href":"https:\/\/roveyayinevi.com.tr\/index.php\/wp-json\/wp\/v2\/types\/product"}],"wp:attachment":[{"href":"https:\/\/roveyayinevi.com.tr\/index.php\/wp-json\/wp\/v2\/media?parent=714490"}],"wp:term":[{"taxonomy":"product_brand","embeddable":true,"href":"https:\/\/roveyayinevi.com.tr\/index.php\/wp-json\/wp\/v2\/product_brand?post=714490"},{"taxonomy":"product_cat","embeddable":true,"href":"https:\/\/roveyayinevi.com.tr\/index.php\/wp-json\/wp\/v2\/product_cat?post=714490"},{"taxonomy":"product_tag","embeddable":true,"href":"https:\/\/roveyayinevi.com.tr\/index.php\/wp-json\/wp\/v2\/product_tag?post=714490"}],"curies":[{"name":"wp","href":"https:\/\/api.w.org\/{rel}","templated":true}]}}