{"id":714487,"date":"2025-08-27T17:19:02","date_gmt":"2025-08-27T14:19:02","guid":{"rendered":"https:\/\/roveyayinevi.com.tr\/index.php\/urun\/kafa-2\/"},"modified":"2026-02-23T11:17:25","modified_gmt":"2026-02-23T08:17:25","slug":"kafa-2","status":"publish","type":"product","link":"https:\/\/roveyayinevi.com.tr\/index.php\/urun\/kafa-2\/","title":{"rendered":"Kafa"},"content":{"rendered":"<p>El\u00e7in Kafa roman\u0131nda kendine has, etkileyici \u00fcslubuyla bir cephesiyle masal diyar\u0131, di\u011fer yan\u0131yla romantizme b\u00fcsb\u00fct\u00fcn uzak ger\u00e7eklerin ve kanl\u0131 olaylar\u0131n \u00fclkesi G\u00fcney Kafkasya\u2019da 1800\u2019lerde Rusya\u2019n\u0131n da dahil oldu\u011fu \u00e7at\u0131\u015fmalar\u0131 ve tarihi olaylar\u0131 ele al\u0131yor. Bunu yaparken de ba\u015fk\u00f6\u015feye \u201cEl\u00e7ince\u201d ahlaki sorunlar\u0131 yerle\u015ftiriyor: \u0130yilik ve k\u00f6t\u00fcl\u00fck, cefa ve merhamet, bireyin devletle ili\u015fkisi, insan\u0131n davran\u0131\u015f ve s\u00f6zlerinden sorumlulu\u011fu, anla\u015fmazl\u0131klar\u0131n, \u00e7eki\u015fmelerin yol a\u00e7t\u0131\u011f\u0131 dramlar. Elinizdeki roman tarihi bir belgeselden ziyade keskin, kusursuz bir felsefi eser.<\/p>\n","protected":false},"excerpt":{"rendered":"<p>El\u00e7in Kafa roman\u0131nda kendine has, etkileyici \u00fcslubuyla bir cephesiyle masal diyar\u0131, di\u011fer yan\u0131yla romantizme b\u00fcsb\u00fct\u00fcn uzak ger\u00e7eklerin ve kanl\u0131 olaylar\u0131n \u00fclkesi G\u00fcney Kafkasya\u2019da 1800\u2019lerde Rusya\u2019n\u0131n da<span class=\"excerpt-hellip\"> [\u2026]<\/span><\/p>\n","protected":false},"featured_media":0,"template":"","meta":{"_monsterinsights_skip_tracking":false,"_monsterinsights_sitenote_active":false,"_monsterinsights_sitenote_note":"","_monsterinsights_sitenote_category":0},"product_brand":[],"product_cat":[12291,12711],"product_tag":[],"class_list":{"0":"post-714487","1":"product","2":"type-product","3":"status-publish","5":"product_cat-edebiyat","6":"product_cat-roman-oyku","7":"pa_cilt-ciltsiz","8":"pa_tur-kitap","9":"pa_yayinevi-is-bankasi-kultur-yayinlari","10":"pa_yazar-elcin","12":"first","13":"instock","14":"sale","15":"shipping-taxable","16":"purchasable","17":"product-type-simple"},"_links":{"self":[{"href":"https:\/\/roveyayinevi.com.tr\/index.php\/wp-json\/wp\/v2\/product\/714487","targetHints":{"allow":["GET"]}}],"collection":[{"href":"https:\/\/roveyayinevi.com.tr\/index.php\/wp-json\/wp\/v2\/product"}],"about":[{"href":"https:\/\/roveyayinevi.com.tr\/index.php\/wp-json\/wp\/v2\/types\/product"}],"wp:attachment":[{"href":"https:\/\/roveyayinevi.com.tr\/index.php\/wp-json\/wp\/v2\/media?parent=714487"}],"wp:term":[{"taxonomy":"product_brand","embeddable":true,"href":"https:\/\/roveyayinevi.com.tr\/index.php\/wp-json\/wp\/v2\/product_brand?post=714487"},{"taxonomy":"product_cat","embeddable":true,"href":"https:\/\/roveyayinevi.com.tr\/index.php\/wp-json\/wp\/v2\/product_cat?post=714487"},{"taxonomy":"product_tag","embeddable":true,"href":"https:\/\/roveyayinevi.com.tr\/index.php\/wp-json\/wp\/v2\/product_tag?post=714487"}],"curies":[{"name":"wp","href":"https:\/\/api.w.org\/{rel}","templated":true}]}}