{"id":714483,"date":"2025-08-27T17:18:59","date_gmt":"2025-08-27T14:18:59","guid":{"rendered":"https:\/\/roveyayinevi.com.tr\/index.php\/urun\/mecburiyet-2\/"},"modified":"2026-04-16T02:22:51","modified_gmt":"2026-04-15T23:22:51","slug":"mecburiyet-2","status":"publish","type":"product","link":"https:\/\/roveyayinevi.com.tr\/index.php\/urun\/mecburiyet-2\/","title":{"rendered":"Mecburiyet"},"content":{"rendered":"<p>Stefan Zweig\u2019\u0131n Mecburiyet adl\u0131 pasifist k\u0131sa anlat\u0131s\u0131 otobiyografik \u00f6\u011feler bar\u0131nd\u0131r\u0131yor. Zweig askerlik g\u00f6revini yerine getirmeyi reddedip 1918 y\u0131l\u0131nda Avusturya\u2019n\u0131n izniyle \u0130svi\u00e7re\u2019ye gitmi\u015f, 9 Marttan itibaren bir y\u0131l boyunca Z\u00fcrih G\u00f6l\u00fc tepelerindeki R\u00fcschlikon k\u00f6y\u00fcnde,  Hotel Belvoir\u2019da ya\u015fam\u0131\u015ft\u0131. Gen\u00e7 ressam Ferdinand da Birinci D\u00fcnya Sava\u015f\u0131 s\u0131ras\u0131nda Z\u00fcrih G\u00f6l\u00fc tepelerindeki bir k\u00f6yde, i\u00e7inde, kendine ait bir at\u00f6lyenin de oldu\u011fu bir evde derin fakat yan\u0131lt\u0131c\u0131 bir huzurla ya\u015famaktad\u0131r. Ancak sava\u015f pe\u015fini b\u0131rakmaz, birli\u011fe kat\u0131lma emri onu s\u0131\u011f\u0131nd\u0131\u011f\u0131 \u00fclkede de bulur. Kar\u0131s\u0131 Paula bu emre itaat etmek zorunda olmad\u0131\u011f\u0131na, \u00f6zg\u00fcr bir \u00fclkede ya\u015fayan \u00f6zg\u00fcr bir insan oldu\u011funa onu ikna etmeye \u00e7al\u0131\u015f\u0131r. Ferdinand\u2019\u0131n Fransa\u2019ya kar\u015f\u0131 bu sava\u015fta bir piyon olmas\u0131n\u0131 istememektedir.<\/p>\n","protected":false},"excerpt":{"rendered":"<p>Stefan Zweig\u2019\u0131n Mecburiyet adl\u0131 pasifist k\u0131sa anlat\u0131s\u0131 otobiyografik \u00f6\u011feler bar\u0131nd\u0131r\u0131yor. Zweig askerlik g\u00f6revini yerine getirmeyi reddedip 1918 y\u0131l\u0131nda Avusturya\u2019n\u0131n izniyle \u0130svi\u00e7re\u2019ye gitmi\u015f, 9 Marttan itibaren bir<span class=\"excerpt-hellip\"> [\u2026]<\/span><\/p>\n","protected":false},"featured_media":0,"template":"","meta":{"_monsterinsights_skip_tracking":false,"_monsterinsights_sitenote_active":false,"_monsterinsights_sitenote_note":"","_monsterinsights_sitenote_category":0},"product_brand":[],"product_cat":[12291,26797],"product_tag":[],"class_list":{"0":"post-714483","1":"product","2":"type-product","3":"status-publish","5":"product_cat-edebiyat","6":"product_cat-modern-klasikler","7":"pa_cilt-ciltsiz","8":"pa_tur-kitap","9":"pa_yayinevi-bilgi-yayinevi","10":"pa_yazar-stefan-zweig","12":"first","13":"instock","14":"sale","15":"shipping-taxable","16":"purchasable","17":"product-type-simple"},"_links":{"self":[{"href":"https:\/\/roveyayinevi.com.tr\/index.php\/wp-json\/wp\/v2\/product\/714483","targetHints":{"allow":["GET"]}}],"collection":[{"href":"https:\/\/roveyayinevi.com.tr\/index.php\/wp-json\/wp\/v2\/product"}],"about":[{"href":"https:\/\/roveyayinevi.com.tr\/index.php\/wp-json\/wp\/v2\/types\/product"}],"wp:attachment":[{"href":"https:\/\/roveyayinevi.com.tr\/index.php\/wp-json\/wp\/v2\/media?parent=714483"}],"wp:term":[{"taxonomy":"product_brand","embeddable":true,"href":"https:\/\/roveyayinevi.com.tr\/index.php\/wp-json\/wp\/v2\/product_brand?post=714483"},{"taxonomy":"product_cat","embeddable":true,"href":"https:\/\/roveyayinevi.com.tr\/index.php\/wp-json\/wp\/v2\/product_cat?post=714483"},{"taxonomy":"product_tag","embeddable":true,"href":"https:\/\/roveyayinevi.com.tr\/index.php\/wp-json\/wp\/v2\/product_tag?post=714483"}],"curies":[{"name":"wp","href":"https:\/\/api.w.org\/{rel}","templated":true}]}}