{"id":714482,"date":"2025-08-27T17:18:59","date_gmt":"2025-08-27T14:18:59","guid":{"rendered":"https:\/\/roveyayinevi.com.tr\/index.php\/urun\/murebbiye-4\/"},"modified":"2026-04-16T02:22:51","modified_gmt":"2026-04-15T23:22:51","slug":"murebbiye-4","status":"publish","type":"product","link":"https:\/\/roveyayinevi.com.tr\/index.php\/urun\/murebbiye-4\/","title":{"rendered":"M\u00fcrebbiye"},"content":{"rendered":"<p>Diktat\u00f6rl\u00fckten ka\u00e7an yirminci y\u00fczy\u0131l ayd\u0131nlar\u0131n\u0131n sembol\u00fc olan Stefan Zweig, M\u00fcrebbiye adl\u0131 k\u0131sa roman\u0131nda, y\u00fcksek tabakan\u0131n, kad\u0131nlar\u0131 cezaland\u0131ran, erkekleri koruyan tutucu ahlak anlay\u0131\u015f\u0131n\u0131 \u00e7arp\u0131c\u0131 bir \u00f6yk\u00fcyle \u00f6n\u00fcm\u00fcze seriyor. On iki ve on \u00fc\u00e7 ya\u015flar\u0131ndaki iki k\u0131z \u00e7ocu\u011funun istemeden tan\u0131k olduklar\u0131 dram, alg\u0131layamad\u0131klar\u0131 ayr\u0131nt\u0131lar ve \u00e7ok sevdikleri m\u00fcrebbiyenin mutsuzlu\u011fu onlar\u0131 etkileyecek, aile b\u00fcy\u00fcklerine kar\u015f\u0131 duygu ve davran\u0131\u015flar\u0131n\u0131 de\u011fi\u015ftirecektir.<\/p>\n","protected":false},"excerpt":{"rendered":"<p>Diktat\u00f6rl\u00fckten ka\u00e7an yirminci y\u00fczy\u0131l ayd\u0131nlar\u0131n\u0131n sembol\u00fc olan Stefan Zweig, M\u00fcrebbiye adl\u0131 k\u0131sa roman\u0131nda, y\u00fcksek tabakan\u0131n, kad\u0131nlar\u0131 cezaland\u0131ran, erkekleri koruyan tutucu ahlak anlay\u0131\u015f\u0131n\u0131 \u00e7arp\u0131c\u0131 bir \u00f6yk\u00fcyle \u00f6n\u00fcm\u00fcze<span class=\"excerpt-hellip\"> [\u2026]<\/span><\/p>\n","protected":false},"featured_media":0,"template":"","meta":{"_monsterinsights_skip_tracking":false,"_monsterinsights_sitenote_active":false,"_monsterinsights_sitenote_note":"","_monsterinsights_sitenote_category":0},"product_brand":[],"product_cat":[12291,26797],"product_tag":[],"class_list":{"0":"post-714482","1":"product","2":"type-product","3":"status-publish","5":"product_cat-edebiyat","6":"product_cat-modern-klasikler","7":"pa_cilt-ciltsiz","8":"pa_tur-kitap","9":"pa_yayinevi-bilgi-yayinevi","10":"pa_yazar-stefan-zweig","12":"first","13":"instock","14":"sale","15":"shipping-taxable","16":"purchasable","17":"product-type-simple"},"_links":{"self":[{"href":"https:\/\/roveyayinevi.com.tr\/index.php\/wp-json\/wp\/v2\/product\/714482","targetHints":{"allow":["GET"]}}],"collection":[{"href":"https:\/\/roveyayinevi.com.tr\/index.php\/wp-json\/wp\/v2\/product"}],"about":[{"href":"https:\/\/roveyayinevi.com.tr\/index.php\/wp-json\/wp\/v2\/types\/product"}],"wp:attachment":[{"href":"https:\/\/roveyayinevi.com.tr\/index.php\/wp-json\/wp\/v2\/media?parent=714482"}],"wp:term":[{"taxonomy":"product_brand","embeddable":true,"href":"https:\/\/roveyayinevi.com.tr\/index.php\/wp-json\/wp\/v2\/product_brand?post=714482"},{"taxonomy":"product_cat","embeddable":true,"href":"https:\/\/roveyayinevi.com.tr\/index.php\/wp-json\/wp\/v2\/product_cat?post=714482"},{"taxonomy":"product_tag","embeddable":true,"href":"https:\/\/roveyayinevi.com.tr\/index.php\/wp-json\/wp\/v2\/product_tag?post=714482"}],"curies":[{"name":"wp","href":"https:\/\/api.w.org\/{rel}","templated":true}]}}