{"id":714481,"date":"2025-08-27T17:18:58","date_gmt":"2025-08-27T14:18:58","guid":{"rendered":"https:\/\/roveyayinevi.com.tr\/index.php\/urun\/amok-kosucusu-7\/"},"modified":"2026-04-16T02:22:51","modified_gmt":"2026-04-15T23:22:51","slug":"amok-kosucusu-7","status":"publish","type":"product","link":"https:\/\/roveyayinevi.com.tr\/index.php\/urun\/amok-kosucusu-7\/","title":{"rendered":"Amok Ko\u015fucusu"},"content":{"rendered":"<p>1912 y\u0131l\u0131n\u0131n Mart ay\u0131nda Napoli\u2019deki limanda b\u00fcy\u00fck bir okyanus gemisinden y\u00fck bo\u015falt\u0131l\u0131rken tuhaf bir kaza ger\u00e7ekle\u015fir. Gazeteler bu kazaya kapsaml\u0131 \u015fekilde yer verip fantastik bi\u00e7imde s\u00fcsl\u00fc haberlerle duyururlar olay\u0131. Ancak hi\u00e7bir \u015fey g\u00f6r\u00fcnd\u00fc\u011f\u00fc gibi de\u011fildir. Evine gitmek \u00fczere gemiye binen bir Avrupal\u0131, herkesten saklanmak i\u00e7in yaln\u0131zca geceleri g\u00fcverteye \u00e7\u0131kan bir doktorla kar\u015f\u0131la\u015f\u0131r ve doktorla soylu bir \u0130ngiliz kad\u0131n aras\u0131ndaki esrarengiz s\u0131rr\u0131n orta\u011f\u0131 olur. Amok Ko\u015fucusu, tutkunun esiri olan, pi\u015fmanl\u0131klar i\u00e7inde k\u0131vranan ve vicdan\u0131n\u0131 rahatlatabilmek i\u00e7in verdi\u011fi s\u00f6z\u00fc tutmak \u00fczere hayat\u0131n\u0131 ortaya koyan bir adam\u0131n \u00f6yk\u00fcs\u00fc.<\/p>\n","protected":false},"excerpt":{"rendered":"<p>1912 y\u0131l\u0131n\u0131n Mart ay\u0131nda Napoli\u2019deki limanda b\u00fcy\u00fck bir okyanus gemisinden y\u00fck bo\u015falt\u0131l\u0131rken tuhaf bir kaza ger\u00e7ekle\u015fir. Gazeteler bu kazaya kapsaml\u0131 \u015fekilde yer verip fantastik bi\u00e7imde s\u00fcsl\u00fc<span class=\"excerpt-hellip\"> [\u2026]<\/span><\/p>\n","protected":false},"featured_media":0,"template":"","meta":{"_monsterinsights_skip_tracking":false,"_monsterinsights_sitenote_active":false,"_monsterinsights_sitenote_note":"","_monsterinsights_sitenote_category":0},"product_brand":[],"product_cat":[12291,26797],"product_tag":[],"class_list":{"0":"post-714481","1":"product","2":"type-product","3":"status-publish","5":"product_cat-edebiyat","6":"product_cat-modern-klasikler","7":"pa_cilt-ciltsiz","8":"pa_tur-kitap","9":"pa_yayinevi-bilgi-yayinevi","10":"pa_yazar-stefan-zweig","12":"first","13":"instock","14":"sale","15":"shipping-taxable","16":"purchasable","17":"product-type-simple"},"_links":{"self":[{"href":"https:\/\/roveyayinevi.com.tr\/index.php\/wp-json\/wp\/v2\/product\/714481","targetHints":{"allow":["GET"]}}],"collection":[{"href":"https:\/\/roveyayinevi.com.tr\/index.php\/wp-json\/wp\/v2\/product"}],"about":[{"href":"https:\/\/roveyayinevi.com.tr\/index.php\/wp-json\/wp\/v2\/types\/product"}],"wp:attachment":[{"href":"https:\/\/roveyayinevi.com.tr\/index.php\/wp-json\/wp\/v2\/media?parent=714481"}],"wp:term":[{"taxonomy":"product_brand","embeddable":true,"href":"https:\/\/roveyayinevi.com.tr\/index.php\/wp-json\/wp\/v2\/product_brand?post=714481"},{"taxonomy":"product_cat","embeddable":true,"href":"https:\/\/roveyayinevi.com.tr\/index.php\/wp-json\/wp\/v2\/product_cat?post=714481"},{"taxonomy":"product_tag","embeddable":true,"href":"https:\/\/roveyayinevi.com.tr\/index.php\/wp-json\/wp\/v2\/product_tag?post=714481"}],"curies":[{"name":"wp","href":"https:\/\/api.w.org\/{rel}","templated":true}]}}