{"id":714480,"date":"2025-08-27T17:18:57","date_gmt":"2025-08-27T14:18:57","guid":{"rendered":"https:\/\/roveyayinevi.com.tr\/index.php\/urun\/genc-wertherin-acilari-10\/"},"modified":"2026-04-16T02:22:51","modified_gmt":"2026-04-15T23:22:51","slug":"genc-wertherin-acilari-10","status":"publish","type":"product","link":"https:\/\/roveyayinevi.com.tr\/index.php\/urun\/genc-wertherin-acilari-10\/","title":{"rendered":"Gen\u00e7 Werther\u2019in Ac\u0131lar\u0131"},"content":{"rendered":"<p>T\u00fcm zamanlar\u0131n en b\u00fcy\u00fck a\u015fk klasiklerinden ve ba\u015fyap\u0131tlar\u0131ndan biri olan Gen\u00e7 Werther&#8217;in Ac\u0131lar\u0131, 1774 y\u0131l\u0131nda ilk kez yay\u0131mlanmas\u0131ndan hemen sonra b\u00fct\u00fcn Alman toplumunu, \u00f6zellikle gen\u00e7leri derinden etkilemi\u015f ve o y\u0131llarda Almanya\u2019da pek \u00e7ok intihar olay\u0131n\u0131n ya\u015fanmas\u0131na neden olmu\u015ftur. Gen\u00e7 Werther\u2019in Ac\u0131lar\u0131, Goethe\u2019yi Alman Edebiyat\u0131n\u0131n F\u0131rt\u0131na ve Co\u015fku (Sturm und Drang) ak\u0131m\u0131n\u0131n \u00f6nc\u00fcs\u00fc haline getirmeyi ba\u015far\u0131rken, parodiler, operalar, \u015fiirler ve tiyatro oyunlar\u0131na uyarlanan, bar\u0131nd\u0131rd\u0131\u011f\u0131 tutkulu ve kendi kendini yok eden ba\u015fkahraman\u0131yla romantik Avrupal\u0131 okurlar\u0131n k\u00fclt bir eseri haline gelmi\u015ftir.Gen\u00e7 Werther ruhunu, okurlar\u0131na keyifli ve ayn\u0131 zamanda umutsuz a\u015fk mektuplar\u0131yla, kar\u015f\u0131l\u0131ks\u0131z a\u015fk\u0131yla anlat\u0131r. Onun hik\u00e2yesi bir bak\u0131ma \u201citiraf\u201d edebiyat\u0131n\u0131n da kap\u0131lar\u0131n\u0131 aralayarak, Goethe\u2019nin ya\u015fam\u0131\u015fl\u0131\u011f\u0131n\u0131, yar\u0131m kalan, \u00fcz\u00fcc\u00fc a\u015fk hik\u00e2yesini g\u00f6zler \u00f6n\u00fcne serer.Roman, her ne kadar bir a\u015fk hik\u00e2yesi olsa da i\u00e7inde ta\u015f\u0131d\u0131\u011f\u0131 toplumsal ele\u015ftiri a\u00e7\u0131s\u0131ndan da \u00f6nem te\u015fkil eder. Gen\u00e7 Werther\u2019in Ac\u0131lar\u0131, 18. y\u00fczy\u0131lda, k\u00f6\u015feye s\u0131k\u0131\u015ft\u0131r\u0131lm\u0131\u015f gen\u00e7 bireyin manifestosu olarak da okunabilir.<\/p>\n","protected":false},"excerpt":{"rendered":"<p>T\u00fcm zamanlar\u0131n en b\u00fcy\u00fck a\u015fk klasiklerinden ve ba\u015fyap\u0131tlar\u0131ndan biri olan Gen\u00e7 Werther&#8217;in Ac\u0131lar\u0131, 1774 y\u0131l\u0131nda ilk kez yay\u0131mlanmas\u0131ndan hemen sonra b\u00fct\u00fcn Alman toplumunu, \u00f6zellikle gen\u00e7leri derinden<span class=\"excerpt-hellip\"> [\u2026]<\/span><\/p>\n","protected":false},"featured_media":0,"template":"","meta":{"_monsterinsights_skip_tracking":false,"_monsterinsights_sitenote_active":false,"_monsterinsights_sitenote_note":"","_monsterinsights_sitenote_category":0},"product_brand":[],"product_cat":[12291,12711],"product_tag":[],"class_list":{"0":"post-714480","1":"product","2":"type-product","3":"status-publish","5":"product_cat-edebiyat","6":"product_cat-roman-oyku","7":"pa_cilt-ciltsiz","8":"pa_tur-kitap","9":"pa_yayinevi-indigo-kitap","10":"pa_yazar-johann-wolfgang-von-goethe","12":"first","13":"instock","14":"sale","15":"shipping-taxable","16":"purchasable","17":"product-type-simple"},"_links":{"self":[{"href":"https:\/\/roveyayinevi.com.tr\/index.php\/wp-json\/wp\/v2\/product\/714480","targetHints":{"allow":["GET"]}}],"collection":[{"href":"https:\/\/roveyayinevi.com.tr\/index.php\/wp-json\/wp\/v2\/product"}],"about":[{"href":"https:\/\/roveyayinevi.com.tr\/index.php\/wp-json\/wp\/v2\/types\/product"}],"wp:attachment":[{"href":"https:\/\/roveyayinevi.com.tr\/index.php\/wp-json\/wp\/v2\/media?parent=714480"}],"wp:term":[{"taxonomy":"product_brand","embeddable":true,"href":"https:\/\/roveyayinevi.com.tr\/index.php\/wp-json\/wp\/v2\/product_brand?post=714480"},{"taxonomy":"product_cat","embeddable":true,"href":"https:\/\/roveyayinevi.com.tr\/index.php\/wp-json\/wp\/v2\/product_cat?post=714480"},{"taxonomy":"product_tag","embeddable":true,"href":"https:\/\/roveyayinevi.com.tr\/index.php\/wp-json\/wp\/v2\/product_tag?post=714480"}],"curies":[{"name":"wp","href":"https:\/\/api.w.org\/{rel}","templated":true}]}}