{"id":714478,"date":"2025-08-27T17:18:56","date_gmt":"2025-08-27T14:18:56","guid":{"rendered":"https:\/\/roveyayinevi.com.tr\/index.php\/urun\/deniz-feneri-5\/"},"modified":"2026-04-08T02:29:43","modified_gmt":"2026-04-07T23:29:43","slug":"deniz-feneri-5","status":"publish","type":"product","link":"https:\/\/roveyayinevi.com.tr\/index.php\/urun\/deniz-feneri-5\/","title":{"rendered":"Deniz Feneri"},"content":{"rendered":"<p>Huzurlu ve ana\u00e7 Bayan Ramsay ile h\u00fcz\u00fcnl\u00fc oldu\u011fu kadar g\u00fcl\u00fcn\u00e7 de olan Bay Ramsay, \u00e7ocuklar\u0131 ve misafirleriyle birlikte tatil i\u00e7in Skye Adas\u0131&#8217;na giderler. Civardaki deniz fenerine yap\u0131lacak ziyareti d\u00f6rt g\u00f6zle bekleyen Ramsay&#8217;lerin en k\u00fc\u00e7\u00fck o\u011flu James, havan\u0131n bu ziyarete izin vermeyece\u011fini s\u00f6yleyen babas\u0131 taraf\u0131ndan hayal k\u0131r\u0131kl\u0131\u011f\u0131na u\u011frar ve gezi ertelenir. Gezi ancak y\u0131llar sonra, sava\u015f\u0131n toplumu, bilhassa Ramsay ailesini k\u00f6kten de\u011fi\u015ftirdi\u011fi bir d\u00f6nemde ve farkl\u0131 ko\u015fullar alt\u0131nda m\u00fcmk\u00fcn olacakt\u0131r.Virginia Woolf bilin\u00e7 ak\u0131\u015f\u0131 tekni\u011fini ba\u015far\u0131l\u0131 bir bi\u00e7imde kulland\u0131\u011f\u0131 Deniz Feneri adl\u0131 eseriyle, okuyucuyu, karakterlerin i\u00e7 d\u00fcnyas\u0131nda esrarengiz bir yolculu\u011fa \u00e7\u0131kar\u0131r. Ayr\u0131ca Woolf, kad\u0131n ve erkek aras\u0131ndaki \u00e7at\u0131\u015fmalar\u0131 ve aile hayat\u0131n\u0131n gerilimlerini, kendi hayat\u0131nda tan\u0131k oldu\u011fu hayal k\u0131r\u0131kl\u0131klar\u0131yla ve ac\u0131larla \u00e7arp\u0131c\u0131 ve etkili bir ba\u011f kurarak irdeler. Yazar\u0131n kendi ya\u015fam\u0131ndan da izler ta\u015f\u0131yan bu eser insan\u0131n de\u011fi\u015fime nas\u0131l ayak uydurdu\u011funu, onu nas\u0131l kar\u015f\u0131lad\u0131\u011f\u0131n\u0131 \u00e7arp\u0131c\u0131 bir \u015fekilde ortaya koyar.<\/p>\n","protected":false},"excerpt":{"rendered":"<p>Huzurlu ve ana\u00e7 Bayan Ramsay ile h\u00fcz\u00fcnl\u00fc oldu\u011fu kadar g\u00fcl\u00fcn\u00e7 de olan Bay Ramsay, \u00e7ocuklar\u0131 ve misafirleriyle birlikte tatil i\u00e7in Skye Adas\u0131&#8217;na giderler. Civardaki deniz fenerine<span class=\"excerpt-hellip\"> [\u2026]<\/span><\/p>\n","protected":false},"featured_media":0,"template":"","meta":{"_monsterinsights_skip_tracking":false,"_monsterinsights_sitenote_active":false,"_monsterinsights_sitenote_note":"","_monsterinsights_sitenote_category":0},"product_brand":[],"product_cat":[12291,12711],"product_tag":[],"class_list":{"0":"post-714478","1":"product","2":"type-product","3":"status-publish","5":"product_cat-edebiyat","6":"product_cat-roman-oyku","7":"pa_cilt-ciltsiz","8":"pa_tur-kitap","9":"pa_yayinevi-indigo-kitap","10":"pa_yazar-virginia-woolf","12":"first","13":"instock","14":"sale","15":"shipping-taxable","16":"purchasable","17":"product-type-simple"},"_links":{"self":[{"href":"https:\/\/roveyayinevi.com.tr\/index.php\/wp-json\/wp\/v2\/product\/714478","targetHints":{"allow":["GET"]}}],"collection":[{"href":"https:\/\/roveyayinevi.com.tr\/index.php\/wp-json\/wp\/v2\/product"}],"about":[{"href":"https:\/\/roveyayinevi.com.tr\/index.php\/wp-json\/wp\/v2\/types\/product"}],"wp:attachment":[{"href":"https:\/\/roveyayinevi.com.tr\/index.php\/wp-json\/wp\/v2\/media?parent=714478"}],"wp:term":[{"taxonomy":"product_brand","embeddable":true,"href":"https:\/\/roveyayinevi.com.tr\/index.php\/wp-json\/wp\/v2\/product_brand?post=714478"},{"taxonomy":"product_cat","embeddable":true,"href":"https:\/\/roveyayinevi.com.tr\/index.php\/wp-json\/wp\/v2\/product_cat?post=714478"},{"taxonomy":"product_tag","embeddable":true,"href":"https:\/\/roveyayinevi.com.tr\/index.php\/wp-json\/wp\/v2\/product_tag?post=714478"}],"curies":[{"name":"wp","href":"https:\/\/api.w.org\/{rel}","templated":true}]}}