{"id":714475,"date":"2025-08-27T17:18:54","date_gmt":"2025-08-27T14:18:54","guid":{"rendered":"https:\/\/roveyayinevi.com.tr\/index.php\/urun\/hicbir-seyi-sorun-etme\/"},"modified":"2026-04-08T02:29:43","modified_gmt":"2026-04-07T23:29:43","slug":"hicbir-seyi-sorun-etme","status":"publish","type":"product","link":"https:\/\/roveyayinevi.com.tr\/index.php\/urun\/hicbir-seyi-sorun-etme\/","title":{"rendered":"Hi\u00e7bir \u015eeyi Sorun Etme"},"content":{"rendered":"<p>Bu sohbetlerde Krishnamurti, insan sorunlar\u0131n\u0131n derinlerine inmekte, bu s\u00fcre\u00e7te \u201cuzmanl\u0131k\u201d ve \u201cinsano\u011flu\u201d aras\u0131ndaki en ilgin\u00e7 farklar\u0131 ortaya koymaktad\u0131r. Kendimizi \u00f6ncelikle uzman, sonras\u0131nda insan olarak g\u00f6r\u00fcp g\u00f6rmedi\u011fimizi sorgulamaktad\u0131r. E\u011fitimimiz bizi genelde, ta \u00e7ocuklu\u011fumuzdan beri fiziksel problemleri \u00e7\u00f6zmeye e\u011fitmi\u015f olmas\u0131 bak\u0131m\u0131ndan, bu konuda uzman haline getirir. Beynimiz b\u00f6ylelikle problem \u00e7\u00f6zmeye \u015fartlan\u0131r ve ayn\u0131 mant\u0131\u011f\u0131 psikolojik alana da ta\u015f\u0131r ve bu nedenle her duruma, her duyguya \u00e7\u00f6z\u00fclmesi gereken korkun\u00e7 bir problem g\u00f6z\u00fcyle bakar. Problem-\u00e7\u00f6zen zihnin as\u0131l yap\u0131s\u0131 kendini problem yaratan zihin olarak g\u00f6rememesidir ve bu sebeple problemlerinin sonunu getiremez. Farkl\u0131 ba\u011flamlarda, \u00e7e\u015fitli \u00f6rnekler sayesinde Krishnamurti tekrar tekrar o b\u00fcy\u00fck anlay\u0131\u015f\u0131na geri d\u00f6nmektedir: Hayatta hi\u00e7bir \u015feyi sorun etme. Krishnamurti \u00e7o\u011funlukla kurmu\u015f oldu\u011fu okullar\u0131n \u00f6\u011fretmenlerini i\u015faret etse de kitapta herkes i\u00e7in bir \u015feyler bulunmaktad\u0131r; yeni bir e\u011fitim sistemiyle ilgilenenler, ebeveynler, Vedanta veya Budizm bilgeleri, psikologlar, s\u0131radan d\u00fcnyalar\u0131nda ya\u015fayanlar, inan\u00e7 aray\u0131\u015f\u0131ndakiler\u2026 <\/p>\n","protected":false},"excerpt":{"rendered":"<p>Bu sohbetlerde Krishnamurti, insan sorunlar\u0131n\u0131n derinlerine inmekte, bu s\u00fcre\u00e7te \u201cuzmanl\u0131k\u201d ve \u201cinsano\u011flu\u201d aras\u0131ndaki en ilgin\u00e7 farklar\u0131 ortaya koymaktad\u0131r. Kendimizi \u00f6ncelikle uzman, sonras\u0131nda insan olarak g\u00f6r\u00fcp g\u00f6rmedi\u011fimizi<span class=\"excerpt-hellip\"> [\u2026]<\/span><\/p>\n","protected":false},"featured_media":0,"template":"","meta":{"_monsterinsights_skip_tracking":false,"_monsterinsights_sitenote_active":false,"_monsterinsights_sitenote_note":"","_monsterinsights_sitenote_category":0},"product_brand":[],"product_cat":[12364,12376],"product_tag":[],"class_list":{"0":"post-714475","1":"product","2":"type-product","3":"status-publish","5":"product_cat-genel-konular","6":"product_cat-kisisel-gelisim","7":"pa_cilt-ciltsiz","8":"pa_tur-kitap","9":"pa_yayinevi-ganj-yayinevi","10":"pa_yazar-jiddu-krishnamurti","12":"first","13":"instock","14":"sale","15":"shipping-taxable","16":"purchasable","17":"product-type-simple"},"_links":{"self":[{"href":"https:\/\/roveyayinevi.com.tr\/index.php\/wp-json\/wp\/v2\/product\/714475","targetHints":{"allow":["GET"]}}],"collection":[{"href":"https:\/\/roveyayinevi.com.tr\/index.php\/wp-json\/wp\/v2\/product"}],"about":[{"href":"https:\/\/roveyayinevi.com.tr\/index.php\/wp-json\/wp\/v2\/types\/product"}],"wp:attachment":[{"href":"https:\/\/roveyayinevi.com.tr\/index.php\/wp-json\/wp\/v2\/media?parent=714475"}],"wp:term":[{"taxonomy":"product_brand","embeddable":true,"href":"https:\/\/roveyayinevi.com.tr\/index.php\/wp-json\/wp\/v2\/product_brand?post=714475"},{"taxonomy":"product_cat","embeddable":true,"href":"https:\/\/roveyayinevi.com.tr\/index.php\/wp-json\/wp\/v2\/product_cat?post=714475"},{"taxonomy":"product_tag","embeddable":true,"href":"https:\/\/roveyayinevi.com.tr\/index.php\/wp-json\/wp\/v2\/product_tag?post=714475"}],"curies":[{"name":"wp","href":"https:\/\/api.w.org\/{rel}","templated":true}]}}