{"id":714474,"date":"2025-08-27T17:18:53","date_gmt":"2025-08-27T14:18:53","guid":{"rendered":"https:\/\/roveyayinevi.com.tr\/index.php\/urun\/iste-o-sensin\/"},"modified":"2026-04-11T02:28:46","modified_gmt":"2026-04-10T23:28:46","slug":"iste-o-sensin","status":"publish","type":"product","link":"https:\/\/roveyayinevi.com.tr\/index.php\/urun\/iste-o-sensin\/","title":{"rendered":"\u0130\u015fte. O. Sensin."},"content":{"rendered":"<p>\u00c7a\u011fda\u015f ve karizmatik bir \u00f6\u011fretmen olan Kute Blackson bu kitapla yepyeni bir jenerasyona, ger\u00e7ek anlamda sevgi taraf\u0131ndan y\u00f6nlendirilen bir ya\u015fam s\u00fcrmek i\u00e7in gerekli t\u00fcm ara\u00e7larla birlikte, ruhsal fark\u0131ndal\u0131\u011fa cesur bir bak\u0131\u015f a\u00e7\u0131s\u0131 sunuyor. Kute Blackson bireyleri i\u00e7 ve d\u0131\u015f d\u00f6n\u00fc\u015f\u00fcme u\u011fratacak \u00f6zg\u00fcn ve g\u00fc\u00e7l\u00fc y\u00f6ntemlerini ya\u015fam\u0131n t\u00fcm evrelerinden insanlarla payla\u015f\u0131yor. \u0130lham verici YouTube videolar\u0131, seminerleri ve konferanslar\u0131 d\u00fcnya \u00e7ap\u0131nda bilinse de, asl\u0131nda \u00f6ne \u00e7\u0131kan deneyimleri onu farkl\u0131 k\u0131l\u0131yor. Dan\u0131\u015fanlar\u0131yla birlikte Hindistan\u2019\u0131n \u00fccra k\u00f6\u015felerine yaln\u0131zca s\u0131rtlar\u0131nda birer \u00e7anta ve ellerinde birer g\u00fcnl\u00fck e\u015fli\u011finde e\u015fi benzeri g\u00f6r\u00fclmemi\u015f iki haftal\u0131k yolculuklara \u00e7\u0131kan Blackson, bireylerin hen\u00fcz ke\u015ffetmemi\u015f olduklar\u0131 y\u00f6nlerini bulmalar\u0131n\u0131 sa\u011fl\u0131yor. Ba\u011f\u0131\u015flay\u0131c\u0131l\u0131k olsun, kendinle y\u00fczle\u015fmek olsun, \u00f6z-nefretten ya da ge\u00e7mi\u015fin yaralar\u0131ndan kurtulmak olsun, Blackson\u2019\u0131n t\u00fcm bu zorlu s\u00fcre\u00e7ler esnas\u0131nda dan\u0131\u015fanlar\u0131na sundu\u011fu rehberlik tam burada, elinde tuttu\u011fun kitapta yer al\u0131yor. \u00c7antan\u0131 haz\u0131rlamana veya pasaportunu yenilemene gerek yok. O halde ne bekliyorsun? Birinin gelip seni kurtarmas\u0131n\u0131 m\u0131? E\u011fer \u00f6yleyse, yaln\u0131z de\u011filsin. Ama bu ger\u00e7ekle\u015fmeyecek. Ailen seni kurtarmayacak. Arkada\u015flar\u0131n seni s\u0131rt\u0131nda ta\u015f\u0131mayacak. Hi\u00e7 kimse gelmeyecek. Nedenini biliyor musun? \u00c7\u00fcnk\u00fc arad\u0131\u011f\u0131n her \u015fey i\u00e7inde. \u00c7\u00fcnk\u00fc sen zaten buradas\u0131n. \u0130\u015eTE. O. SENS\u0130N. <\/p>\n","protected":false},"excerpt":{"rendered":"<p>\u00c7a\u011fda\u015f ve karizmatik bir \u00f6\u011fretmen olan Kute Blackson bu kitapla yepyeni bir jenerasyona, ger\u00e7ek anlamda sevgi taraf\u0131ndan y\u00f6nlendirilen bir ya\u015fam s\u00fcrmek i\u00e7in gerekli t\u00fcm ara\u00e7larla birlikte,<span class=\"excerpt-hellip\"> [\u2026]<\/span><\/p>\n","protected":false},"featured_media":0,"template":"","meta":{"_monsterinsights_skip_tracking":false,"_monsterinsights_sitenote_active":false,"_monsterinsights_sitenote_note":"","_monsterinsights_sitenote_category":0},"product_brand":[],"product_cat":[12364,12376],"product_tag":[],"class_list":{"0":"post-714474","1":"product","2":"type-product","3":"status-publish","5":"product_cat-genel-konular","6":"product_cat-kisisel-gelisim","7":"pa_cilt-ciltsiz","8":"pa_tur-kitap","9":"pa_yayinevi-ganj-yayinevi","10":"pa_yazar-kute-blackson","12":"first","13":"instock","14":"sale","15":"shipping-taxable","16":"purchasable","17":"product-type-simple"},"_links":{"self":[{"href":"https:\/\/roveyayinevi.com.tr\/index.php\/wp-json\/wp\/v2\/product\/714474","targetHints":{"allow":["GET"]}}],"collection":[{"href":"https:\/\/roveyayinevi.com.tr\/index.php\/wp-json\/wp\/v2\/product"}],"about":[{"href":"https:\/\/roveyayinevi.com.tr\/index.php\/wp-json\/wp\/v2\/types\/product"}],"wp:attachment":[{"href":"https:\/\/roveyayinevi.com.tr\/index.php\/wp-json\/wp\/v2\/media?parent=714474"}],"wp:term":[{"taxonomy":"product_brand","embeddable":true,"href":"https:\/\/roveyayinevi.com.tr\/index.php\/wp-json\/wp\/v2\/product_brand?post=714474"},{"taxonomy":"product_cat","embeddable":true,"href":"https:\/\/roveyayinevi.com.tr\/index.php\/wp-json\/wp\/v2\/product_cat?post=714474"},{"taxonomy":"product_tag","embeddable":true,"href":"https:\/\/roveyayinevi.com.tr\/index.php\/wp-json\/wp\/v2\/product_tag?post=714474"}],"curies":[{"name":"wp","href":"https:\/\/api.w.org\/{rel}","templated":true}]}}