{"id":714473,"date":"2025-08-27T17:18:53","date_gmt":"2025-08-27T14:18:53","guid":{"rendered":"https:\/\/roveyayinevi.com.tr\/index.php\/urun\/muzik-teorisi-101\/"},"modified":"2026-04-16T02:22:51","modified_gmt":"2026-04-15T23:22:51","slug":"muzik-teorisi-101","status":"publish","type":"product","link":"https:\/\/roveyayinevi.com.tr\/index.php\/urun\/muzik-teorisi-101\/","title":{"rendered":"M\u00fczik Teorisi 101"},"content":{"rendered":"<p>Klasik m\u00fczikten hard rock\u2019a, cazdan hip hop\u2019a, m\u00fczi\u011fi herkes sever. Ama s\u0131kl\u0131kla t\u00fcm bu m\u00fczik t\u00fcrlerinin teorisini anlatan kitaplar, sizi bay\u0131ltacak kadar s\u0131k\u0131c\u0131d\u0131r. M\u00fczik Teorisi 101 ise bu s\u0131k\u0131c\u0131l\u0131ktan t\u00fcm\u00fcyle uzak ve m\u00fczik e\u011fitiminiz i\u00e7in gereken her \u015feyi sa\u011flayan bir kitap. Ritim ve \u00f6l\u00e7\u00fc nedir? Akorlar ve gamlar nas\u0131l kurulur? Geleneksel armoniyi nas\u0131l anlamal\u0131 ve yazmal\u0131y\u0131z? M\u00fczik yaz\u0131s\u0131nda g\u00f6rd\u00fc\u011f\u00fcm\u00fcz \u00e7e\u015fitli i\u015faretler ne anlama gelir? T\u00fcm bu sorular\u0131n cevaplar\u0131 ve daha fazlas\u0131 M\u00fczik Teorisi 101\u2019de! <\/p>\n","protected":false},"excerpt":{"rendered":"<p>Klasik m\u00fczikten hard rock\u2019a, cazdan hip hop\u2019a, m\u00fczi\u011fi herkes sever. Ama s\u0131kl\u0131kla t\u00fcm bu m\u00fczik t\u00fcrlerinin teorisini anlatan kitaplar, sizi bay\u0131ltacak kadar s\u0131k\u0131c\u0131d\u0131r. M\u00fczik Teorisi 101<span class=\"excerpt-hellip\"> [\u2026]<\/span><\/p>\n","protected":false},"featured_media":0,"template":"","meta":{"_monsterinsights_skip_tracking":false,"_monsterinsights_sitenote_active":false,"_monsterinsights_sitenote_note":"","_monsterinsights_sitenote_category":0},"product_brand":[],"product_cat":[14556,20810],"product_tag":[],"class_list":{"0":"post-714473","1":"product","2":"type-product","3":"status-publish","5":"product_cat-muzik","6":"product_cat-ogrenim-kitaplari","7":"pa_cilt-ciltsiz","8":"pa_tur-kitap","9":"pa_yayinevi-say-yayinlari","10":"pa_yazar-brian-boon-marc-schonbrun","12":"first","13":"instock","14":"sale","15":"shipping-taxable","16":"purchasable","17":"product-type-simple"},"_links":{"self":[{"href":"https:\/\/roveyayinevi.com.tr\/index.php\/wp-json\/wp\/v2\/product\/714473","targetHints":{"allow":["GET"]}}],"collection":[{"href":"https:\/\/roveyayinevi.com.tr\/index.php\/wp-json\/wp\/v2\/product"}],"about":[{"href":"https:\/\/roveyayinevi.com.tr\/index.php\/wp-json\/wp\/v2\/types\/product"}],"wp:attachment":[{"href":"https:\/\/roveyayinevi.com.tr\/index.php\/wp-json\/wp\/v2\/media?parent=714473"}],"wp:term":[{"taxonomy":"product_brand","embeddable":true,"href":"https:\/\/roveyayinevi.com.tr\/index.php\/wp-json\/wp\/v2\/product_brand?post=714473"},{"taxonomy":"product_cat","embeddable":true,"href":"https:\/\/roveyayinevi.com.tr\/index.php\/wp-json\/wp\/v2\/product_cat?post=714473"},{"taxonomy":"product_tag","embeddable":true,"href":"https:\/\/roveyayinevi.com.tr\/index.php\/wp-json\/wp\/v2\/product_tag?post=714473"}],"curies":[{"name":"wp","href":"https:\/\/api.w.org\/{rel}","templated":true}]}}