{"id":714472,"date":"2025-08-27T17:18:53","date_gmt":"2025-08-27T14:18:53","guid":{"rendered":"https:\/\/roveyayinevi.com.tr\/index.php\/urun\/ilahi-ask-erken-donem-farsca-tasavvuf-metinlerinde-allah-ve-insan\/"},"modified":"2026-04-16T02:22:50","modified_gmt":"2026-04-15T23:22:50","slug":"ilahi-ask-erken-donem-farsca-tasavvuf-metinlerinde-allah-ve-insan","status":"publish","type":"product","link":"https:\/\/roveyayinevi.com.tr\/index.php\/urun\/ilahi-ask-erken-donem-farsca-tasavvuf-metinlerinde-allah-ve-insan\/","title":{"rendered":"\u0130lahi A\u015fk Erken D\u00f6nem Fars\u00e7a Tasavvuf Metinlerinde Allah ve \u0130nsan"},"content":{"rendered":"<p>\u201cGenel olarak \u0130sl\u00e2m m\u00e2neviy\u00e2t\u0131 \u00fczerine yap\u0131lm\u0131\u015f \u00e7ok de\u011ferli bir \u00e7al\u0131\u015fma oldu\u011fu kadar tasavvuf alan\u0131nda akademik birikimin yans\u0131d\u0131\u011f\u0131 bir ba\u015fyap\u0131tla kar\u015f\u0131 kar\u015f\u0131yay\u0131z: \u00dczerinden tasavvufun hak\u00eekatine \u00e2it bereketin n\u00fbru ve r\u00e2yihas\u0131 yay\u0131lmakta ki o hak\u00eekat her zaman Bir\u2019in ve Bir\u2019in n\u00fbrunda yans\u0131yan \u00e7oklu\u011fun a\u015fk\u0131yla dopdoludur.\u201d Prof. Dr. Seyyid H\u00fcseyin Nasr, George Washington \u00dcniversitesi \u201cChittick muhtemelen Bat\u0131 d\u00fcnyas\u0131n\u0131n \u015fimdiye dek ortaya \u00e7\u0131kard\u0131\u011f\u0131 en iyi tasavvuf ara\u015ft\u0131rmac\u0131s\u0131ve \u00e7evirmenidir. Onun kitaplar\u0131 saf alt\u0131n niteli\u011findedir. Bu son \u00e7al\u0131\u015fmas\u0131 ise a\u015fk \u00fczerine e\u015fsizm\u00e2nev\u00ee m\u00fccevherlerle s\u00fcslenmi\u015f bir \u015f\u00e2heserdir.\u201d Prens Gaz\u00ee bin Muhammed, Love in the Holy Qur\u2019an\u2019\u0131n yazar\u0131 \u201cBu ba\u015fyap\u0131t, \u015fimdiye kadar \u0130sl\u00e2m\u2019da sevgi konusu \u00fczerine yap\u0131lm\u0131\u015f en nitelikli akademik\u00e7al\u0131\u015fmad\u0131r. Chittick\u2019in g\u00f6rkemli teolojik-felsef\u00ee \u00e7\u00f6z\u00fcmlemesi t\u00fcm b\u00fcy\u00fck \u0130sl\u00e2m d\u00fc\u015f\u00fcn\u00fcrlerinikapsar ve yaln\u0131zca din tarih\u00e7ileri i\u00e7in de\u011fil ayn\u0131 zamanda b\u00fct\u00fcn M\u00fcsl\u00fcmanlar ve her inan\u00e7gelene\u011fi i\u00e7in \u00f6nemli bir mesaj sunar.\u201d Prof. Dr. Stephen G. Post, Stony Brook \u00dcniversitesi \u201cU\u00e7suz bucaks\u0131z Arap\u00e7a ve Fars\u00e7a literat\u00fcr\u00fc ak\u0131c\u0131 ve anla\u015f\u0131l\u0131r bir \u015fekilde \u0130ngilizceye \u00e7evirmesi,Chittick\u2019e \u0130sl\u00e2m gelene\u011finde a\u015fk\u0131n nas\u0131l merkez\u00ee bir konumu oldu\u011funu ortaya koyma imk\u00e2n\u0131vermektedir. Fars dilinin ustalar\u0131 Meybud\u00ee ve Sem\u2019\u00e2n\u00ee, bu kitapta yer alan metinlerinde a\u015fk\u0131nmen\u015feini, hayat\u0131n\u0131 ve maksad\u0131n\u0131 detayland\u0131rarak \u015fiirsel nitelikli teolojik d\u00fc\u015f\u00fcncenin d\u00fcnyalar\u0131n\u0131a\u00e7maktalar.\u201d Prof. Dr. David Burrell, Notre Dame \u00dcniversitesi &#8220;Tasavvuf anlay\u0131\u015f\u0131m\u0131z ad\u0131na engin bir katk\u0131. Bu \u00e7al\u0131\u015fma, Chittick\u2019in muhte\u015fem kariyerine bir ba\u015fka uzun soluklu katk\u0131 olacak ve onun g\u00fcn\u00fcm\u00fcz tasavvuf ara\u015ft\u0131rmac\u0131lar\u0131n\u0131n \u00f6nde gelenlerindenbiri olarak edindi\u011fi konumun kan\u0131t\u0131 say\u0131lacak.\u201d Prof. Dr. Omid Safi, Duke \u00dcniversitesi \u201cMevl\u00e2n\u00e2, H\u00e2f\u0131z, Att\u00e2r ve di\u011ferleri gibi \u0130l\u00e2h\u00ee ve ins\u00e2n\u00ee a\u015fk\u0131 dile getiren s\u00fbf\u00ee \u015f\u00e2irler g\u00fcn\u00fcm\u00fczde de tan\u0131d\u0131k \u015fahsiyetlerdir. Chittick\u2019in kitab\u0131, s\u00f6z konusu a\u015fk \u015fiiri i\u00e7in zemin haz\u0131rlayan ve y\u00fczy\u0131llar boyunca \u0130sl\u00e2m\u2019\u0131n yayg\u0131n olarak anla\u015f\u0131lma tarz\u0131n\u0131 \u015fekillendiren a\u015fk teolojisine ili\u015fkin erken d\u00f6nemm\u00fcelliflerinin Fars\u00e7a ve Arap\u00e7a d\u00fczyaz\u0131 \u00f6rneklerini gayet g\u00fczel bir bi\u00e7imde sunmaktad\u0131r.\u201d Prof. Dr. James W. Morris, Boston College<\/p>\n","protected":false},"excerpt":{"rendered":"<p>\u201cGenel olarak \u0130sl\u00e2m m\u00e2neviy\u00e2t\u0131 \u00fczerine yap\u0131lm\u0131\u015f \u00e7ok de\u011ferli bir \u00e7al\u0131\u015fma oldu\u011fu kadar tasavvuf alan\u0131nda akademik birikimin yans\u0131d\u0131\u011f\u0131 bir ba\u015fyap\u0131tla kar\u015f\u0131 kar\u015f\u0131yay\u0131z: \u00dczerinden tasavvufun hak\u00eekatine \u00e2it bereketin<span class=\"excerpt-hellip\"> [\u2026]<\/span><\/p>\n","protected":false},"featured_media":0,"template":"","meta":{"_monsterinsights_skip_tracking":false,"_monsterinsights_sitenote_active":false,"_monsterinsights_sitenote_note":"","_monsterinsights_sitenote_category":0},"product_brand":[],"product_cat":[12718,12719,15238],"product_tag":[],"class_list":{"0":"post-714472","1":"product","2":"type-product","3":"status-publish","5":"product_cat-din","6":"product_cat-islam","7":"product_cat-tasavvuf","8":"pa_cilt-ciltsiz","9":"pa_tur-kitap","10":"pa_yayinevi-nefes-yayincilik","11":"pa_yazar-william-c-chittick","13":"first","14":"instock","15":"sale","16":"shipping-taxable","17":"purchasable","18":"product-type-simple"},"_links":{"self":[{"href":"https:\/\/roveyayinevi.com.tr\/index.php\/wp-json\/wp\/v2\/product\/714472","targetHints":{"allow":["GET"]}}],"collection":[{"href":"https:\/\/roveyayinevi.com.tr\/index.php\/wp-json\/wp\/v2\/product"}],"about":[{"href":"https:\/\/roveyayinevi.com.tr\/index.php\/wp-json\/wp\/v2\/types\/product"}],"wp:attachment":[{"href":"https:\/\/roveyayinevi.com.tr\/index.php\/wp-json\/wp\/v2\/media?parent=714472"}],"wp:term":[{"taxonomy":"product_brand","embeddable":true,"href":"https:\/\/roveyayinevi.com.tr\/index.php\/wp-json\/wp\/v2\/product_brand?post=714472"},{"taxonomy":"product_cat","embeddable":true,"href":"https:\/\/roveyayinevi.com.tr\/index.php\/wp-json\/wp\/v2\/product_cat?post=714472"},{"taxonomy":"product_tag","embeddable":true,"href":"https:\/\/roveyayinevi.com.tr\/index.php\/wp-json\/wp\/v2\/product_tag?post=714472"}],"curies":[{"name":"wp","href":"https:\/\/api.w.org\/{rel}","templated":true}]}}