{"id":714468,"date":"2025-08-27T17:18:50","date_gmt":"2025-08-27T14:18:50","guid":{"rendered":"https:\/\/roveyayinevi.com.tr\/index.php\/urun\/19-nuans-is-hayatinda-basari-icin-fark-yaratacak-19-anahtar\/"},"modified":"2026-04-16T02:22:50","modified_gmt":"2026-04-15T23:22:50","slug":"19-nuans-is-hayatinda-basari-icin-fark-yaratacak-19-anahtar","status":"publish","type":"product","link":"https:\/\/roveyayinevi.com.tr\/index.php\/urun\/19-nuans-is-hayatinda-basari-icin-fark-yaratacak-19-anahtar\/","title":{"rendered":"19 N\u00fcans \u0130\u015f Hayat\u0131nda Ba\u015far\u0131 \u0130\u00e7in Fark Yaratacak 19 Anahtar"},"content":{"rendered":"<p>Yazar, \u201cKitab\u0131 okuyucuya sunarken \u00fc\u00e7 noktaya \u00f6zen g\u00f6sterdim: Klasik bir i\u015f kitab\u0131na g\u00f6re daha ak\u0131c\u0131 olmas\u0131na, teorik bilgilerden daha \u00e7ok pratik bilgiler i\u00e7ermesine, bu yap\u0131lmal\u0131, \u015fu yap\u0131lmal\u0131 gibi mant\u0131ksal s\u00f6ylemlerin yan\u0131nda insani duygulara da yer vermesine\u2026\u201d diyerek ba\u015fl\u0131yor anlatmaya ve i\u015f ya\u015fam\u0131nda ba\u015far\u0131l\u0131 olmay\u0131 hedefleyen bir \u00e7al\u0131\u015fan\u0131n neler yapmas\u0131 gerekti\u011fini, bir\u00e7ok farkl\u0131 sekt\u00f6r ve \u015firkette ya\u015fanm\u0131\u015f veya g\u00f6zlemlenmi\u015f deneyimlerinin s\u00fczgecinden ge\u00e7irerek okuyucu ile bulu\u015fuyor. \u0130nan Ac\u0131l\u0131o\u011flu\u2019nun kaleme ald\u0131\u011f\u0131 ve Elma Yay\u0131nevi\u2019nin yay\u0131mlad\u0131\u011f\u0131 19 N\u00fcans sizlerle\u2026 Keyifli okumalar.<\/p>\n","protected":false},"excerpt":{"rendered":"<p>Yazar, \u201cKitab\u0131 okuyucuya sunarken \u00fc\u00e7 noktaya \u00f6zen g\u00f6sterdim: Klasik bir i\u015f kitab\u0131na g\u00f6re daha ak\u0131c\u0131 olmas\u0131na, teorik bilgilerden daha \u00e7ok pratik bilgiler i\u00e7ermesine, bu yap\u0131lmal\u0131, \u015fu<span class=\"excerpt-hellip\"> [\u2026]<\/span><\/p>\n","protected":false},"featured_media":0,"template":"","meta":{"_monsterinsights_skip_tracking":false,"_monsterinsights_sitenote_active":false,"_monsterinsights_sitenote_note":"","_monsterinsights_sitenote_category":0},"product_brand":[],"product_cat":[13043,17647],"product_tag":[],"class_list":{"0":"post-714468","1":"product","2":"type-product","3":"status-publish","5":"product_cat-ekonomi","6":"product_cat-is-dunyasi","7":"pa_cilt-ciltsiz","8":"pa_tur-kitap","9":"pa_yayinevi-elma-yayinevi","10":"pa_yazar-inan-acilioglu","12":"first","13":"instock","14":"sale","15":"shipping-taxable","16":"purchasable","17":"product-type-simple"},"_links":{"self":[{"href":"https:\/\/roveyayinevi.com.tr\/index.php\/wp-json\/wp\/v2\/product\/714468","targetHints":{"allow":["GET"]}}],"collection":[{"href":"https:\/\/roveyayinevi.com.tr\/index.php\/wp-json\/wp\/v2\/product"}],"about":[{"href":"https:\/\/roveyayinevi.com.tr\/index.php\/wp-json\/wp\/v2\/types\/product"}],"wp:attachment":[{"href":"https:\/\/roveyayinevi.com.tr\/index.php\/wp-json\/wp\/v2\/media?parent=714468"}],"wp:term":[{"taxonomy":"product_brand","embeddable":true,"href":"https:\/\/roveyayinevi.com.tr\/index.php\/wp-json\/wp\/v2\/product_brand?post=714468"},{"taxonomy":"product_cat","embeddable":true,"href":"https:\/\/roveyayinevi.com.tr\/index.php\/wp-json\/wp\/v2\/product_cat?post=714468"},{"taxonomy":"product_tag","embeddable":true,"href":"https:\/\/roveyayinevi.com.tr\/index.php\/wp-json\/wp\/v2\/product_tag?post=714468"}],"curies":[{"name":"wp","href":"https:\/\/api.w.org\/{rel}","templated":true}]}}