{"id":714467,"date":"2025-08-27T17:18:50","date_gmt":"2025-08-27T14:18:50","guid":{"rendered":"https:\/\/roveyayinevi.com.tr\/index.php\/urun\/buyuk-kacis-nevbahar\/"},"modified":"2026-04-16T02:22:50","modified_gmt":"2026-04-15T23:22:50","slug":"buyuk-kacis-nevbahar","status":"publish","type":"product","link":"https:\/\/roveyayinevi.com.tr\/index.php\/urun\/buyuk-kacis-nevbahar\/","title":{"rendered":"B\u00fcy\u00fck Ka\u00e7\u0131\u015f &#8211; Nevbahar"},"content":{"rendered":"<p>\u201cD\u00fcnyaya bir melek b\u0131rakt\u0131k ama kanatlar\u0131 olmay\u0131 beceremedik.\u201d Ge\u00e7mi\u015finin g\u00f6lgesinden s\u0131yr\u0131lmak hi\u00e7 de kolay de\u011fildi. Ay\u015fe, babas\u0131n\u0131n mektubundan sonra y\u00fcz y\u00fcze geldi\u011fi ger\u00e7ekle o sanc\u0131l\u0131 g\u00fcnleri resmen yeniden ya\u015famaya ba\u015flam\u0131\u015ft\u0131. Hayat onun i\u00e7in her zaman zor olmu\u015ftu. Fakat bu sefer daha da zordu. Ali, bir erke\u011fin k\u00e2bus tutsakl\u0131\u011f\u0131ndan kurtulup a\u015fka tutsak olman\u0131n ad\u0131yd\u0131 Ay\u015fe i\u00e7in. Bu sefer sevdi\u011fi adam vard\u0131. Kanats\u0131z mele\u011fi\u2026  Endi\u015fesi onunla boyut de\u011fi\u015ftirmi\u015f, korkular\u0131 onun i\u00e7in g\u00f6klere \u00e7\u0131km\u0131\u015ft\u0131. \u00c7\u00fcnk\u00fc biliyordu, o adam durmayacakt\u0131. Ka\u00e7t\u0131\u011f\u0131 ger\u00e7e\u011fin bir ad\u0131m \u00f6tesinden geldi\u011finden habersiz hayat\u0131n\u0131 s\u00fcrd\u00fcrmeye devam ederken her \u015fey tepetaklak olmu\u015ftu. Ka\u00e7\u0131\u015f\u0131 asl\u0131nda tam da sand\u0131\u011f\u0131 gibiydi. Tehditlerin bo\u015funa olmay\u0131\u015f\u0131n\u0131 k\u00f6t\u00fc bir \u015fekilde ya\u015fayarak \u00f6\u011frendi\u011finde, kendini tehlikeli bir yol ayr\u0131m\u0131nda bulmu\u015ftu. \u00c7ok iyi biliyordu ki se\u00e7ti\u011fi yol onun sonuydu, ka\u00e7t\u0131\u011f\u0131 ger\u00e7ekti. Bir mektup\u2026 Bir karanl\u0131k ge\u00e7mi\u015f\u2026 Bir puslu gelecek\u2026 \u201cBir ge\u00e7mi\u015f d\u00fc\u015f\u00fcn\u00fcn, bir sis gibi sinsice etraf\u0131n\u0131z\u0131 saran ve amac\u0131 sadece \u00f6l\u00fcm olan.\u201d B\u00fcy\u00fck Ka\u00e7\u0131\u015f Nevbahar; umuda s\u0131ms\u0131k\u0131 tutunanlar\u0131n, mutluluk arayanlar\u0131n, bir \u00e7\u0131rp\u0131n\u0131\u015f\u0131n, bir \u00f6zg\u00fcrl\u00fc\u011f\u00fcn ve huzurda bo\u011fulmak isteyenlerin hik\u00e2yesi. <\/p>\n","protected":false},"excerpt":{"rendered":"<p>\u201cD\u00fcnyaya bir melek b\u0131rakt\u0131k ama kanatlar\u0131 olmay\u0131 beceremedik.\u201d Ge\u00e7mi\u015finin g\u00f6lgesinden s\u0131yr\u0131lmak hi\u00e7 de kolay de\u011fildi. Ay\u015fe, babas\u0131n\u0131n mektubundan sonra y\u00fcz y\u00fcze geldi\u011fi ger\u00e7ekle o sanc\u0131l\u0131 g\u00fcnleri<span class=\"excerpt-hellip\"> [\u2026]<\/span><\/p>\n","protected":false},"featured_media":0,"template":"","meta":{"_monsterinsights_skip_tracking":false,"_monsterinsights_sitenote_active":false,"_monsterinsights_sitenote_note":"","_monsterinsights_sitenote_category":0},"product_brand":[],"product_cat":[14643,12291],"product_tag":[],"class_list":{"0":"post-714467","1":"product","2":"type-product","3":"status-publish","5":"product_cat-ask","6":"product_cat-edebiyat","7":"pa_cilt-ciltsiz","8":"pa_tur-kitap","9":"pa_yayinevi-muptela-yayinevi","10":"pa_yazar-emine-dogan","12":"first","13":"instock","14":"sale","15":"shipping-taxable","16":"purchasable","17":"product-type-simple"},"_links":{"self":[{"href":"https:\/\/roveyayinevi.com.tr\/index.php\/wp-json\/wp\/v2\/product\/714467","targetHints":{"allow":["GET"]}}],"collection":[{"href":"https:\/\/roveyayinevi.com.tr\/index.php\/wp-json\/wp\/v2\/product"}],"about":[{"href":"https:\/\/roveyayinevi.com.tr\/index.php\/wp-json\/wp\/v2\/types\/product"}],"wp:attachment":[{"href":"https:\/\/roveyayinevi.com.tr\/index.php\/wp-json\/wp\/v2\/media?parent=714467"}],"wp:term":[{"taxonomy":"product_brand","embeddable":true,"href":"https:\/\/roveyayinevi.com.tr\/index.php\/wp-json\/wp\/v2\/product_brand?post=714467"},{"taxonomy":"product_cat","embeddable":true,"href":"https:\/\/roveyayinevi.com.tr\/index.php\/wp-json\/wp\/v2\/product_cat?post=714467"},{"taxonomy":"product_tag","embeddable":true,"href":"https:\/\/roveyayinevi.com.tr\/index.php\/wp-json\/wp\/v2\/product_tag?post=714467"}],"curies":[{"name":"wp","href":"https:\/\/api.w.org\/{rel}","templated":true}]}}