{"id":714466,"date":"2025-08-27T17:18:49","date_gmt":"2025-08-27T14:18:49","guid":{"rendered":"https:\/\/roveyayinevi.com.tr\/index.php\/urun\/yasam-tuneli-egitimden-siyasete-siyasetten-insan-iliskilerine\/"},"modified":"2026-04-06T12:44:34","modified_gmt":"2026-04-06T09:44:34","slug":"yasam-tuneli-egitimden-siyasete-siyasetten-insan-iliskilerine","status":"publish","type":"product","link":"https:\/\/roveyayinevi.com.tr\/index.php\/urun\/yasam-tuneli-egitimden-siyasete-siyasetten-insan-iliskilerine\/","title":{"rendered":"Ya\u015fam T\u00fcneli E\u011fitimden Siyasete Siyasetten \u0130nsan \u0130li\u015fkilerine"},"content":{"rendered":"<p>Ya\u015fam t\u00fcneli, e\u011fitimin insanl\u0131\u011f\u0131 gelece\u011fe ta\u015f\u0131yaca\u011f\u0131 bir t\u00fcnelidir. E\u011fitimin ayd\u0131nl\u0131\u011f\u0131nda \u00e7\u0131k\u0131\u015fa kadar pes etmeden, yorulmadan ve geriye bakma ihtiyac\u0131 hissetmeden gidilebilecek \u00e7ok uzun bir yol. Demokratik, laik bir gelecek i\u00e7in, daha refah ya\u015fam i\u00e7in, e\u011fitimin \u00f6neminin bilincinde ya\u015fam t\u00fcnelinde girdik. Karanl\u0131\u011f\u0131n sonunda \u0131\u015f\u0131k g\u00f6r\u00fcn\u00fcyor olsa da \u00fclke olarak siyasal iktidarlar\u0131n bilin\u00e7li tercihleriyle geriye, daha da gerilere do\u011fru yol al\u0131yoruz&#8230; D\u00fcnya bir yandan ileriye do\u011fru giderken, bilimsel deneyler geli\u015fmelere her g\u00fcn bir yenisi eklenirken T\u00fcrkiye\u2019de e\u011fitim, Darwin\u2019in \u201cEvrim Teorisi\u201dnin ve Marx\u2019\u0131n m\u00fcfredattan \u00e7\u0131kar\u0131ld\u0131\u011f\u0131 bir noktaya getirildik. Giri\u015fi kolay, \u00e7\u0131k\u0131\u015f\u0131n dipsiz bir karanl\u0131k oldu\u011fu t\u00fcnele sokuldu toplum; nefesi kesilsin, umutlar\u0131 t\u00fckensin ve teslim olup biat etsin diye. ramlar\u0131n hik\u00e2yelerine tan\u0131k olacaks\u0131n\u0131z.. <\/p>\n","protected":false},"excerpt":{"rendered":"<p>Ya\u015fam t\u00fcneli, e\u011fitimin insanl\u0131\u011f\u0131 gelece\u011fe ta\u015f\u0131yaca\u011f\u0131 bir t\u00fcnelidir. E\u011fitimin ayd\u0131nl\u0131\u011f\u0131nda \u00e7\u0131k\u0131\u015fa kadar pes etmeden, yorulmadan ve geriye bakma ihtiyac\u0131 hissetmeden gidilebilecek \u00e7ok uzun bir yol. Demokratik,<span class=\"excerpt-hellip\"> [\u2026]<\/span><\/p>\n","protected":false},"featured_media":0,"template":"","meta":{"_monsterinsights_skip_tracking":false,"_monsterinsights_sitenote_active":false,"_monsterinsights_sitenote_note":"","_monsterinsights_sitenote_category":0},"product_brand":[],"product_cat":[12567,12566],"product_tag":[],"class_list":{"0":"post-714466","1":"product","2":"type-product","3":"status-publish","5":"product_cat-diger-egitim","6":"product_cat-egitim","7":"pa_cilt-ciltsiz","8":"pa_tur-kitap","9":"pa_yayinevi-chiviyazilari-yayinevi","10":"pa_yazar-cemal-cagli","12":"first","13":"instock","14":"sale","15":"shipping-taxable","16":"purchasable","17":"product-type-simple"},"_links":{"self":[{"href":"https:\/\/roveyayinevi.com.tr\/index.php\/wp-json\/wp\/v2\/product\/714466","targetHints":{"allow":["GET"]}}],"collection":[{"href":"https:\/\/roveyayinevi.com.tr\/index.php\/wp-json\/wp\/v2\/product"}],"about":[{"href":"https:\/\/roveyayinevi.com.tr\/index.php\/wp-json\/wp\/v2\/types\/product"}],"wp:attachment":[{"href":"https:\/\/roveyayinevi.com.tr\/index.php\/wp-json\/wp\/v2\/media?parent=714466"}],"wp:term":[{"taxonomy":"product_brand","embeddable":true,"href":"https:\/\/roveyayinevi.com.tr\/index.php\/wp-json\/wp\/v2\/product_brand?post=714466"},{"taxonomy":"product_cat","embeddable":true,"href":"https:\/\/roveyayinevi.com.tr\/index.php\/wp-json\/wp\/v2\/product_cat?post=714466"},{"taxonomy":"product_tag","embeddable":true,"href":"https:\/\/roveyayinevi.com.tr\/index.php\/wp-json\/wp\/v2\/product_tag?post=714466"}],"curies":[{"name":"wp","href":"https:\/\/api.w.org\/{rel}","templated":true}]}}