{"id":714465,"date":"2025-08-27T17:18:48","date_gmt":"2025-08-27T14:18:48","guid":{"rendered":"https:\/\/roveyayinevi.com.tr\/index.php\/urun\/denedim-hikayeledim\/"},"modified":"2026-02-23T11:17:25","modified_gmt":"2026-02-23T08:17:25","slug":"denedim-hikayeledim","status":"publish","type":"product","link":"https:\/\/roveyayinevi.com.tr\/index.php\/urun\/denedim-hikayeledim\/","title":{"rendered":"Denedim Hikayeledim"},"content":{"rendered":"<p>\u00d6zg\u00fcrsen ya\u015f\u0131yorsun&#8230; Ya\u015f\u0131yorsan umut vard\u0131r&#8230;   Yeter ki izin verme&#8230; Budayamas\u0131nlar dallar\u0131n\u0131&#8230; K\u0131ramas\u0131nlar kanatlar\u0131n\u0131&#8230;   Mucizelere inan, hayallerinden korkma&#8230;   U\u00e7abilirsin&#8230;     <\/p>\n","protected":false},"excerpt":{"rendered":"<p>\u00d6zg\u00fcrsen ya\u015f\u0131yorsun&#8230; Ya\u015f\u0131yorsan umut vard\u0131r&#8230; Yeter ki izin verme&#8230; Budayamas\u0131nlar dallar\u0131n\u0131&#8230; K\u0131ramas\u0131nlar kanatlar\u0131n\u0131&#8230; Mucizelere inan, hayallerinden korkma&#8230; U\u00e7abilirsin&#8230;<\/p>\n","protected":false},"featured_media":0,"template":"","meta":{"_monsterinsights_skip_tracking":false,"_monsterinsights_sitenote_active":false,"_monsterinsights_sitenote_note":"","_monsterinsights_sitenote_category":0},"product_brand":[],"product_cat":[12291,12711],"product_tag":[],"class_list":{"0":"post-714465","1":"product","2":"type-product","3":"status-publish","5":"product_cat-edebiyat","6":"product_cat-roman-oyku","7":"pa_cilt-ciltsiz","8":"pa_tur-kitap","9":"pa_yayinevi-admeta-kitap","10":"pa_yazar-selda-cokbilen","12":"first","13":"instock","14":"sale","15":"shipping-taxable","16":"purchasable","17":"product-type-simple"},"_links":{"self":[{"href":"https:\/\/roveyayinevi.com.tr\/index.php\/wp-json\/wp\/v2\/product\/714465","targetHints":{"allow":["GET"]}}],"collection":[{"href":"https:\/\/roveyayinevi.com.tr\/index.php\/wp-json\/wp\/v2\/product"}],"about":[{"href":"https:\/\/roveyayinevi.com.tr\/index.php\/wp-json\/wp\/v2\/types\/product"}],"wp:attachment":[{"href":"https:\/\/roveyayinevi.com.tr\/index.php\/wp-json\/wp\/v2\/media?parent=714465"}],"wp:term":[{"taxonomy":"product_brand","embeddable":true,"href":"https:\/\/roveyayinevi.com.tr\/index.php\/wp-json\/wp\/v2\/product_brand?post=714465"},{"taxonomy":"product_cat","embeddable":true,"href":"https:\/\/roveyayinevi.com.tr\/index.php\/wp-json\/wp\/v2\/product_cat?post=714465"},{"taxonomy":"product_tag","embeddable":true,"href":"https:\/\/roveyayinevi.com.tr\/index.php\/wp-json\/wp\/v2\/product_tag?post=714465"}],"curies":[{"name":"wp","href":"https:\/\/api.w.org\/{rel}","templated":true}]}}