{"id":714463,"date":"2025-08-27T17:18:47","date_gmt":"2025-08-27T14:18:47","guid":{"rendered":"https:\/\/roveyayinevi.com.tr\/index.php\/urun\/16-nisan-15-16-temmuzdan-cumhurbaskanligi-sistemine-turkiyenin-demokratik-birligi-mucadelesinde-yeni-asama\/"},"modified":"2026-04-16T02:22:50","modified_gmt":"2026-04-15T23:22:50","slug":"16-nisan-15-16-temmuzdan-cumhurbaskanligi-sistemine-turkiyenin-demokratik-birligi-mucadelesinde-yeni-asama","status":"publish","type":"product","link":"https:\/\/roveyayinevi.com.tr\/index.php\/urun\/16-nisan-15-16-temmuzdan-cumhurbaskanligi-sistemine-turkiyenin-demokratik-birligi-mucadelesinde-yeni-asama\/","title":{"rendered":"16 Nisan: 15-16 Temmuz&#8217;dan Cumhurba\u015fkanl\u0131\u011f\u0131 Sistemine T\u00fcrkiye\u2019nin Demokratik Birli\u011fi M\u00fccadelesinde Yeni A\u015fama"},"content":{"rendered":"<p>\u201c16 Nisan 2017 tarihi, T\u00fcrkiye\u2019nin demokrasi m\u00fccadelesinde yeni bir a\u015famaya i\u015faret etmektedir. Bu d\u00f6nem, Cumhuriyet\u2019in kurulu\u015fundan sonra bir\u00e7ok \u00f6nemli noktada belirleyici olmu\u015f fa\u015fizan-kurumsal egemenli\u011fin tamamen tasfiyesine y\u00f6nelik son a\u015fama olarak tan\u0131mlanabilir. \u00c7\u00fcnk\u00fc 16 Nisan 2017 Halk Oylamas\u0131nda kabul edilen Anayasa De\u011fi\u015fikli\u011fi, cumhurba\u015fkanl\u0131\u011f\u0131 h\u00fck\u00fcmet modeli a\u00e7\u0131s\u0131ndan sadece pozitif hukuk sistemati\u011finde bir yenilenme ad\u0131m\u0131 de\u011fildir. Bu, b\u00fct\u00fcn boyutlar\u0131yla siyasal sistemde reform ba\u015flatan bir ad\u0131md\u0131r. Bu kadar b\u00fcy\u00fck bir \u00f6nemi olan 16 Nisan Anayasa De\u011fi\u015fikli\u011finin \u00e7e\u015fitli boyutlar\u0131yla analiz edilmesi gerekmektedir. Bu k\u0131sa \u00e7al\u0131\u015fmada 16 Nisan Anayasa De\u011fi\u015fikli\u011fi; zamanlama, politik-hukuk yakla\u015f\u0131m\u0131, demokrasi \u00f6l\u00e7\u00fctleri ve i\u00e7eri\u011fi a\u00e7\u0131s\u0131ndan ele al\u0131nacakt\u0131r. Zamanlama konusu de\u011ferlendirilirken 15 Temmuz olaylar\u0131n\u0131n analizine, siyasi ve hukuki sonu\u00e7lar\u0131na \u00f6zel bir paragraf a\u00e7mak gerekir. Bunun i\u00e7in 15-16 Temmuz Milli Demokratik Halk Devrimi zamanlamaya ba\u011fl\u0131 olarak ayr\u0131 bir ba\u015fl\u0131k alt\u0131nda ele al\u0131nm\u0131\u015ft\u0131r. Ayr\u0131ca k\u0131sa de\u011finilerle; me\u015fruiyet, mutabakat ve teklik hususlar\u0131nda de\u011ferlendirme yap\u0131lacakt\u0131r. Son b\u00f6l\u00fcmde ise uyum d\u00fczenlemelerine ili\u015fkin genel yakla\u015f\u0131mlar ve baz\u0131 somut konular ele al\u0131nmaktad\u0131r.\u201d- Mehmet U\u00e7um<\/p>\n","protected":false},"excerpt":{"rendered":"<p>\u201c16 Nisan 2017 tarihi, T\u00fcrkiye\u2019nin demokrasi m\u00fccadelesinde yeni bir a\u015famaya i\u015faret etmektedir. Bu d\u00f6nem, Cumhuriyet\u2019in kurulu\u015fundan sonra bir\u00e7ok \u00f6nemli noktada belirleyici olmu\u015f fa\u015fizan-kurumsal egemenli\u011fin tamamen tasfiyesine<span class=\"excerpt-hellip\"> [\u2026]<\/span><\/p>\n","protected":false},"featured_media":0,"template":"","meta":{"_monsterinsights_skip_tracking":false,"_monsterinsights_sitenote_active":false,"_monsterinsights_sitenote_note":"","_monsterinsights_sitenote_category":0},"product_brand":[],"product_cat":[12337,14543],"product_tag":[],"class_list":{"0":"post-714463","1":"product","2":"type-product","3":"status-publish","5":"product_cat-politika-siyaset","6":"product_cat-turkiye-siyaseti-ve-politikasi","7":"pa_cilt-ciltsiz","8":"pa_tur-kitap","9":"pa_yayinevi-alfa-yayinlari","10":"pa_yazar-mehmet-ucum","12":"first","13":"instock","14":"sale","15":"shipping-taxable","16":"purchasable","17":"product-type-simple"},"_links":{"self":[{"href":"https:\/\/roveyayinevi.com.tr\/index.php\/wp-json\/wp\/v2\/product\/714463","targetHints":{"allow":["GET"]}}],"collection":[{"href":"https:\/\/roveyayinevi.com.tr\/index.php\/wp-json\/wp\/v2\/product"}],"about":[{"href":"https:\/\/roveyayinevi.com.tr\/index.php\/wp-json\/wp\/v2\/types\/product"}],"wp:attachment":[{"href":"https:\/\/roveyayinevi.com.tr\/index.php\/wp-json\/wp\/v2\/media?parent=714463"}],"wp:term":[{"taxonomy":"product_brand","embeddable":true,"href":"https:\/\/roveyayinevi.com.tr\/index.php\/wp-json\/wp\/v2\/product_brand?post=714463"},{"taxonomy":"product_cat","embeddable":true,"href":"https:\/\/roveyayinevi.com.tr\/index.php\/wp-json\/wp\/v2\/product_cat?post=714463"},{"taxonomy":"product_tag","embeddable":true,"href":"https:\/\/roveyayinevi.com.tr\/index.php\/wp-json\/wp\/v2\/product_tag?post=714463"}],"curies":[{"name":"wp","href":"https:\/\/api.w.org\/{rel}","templated":true}]}}