{"id":714459,"date":"2025-08-27T17:18:45","date_gmt":"2025-08-27T14:18:45","guid":{"rendered":"https:\/\/roveyayinevi.com.tr\/index.php\/urun\/hukuk-felsefesinin-prensipleri\/"},"modified":"2026-04-16T02:22:50","modified_gmt":"2026-04-15T23:22:50","slug":"hukuk-felsefesinin-prensipleri","status":"publish","type":"product","link":"https:\/\/roveyayinevi.com.tr\/index.php\/urun\/hukuk-felsefesinin-prensipleri\/","title":{"rendered":"Hukuk Felsefesinin Prensipleri"},"content":{"rendered":"<p>\u201cHegel, antik site idealini hi\u00e7bir zaman terk etmemi\u015ftir. 0, yaln\u0131zca, bu ideali \u00e7a\u011fda\u015f realite ile, toplum i\u00e7inde giderek daha \u00f6nemli bir rol oynayan bir burjuvazinin varl\u0131\u011f\u0131 ile uzla\u015ft\u0131rmak istemi\u015ftir. Hegel, hukuk konusundaki d\u00fc\u015f\u00fcncesinin ilk sistematik \u015fekli olan jena Hukuk Felsefesi&#8217;nde, tabii hukuku,sosyal kurumlar\u0131 yaln\u0131zca kendi maddi ve manevi geli\u015fmesine hizmet eden ara\u00e7lar gibi g\u00f6ren bireysel \u015fahs\u0131n hukuku olarak d\u00fc\u015f\u00fcn\u00fcr ve onun kar\u015f\u0131s\u0131na bir organik tabii hukuku koyar; bireyci atomizme, Totalite fikriyle kar\u015f\u0131 \u00e7\u0131kar.Bu noktada, Hegel&#8217;in d\u00fc\u015f\u00fcncesi hi\u00e7 de\u011fi\u015fmeyecektir. jena Hukuk felsefesi, \u015fu temel prensipten hareket eder: \u201cahlaki d\u00fczenin pozitif yan\u0131, mutlak ahlaki totalitenin bir halktan ba\u015fka bir \u015fey olmamas\u0131d\u0131r&#8221;. Demek ki, organize olmu\u015f \u015fekliyle bir devlet olan halk, mutlak esprinin biricik somut tecellisidir. Hegel, daha gen\u00e7lik \u00e7al\u0131\u015fmalar\u0131 s\u0131ras\u0131nda bile, sevginin trajik kaderinin, kaybolmadan s\u0131n\u0131rs\u0131zca s\u00fcr\u00fcp gidememek oldu\u011funu biliyordu. Endivid\u00fcalizmle kar\u0131\u015fan soyut insaniyet\u00e7ilik, insan\u0131 tarihiyle uzla\u015ft\u0131ramaz. insanl\u0131k tarihi, her biri bir somut Evrensel olan halklar\u0131n veya devletlerin tarihidir. \u00d6yleyse, tabii, yani rasyonel hukuk felsefesi, devletin d\u00fc\u015f\u00fcncesi olacakt\u0131r, g\u00fczel totalitenin d\u00fc\u015f\u00fcncesi olacakt\u0131r. Bu totalitenin i\u00e7inde birey, bir par\u00e7a olarak, kendi kendisini a\u015fmak suretiyle kaderini ger\u00e7ekle\u015ftirir. &#8220;\u00d6zg\u00fcr bir halk\u0131n i\u00e7inde, ak\u0131l, asl\u0131nda fiilen ger\u00e7ekle\u015fmi\u015f, canl\u0131 esprinin haz\u0131r mevcudiyeti olmu\u015ftur&#8230; Antik\u00e7a\u011f\u0131n en bilge ki\u015filerine \u015fu \u00f6zdeyi\u015fi s\u00f6yleten sebep budur: bilgelik ve erdem, insan\u0131n kendi halk\u0131n\u0131n \u00f6rf ve adetlerine uygun olarak ya\u015famas\u0131d\u0131r&#8221;.Hegel, bu d\u00fc\u015f\u00fcnsel yakla\u015f\u0131m\u0131yla, kapitalist devlet yap\u0131s\u0131n\u0131n hukuki temelini atmayla kalmam\u0131\u015f, bug\u00fcne dek s\u00fcre gelen ulus-devletin temel hukuksal format\u0131n\u0131 yaratm\u0131\u015ft\u0131r. <\/p>\n","protected":false},"excerpt":{"rendered":"<p>\u201cHegel, antik site idealini hi\u00e7bir zaman terk etmemi\u015ftir. 0, yaln\u0131zca, bu ideali \u00e7a\u011fda\u015f realite ile, toplum i\u00e7inde giderek daha \u00f6nemli bir rol oynayan bir burjuvazinin varl\u0131\u011f\u0131<span class=\"excerpt-hellip\"> [\u2026]<\/span><\/p>\n","protected":false},"featured_media":0,"template":"","meta":{"_monsterinsights_skip_tracking":false,"_monsterinsights_sitenote_active":false,"_monsterinsights_sitenote_note":"","_monsterinsights_sitenote_category":0},"product_brand":[],"product_cat":[16038,12388],"product_tag":[],"class_list":{"0":"post-714459","1":"product","2":"type-product","3":"status-publish","5":"product_cat-arastirma-inceleme-referans-felsefe","6":"product_cat-felsefe","7":"pa_cilt-ciltsiz","8":"pa_tur-kitap","9":"pa_yayinevi-sumer-yayin","10":"pa_yazar-georg-wilhelm-friedrich-hegel","12":"first","13":"instock","14":"sale","15":"shipping-taxable","16":"purchasable","17":"product-type-simple"},"_links":{"self":[{"href":"https:\/\/roveyayinevi.com.tr\/index.php\/wp-json\/wp\/v2\/product\/714459","targetHints":{"allow":["GET"]}}],"collection":[{"href":"https:\/\/roveyayinevi.com.tr\/index.php\/wp-json\/wp\/v2\/product"}],"about":[{"href":"https:\/\/roveyayinevi.com.tr\/index.php\/wp-json\/wp\/v2\/types\/product"}],"wp:attachment":[{"href":"https:\/\/roveyayinevi.com.tr\/index.php\/wp-json\/wp\/v2\/media?parent=714459"}],"wp:term":[{"taxonomy":"product_brand","embeddable":true,"href":"https:\/\/roveyayinevi.com.tr\/index.php\/wp-json\/wp\/v2\/product_brand?post=714459"},{"taxonomy":"product_cat","embeddable":true,"href":"https:\/\/roveyayinevi.com.tr\/index.php\/wp-json\/wp\/v2\/product_cat?post=714459"},{"taxonomy":"product_tag","embeddable":true,"href":"https:\/\/roveyayinevi.com.tr\/index.php\/wp-json\/wp\/v2\/product_tag?post=714459"}],"curies":[{"name":"wp","href":"https:\/\/api.w.org\/{rel}","templated":true}]}}