{"id":714455,"date":"2025-08-27T17:18:43","date_gmt":"2025-08-27T14:18:43","guid":{"rendered":"https:\/\/roveyayinevi.com.tr\/index.php\/urun\/bilissel-davranisci-terapi-temel-ilkeler-ve-uygulama\/"},"modified":"2026-04-16T02:22:50","modified_gmt":"2026-04-15T23:22:50","slug":"bilissel-davranisci-terapi-temel-ilkeler-ve-uygulama","status":"publish","type":"product","link":"https:\/\/roveyayinevi.com.tr\/index.php\/urun\/bilissel-davranisci-terapi-temel-ilkeler-ve-uygulama\/","title":{"rendered":"Bili\u015fsel Davran\u0131\u015f\u00e7\u0131 Terapi: Temel \u0130lkeler ve Uygulama"},"content":{"rendered":"<p>Bili\u015fsel Terapi, yaln\u0131zca ba\u015fvuranlar\u0131n g\u00fcncel sorunlar\u0131n\u0131 \u00e7\u00f6zmez, ayn\u0131 zamanda b\u00fct\u00fcn ya\u015famlar\u0131 boyunca sorunlar\u0131n\u0131 \u00e7\u00f6zebilecekleri \u00f6zel birtak\u0131m beceriler de \u00f6\u011fretir. Unutmay\u0131n ki; \u201cOlaylar\u0131 oldu\u011fu gibi de\u011fil, oldu\u011fumuz gibi g\u00f6r\u00fcr\u00fcz\u201d.\u201cBili\u015fsel terapi alan\u0131nda yaz\u0131lan bu kitapta hem BDT\u2019nin tan\u0131t\u0131lmas\u0131, hem de BDT\u2019nin uygulanabilir alanlar\u0131n\u0131n ak\u0131c\u0131 ve anla\u015f\u0131l\u0131r bir dille aktar\u0131lm\u0131\u015f olmas\u0131 T\u00fcrkiye\u2019deki bili\u015fsel terapi alan\u0131 ad\u0131na bir kazan\u00e7 niteli\u011findedir. Bunun yan\u0131nda t\u00fcm ruh sa\u011fl\u0131\u011f\u0131 alan\u0131nda \u00e7al\u0131\u015fanlara ve hastalara yol g\u00f6sterici niteli\u011finde olan bu kitab\u0131 bizlere kazand\u0131ran Dr. Hakan T\u00fcrk\u00e7apar\u2019a te\u015fekk\u00fcrlerimi sunar\u0131m.\u201dDr. Emel Stroup (ABPP, ACT)\u201cProf. Hakan T\u00fcrk\u00e7apar\u2019\u0131n Bili\u015fsel Davran\u0131\u015f\u00e7\u0131 Terapi: Temel \u0130lkeler ve Uygulama isimli kitab\u0131n\u0131n yeni bask\u0131s\u0131, bili\u015fsel terapi modeli i\u00e7in harika bir ba\u015flang\u0131\u00e7 ve genel de\u011ferlendirme. Bu m\u00fcthi\u015f eser, klinisyenlere, bili\u015fsel model veya psikopatoloji hakk\u0131nda, hastalar\u0131n nas\u0131l de\u011ferlendirilmesi gerekti\u011fi, ilk seansta nas\u0131l etkili \u00e7al\u0131\u015f\u0131laca\u011f\u0131, olgu kavramla\u015ft\u0131rmas\u0131 ve sorunlu d\u00fc\u015f\u00fcn\u00fc\u015f-davran\u0131\u015f bi\u00e7imlerini tan\u0131lama hakk\u0131nda g\u00fcncel bir bak\u0131\u015f a\u00e7\u0131s\u0131 sa\u011fl\u0131yor. Elinizdeki kitap, bili\u015fsel modeli bilin\u00e7li ve sofistike bir ba\u011flamda kullanmak isteyen klinisyenler i\u00e7in \u00e7ok \u00f6nemli bir kaynak. Klinisyenlere \u015fiddetle tavsiye ederim.\u201dProf. Dr. Robert L. LeahyAmerican Bili\u015fsel Terapi Enstit\u00fcs\u00fc Direkt\u00f6r\u00fcBili\u015fsel Davran\u0131\u015f\u00e7\u0131 Terapiler Derne\u011fi Eski Ba\u015fkan\u0131Uluslararas\u0131 Bili\u015fsel Psikoterapi Derne\u011fi Eski Ba\u015fkan\u0131Bili\u015fsel Terapi Akademisi Eski Ba\u015fkan\u0131\u201cHakan T\u00fcrk\u00e7apar, bili\u015fsel terapinin teori ve prati\u011fiyle ilgilenen T\u00fcrk\u00e7e konu\u015fan klinisyenler i\u00e7in de\u011ferli bir kitap yazm\u0131\u015f. Hakan, T\u00fcrkiye\u2019deki psikiyatri kurumlar\u0131nda bili\u015fsel davran\u0131\u015f\u00e7\u0131 terapi e\u011fitimi, s\u00fcpervizyonu ve yayg\u0131nla\u015ft\u0131r\u0131lmas\u0131 konular\u0131nda olduk\u00e7a yo\u011fun \u00e7al\u0131\u015fmalar yapan deneyimli bir BDT klinisyeni. Onunla \u00e7al\u0131\u015fmaktan her zaman b\u00fcy\u00fck keyif ald\u0131m; bu kitab\u0131 da bili\u015fsel terapinin temel prensipleri ve uygulamalar\u0131n\u0131 \u00f6\u011frenmek isteyen T\u00fcrk\u00e7e konu\u015fan t\u00fcm ak\u0131l sa\u011fl\u0131\u011f\u0131 \u00e7al\u0131\u015fanlar\u0131na tavsiye ederim.Prof. Dr. Judith S. BeckBeck Bili\u015fsel Davran\u0131\u015f\u00e7\u0131 Terapi Enstit\u00fcs\u00fc Ba\u015fkan\u0131\u201cKuramlar, foto\u011fraf \u00e7eken bir kameraya benzer; kameran\u0131n objektifi resmi \u00e7ekerken belli bir noktaya odaklan\u0131r, di\u011ferlerini g\u00f6z ard\u0131 eder, etmek zorundad\u0131r. Kameran\u0131n a\u00e7\u0131s\u0131 ne kadar geni\u015fse o kadar daha fazla \u00f6\u011fe kapsan\u0131r. \u0130nsan psikolojisiyle ilgili \u00e7e\u015fitli kuramlar da b\u00f6yledir. Bili\u015fsel davran\u0131\u015f\u00e7\u0131 terapinin bu noktadaki fark\u0131 ya da ayr\u0131cal\u0131\u011f\u0131; psikoloji alan\u0131ndaki \u00e7e\u015fitli kuramlar i\u00e7inde, bilimsel y\u00f6ntemi psikolojiye uygulama iddias\u0131n\u0131 kendine kalk\u0131\u015f noktas\u0131 olarak benimsemesi ve bu sayede di\u011fer kuramlardan farkl\u0131la\u015fmas\u0131d\u0131r. Bili\u015fsel davran\u0131\u015f\u00e7\u0131 kuram\u0131n bilimsel \u00f6nerme ve verilere (g\u00f6zlem, hipotez-hipotezin test edilmesi) dayal\u0131 olarak olu\u015fturulmas\u0131 ve onu temel almas\u0131, di\u011fer bilimsel kuramlar\u0131 i\u00e7inde kapsayarak d\u0131\u015flay\u0131c\u0131 olmamas\u0131 ve psikolojideki en insana \u00f6zg\u00fc yan\u0131, yani bili\u015fleri merkeze oturtmas\u0131 ve de\u011fi\u015fimde merkezi dayanak noktas\u0131 yapmas\u0131nda yatar. Birazdan sayfalar aras\u0131nda ilerledik\u00e7e, yukar\u0131daki \u00f6l\u00e7\u00fctler a\u00e7\u0131s\u0131ndan kuramlar\u0131 de\u011ferlendirdik\u00e7e, neden bu kitapta bili\u015fsel davran\u0131\u015f\u00e7\u0131 terapinin konu al\u0131nd\u0131\u011f\u0131 daha iyi ortaya \u00e7\u0131kacakt\u0131r.\u201d\u201cBili\u015fsel davran\u0131\u015f\u00e7\u0131 terapinin uygulama alan\u0131nda di\u011fer psikoterapilerden farkl\u0131la\u015fan y\u00f6n\u00fc yap\u0131land\u0131r\u0131lm\u0131\u015f bir tedavi olmas\u0131d\u0131r. Bunun iki anlam\u0131 vard\u0131r: Birincisi bili\u015fsel davran\u0131\u015f\u00e7\u0131 terapi s\u00fcreci, seanslar aras\u0131nda yap\u0131land\u0131r\u0131lm\u0131\u015ft\u0131r. Terapi s\u00fcrecinin genel yap\u0131s\u0131 de\u011ferlendirme, ilk psikoterapi g\u00f6r\u00fc\u015fmesi, terapi s\u00fcreci ve yinelemeyi \u00f6nleme ve g\u00fc\u00e7lendirme g\u00f6r\u00fc\u015fmeleri s\u0131ras\u0131n\u0131 izler. Yani s\u00fcre\u00e7 de\u011ferlendirme ve tedavi ama\u00e7lar\u0131n\u0131n belirlenmesiyle ba\u015flar, psikoe\u011fitim seanslar\u0131 ve bili\u015fsel davran\u0131\u015fsal m\u00fcdahalelerin uyguland\u0131\u011f\u0131 rahats\u0131zl\u0131\u011fa \u00f6zg\u00fc tedavi protokol\u00fcyle devam eder ve sonland\u0131rma seanslar\u0131yla biter. S\u00fcre\u00e7 bittikten sonra da gerek duyulursa g\u00fc\u00e7lendirme seanslar\u0131 yap\u0131l\u0131r. \u0130kinci anlam\u0131 ise her seans\u0131n kendi i\u00e7inde de benzer bir yap\u0131n\u0131n olmas\u0131d\u0131r. Seanslar da aynen terapi s\u00fcreci gibi k\u0131sa bir de\u011ferlendirme, ama\u00e7\/g\u00fcndem belirleme ile ba\u015flar. Bili\u015fsel davran\u0131\u015f\u00e7\u0131 m\u00fcdahalelerle s\u00fcre. \u00d6zet ve geribildirimle biter.\u201d<\/p>\n","protected":false},"excerpt":{"rendered":"<p>Bili\u015fsel Terapi, yaln\u0131zca ba\u015fvuranlar\u0131n g\u00fcncel sorunlar\u0131n\u0131 \u00e7\u00f6zmez, ayn\u0131 zamanda b\u00fct\u00fcn ya\u015famlar\u0131 boyunca sorunlar\u0131n\u0131 \u00e7\u00f6zebilecekleri \u00f6zel birtak\u0131m beceriler de \u00f6\u011fretir. Unutmay\u0131n ki; \u201cOlaylar\u0131 oldu\u011fu gibi de\u011fil, oldu\u011fumuz<span class=\"excerpt-hellip\"> [\u2026]<\/span><\/p>\n","protected":false},"featured_media":0,"template":"","meta":{"_monsterinsights_skip_tracking":false,"_monsterinsights_sitenote_active":false,"_monsterinsights_sitenote_note":"","_monsterinsights_sitenote_category":0},"product_brand":[],"product_cat":[20502,12357],"product_tag":[],"class_list":{"0":"post-714455","1":"product","2":"type-product","3":"status-publish","5":"product_cat-basvuru-kitaplari-psikoloji","6":"product_cat-psikoloji","7":"pa_cilt-ciltsiz","8":"pa_tur-kitap","9":"pa_yayinevi-epsilon-yayinlari","10":"pa_yazar-hakan-turkcapar","12":"first","13":"instock","14":"sale","15":"shipping-taxable","16":"purchasable","17":"product-type-simple"},"_links":{"self":[{"href":"https:\/\/roveyayinevi.com.tr\/index.php\/wp-json\/wp\/v2\/product\/714455","targetHints":{"allow":["GET"]}}],"collection":[{"href":"https:\/\/roveyayinevi.com.tr\/index.php\/wp-json\/wp\/v2\/product"}],"about":[{"href":"https:\/\/roveyayinevi.com.tr\/index.php\/wp-json\/wp\/v2\/types\/product"}],"wp:attachment":[{"href":"https:\/\/roveyayinevi.com.tr\/index.php\/wp-json\/wp\/v2\/media?parent=714455"}],"wp:term":[{"taxonomy":"product_brand","embeddable":true,"href":"https:\/\/roveyayinevi.com.tr\/index.php\/wp-json\/wp\/v2\/product_brand?post=714455"},{"taxonomy":"product_cat","embeddable":true,"href":"https:\/\/roveyayinevi.com.tr\/index.php\/wp-json\/wp\/v2\/product_cat?post=714455"},{"taxonomy":"product_tag","embeddable":true,"href":"https:\/\/roveyayinevi.com.tr\/index.php\/wp-json\/wp\/v2\/product_tag?post=714455"}],"curies":[{"name":"wp","href":"https:\/\/api.w.org\/{rel}","templated":true}]}}