{"id":714454,"date":"2025-08-27T17:18:43","date_gmt":"2025-08-27T14:18:43","guid":{"rendered":"https:\/\/roveyayinevi.com.tr\/index.php\/urun\/turk-savasi-sanati-kutadgu-bilige-gore\/"},"modified":"2026-04-16T02:22:50","modified_gmt":"2026-04-15T23:22:50","slug":"turk-savasi-sanati-kutadgu-bilige-gore","status":"publish","type":"product","link":"https:\/\/roveyayinevi.com.tr\/index.php\/urun\/turk-savasi-sanati-kutadgu-bilige-gore\/","title":{"rendered":"T\u00fcrk Sava\u015f\u0131 Sanat\u0131 Kutadgu Bilig&#8217;e G\u00f6re"},"content":{"rendered":"<p>T\u00fcrk tarih\u00e7ili\u011finin son d\u00f6nemdeki en \u00f6nemli isimlerinden Erkan G\u00f6ksu, Sun-Tzu\u2019nunSava\u015f Sanat\u0131\u2019ndan ald\u0131\u011f\u0131 ilhamla T\u00fcrklerin mesle\u011fi olan sava\u015f\u0131n, d\u00fc\u015f\u00fcnce boyutundaki izini s\u00fcr\u00fcyor. Kitap ilk olarak sava\u015f ve sanat\u0131na dair nitelikli ve incelikli bir ara\u015ft\u0131rman\u0131n sonucu olarak \u015fiddet olgusundan ba\u015flay\u0131p Sun-Tzu\u2019nun eserinin yans\u0131malar\u0131na, bir \u0130slam\/T\u00fcrk Sava\u015f sanat\u0131n\u0131n varl\u0131\u011f\u0131na ve T\u00fcrklerin sava\u015fa nas\u0131l bakt\u0131\u011f\u0131na dair en veciz ifadeleri bar\u0131nd\u0131ran Kutadgu Bilig\u2019den \u00f6nce sava\u015f \u00fczerine yaz\u0131lm\u0131\u015f eserlere e\u011filiyor. Ard\u0131ndan Kutadgu Bilig\u2019in hikmetli sat\u0131rlar\u0131 aras\u0131na gizlenmi\u015f olan T\u00fcrk sava\u015f sanat\u0131n\u0131 da t\u00fcm s\u0131rlar\u0131yla beraber merakl\u0131 zihinlere sunuyor. 11. y\u00fczy\u0131lda Yusuf H\u00e2sH\u00e2cib taraf\u0131ndan kaleme al\u0131nan Kutadgu Bilig, T\u00fcrk devlet ve toplum d\u00fc\u015f\u00fcncesini en a\u00e7\u0131k ve sade \u015fekilde yans\u0131tan eserlerin ilkidir. Bu eser T\u00fcrklerin ahl\u00e2k, siyaset ve hukuk anlay\u0131\u015flar\u0131n\u0131 son derece felsef\u00ee bir derinlikle, kendine has \u00fcslubuyla anlat\u0131r. Kutadgu Bilig\u2019de sava\u015f, \u201cbilgisiz ve k\u00f6t\u00fclere, anla\u015fmak istemeyen, adaletsizlik yapan d\u00fc\u015fmanlara kar\u015f\u0131 ba\u015fvurulacak son \u00e7are\u201d olarak de\u011ferlendirilir. Yusuf H\u00e2sH\u00e2cib bu eserinde sava\u015fa dair g\u00f6r\u00fc\u015flerini sunarken T\u00fcrklerin sava\u015fla olan ili\u015fkilerinin nas\u0131l olmas\u0131 gerekti\u011fine olduk\u00e7a zengin bir perspektiften bakar.Erkan G\u00f6ksu da bu 1000 y\u0131ll\u0131k eserden yola \u00e7\u0131karak T\u00fcrk sava\u015f d\u00fc\u015f\u00fcncesi \u00fczerine titizlikle yakla\u015f\u0131yor ve daha \u00f6nce benzeri g\u00f6r\u00fclmemi\u015f bir kaynak ortaya \u00e7\u0131kart\u0131yor. Bu eser tarih boyunca en korkulu sava\u015f\u00e7\u0131 milletler aras\u0131nda an\u0131lan T\u00fcrklerin sava\u015fa nas\u0131l bakt\u0131klar\u0131n\u0131, sava\u015f\u0131n \u00f6ncesinde ve sonras\u0131nda \u00f6nem verdiklerini, sava\u015f s\u0131ras\u0131nda nas\u0131l davranmalar\u0131 gerekti\u011fini bilge Yusuf H\u00e2sH\u00e2cib\u2019inKutadgu Bilig\u2019inde ge\u00e7en hikmet dolu ifadelerle aktar\u0131yor. T\u00fcrk Sava\u015f Sanat\u0131, ilk c\u00fcmlesinden son c\u00fcmlesine dek her y\u00f6n\u00fcyle ilham veren bir \u00e7al\u0131\u015fma. <\/p>\n","protected":false},"excerpt":{"rendered":"<p>T\u00fcrk tarih\u00e7ili\u011finin son d\u00f6nemdeki en \u00f6nemli isimlerinden Erkan G\u00f6ksu, Sun-Tzu\u2019nunSava\u015f Sanat\u0131\u2019ndan ald\u0131\u011f\u0131 ilhamla T\u00fcrklerin mesle\u011fi olan sava\u015f\u0131n, d\u00fc\u015f\u00fcnce boyutundaki izini s\u00fcr\u00fcyor. Kitap ilk olarak sava\u015f ve<span class=\"excerpt-hellip\"> [\u2026]<\/span><\/p>\n","protected":false},"featured_media":0,"template":"","meta":{"_monsterinsights_skip_tracking":false,"_monsterinsights_sitenote_active":false,"_monsterinsights_sitenote_note":"","_monsterinsights_sitenote_category":0},"product_brand":[],"product_cat":[12304,13650],"product_tag":[],"class_list":{"0":"post-714454","1":"product","2":"type-product","3":"status-publish","5":"product_cat-tarih","6":"product_cat-turk-tarihi-arastirmalari","7":"pa_cilt-ciltsiz","8":"pa_tur-kitap","9":"pa_yayinevi-kronik-kitap","10":"pa_yazar-erkan-goksu","12":"first","13":"instock","14":"sale","15":"shipping-taxable","16":"purchasable","17":"product-type-simple"},"_links":{"self":[{"href":"https:\/\/roveyayinevi.com.tr\/index.php\/wp-json\/wp\/v2\/product\/714454","targetHints":{"allow":["GET"]}}],"collection":[{"href":"https:\/\/roveyayinevi.com.tr\/index.php\/wp-json\/wp\/v2\/product"}],"about":[{"href":"https:\/\/roveyayinevi.com.tr\/index.php\/wp-json\/wp\/v2\/types\/product"}],"wp:attachment":[{"href":"https:\/\/roveyayinevi.com.tr\/index.php\/wp-json\/wp\/v2\/media?parent=714454"}],"wp:term":[{"taxonomy":"product_brand","embeddable":true,"href":"https:\/\/roveyayinevi.com.tr\/index.php\/wp-json\/wp\/v2\/product_brand?post=714454"},{"taxonomy":"product_cat","embeddable":true,"href":"https:\/\/roveyayinevi.com.tr\/index.php\/wp-json\/wp\/v2\/product_cat?post=714454"},{"taxonomy":"product_tag","embeddable":true,"href":"https:\/\/roveyayinevi.com.tr\/index.php\/wp-json\/wp\/v2\/product_tag?post=714454"}],"curies":[{"name":"wp","href":"https:\/\/api.w.org\/{rel}","templated":true}]}}