{"id":714453,"date":"2025-08-27T17:18:42","date_gmt":"2025-08-27T14:18:42","guid":{"rendered":"https:\/\/roveyayinevi.com.tr\/index.php\/urun\/iran-seyahatnamesi-10-yuzyilda-kafkasyadan-fars-korfezine-yolculuk-953-955\/"},"modified":"2026-04-16T02:22:50","modified_gmt":"2026-04-15T23:22:50","slug":"iran-seyahatnamesi-10-yuzyilda-kafkasyadan-fars-korfezine-yolculuk-953-955","status":"publish","type":"product","link":"https:\/\/roveyayinevi.com.tr\/index.php\/urun\/iran-seyahatnamesi-10-yuzyilda-kafkasyadan-fars-korfezine-yolculuk-953-955\/","title":{"rendered":"\u0130ran Seyahatnamesi 10. Y\u00fczy\u0131lda Kafkasya&#8217;dan Fars K\u00f6rfezi&#8217;ne Yolculuk 953-955"},"content":{"rendered":"<p>10. y\u00fczy\u0131l \u0130ran co\u011frafyas\u0131na masals\u0131 bir seyahat\u2026 Seyahatnameler bir seyyah\u0131n ki\u015fisel g\u00f6zlemlerinden \u00e7ok daha \u00f6tesidir. Bir seyahatname okuru, hem o zaman\u0131n co\u011frafyas\u0131na yolculuk yapm\u0131\u015f olur hem de o co\u011frafyan\u0131n insan\u0131n\u0131, iklimini, ticaretini, inan\u00e7lar\u0131n\u0131, geleneklerini ve di\u011fer niteliklerini ke\u015ffeder. Dolay\u0131s\u0131yla seyahatnameler bir tarih kitab\u0131ndan ziyade tastamam bir rehber kitapt\u0131r. T\u00fcrk tarih\u00e7ili\u011finin efsane ismi Zeki Velidi Togan, Abd\u00fclkadir \u0130nan ile birlikte 1922 y\u0131l\u0131nda Horasan topraklar\u0131na do\u011fru yola \u00e7\u0131karlar. Seyahat esnas\u0131nda, bir seyyah, edebiyat\u00e7\u0131 ve do\u011fabilimci olan Ebu D\u00fclefMis\u2019ar bin M\u00fchelhil el-Hazrec\u00eeYenbu\u00ee\u2019ninS\u00e2m\u00e2no\u011fullar\u0131 d\u00f6neminde kaleme al\u0131nan bir eserini bulurlar: \u0130ran Seyahatnamesi(Rihle f\u00ee Vasati Asiya). Ebu D\u00fclef, g\u00fcn\u00fcm\u00fczde \u0130ran, Afganistan, Azerbaycan, Ermenistan ve T\u00fcrkiye s\u0131n\u0131rlar\u0131nda bulunan topraklar \u00fczerinde seyahat etmi\u015f, bu co\u011frafyalar\u0131n tarihinden efsanelerine, madenlerinden \u015fifal\u0131 bitkilerine, \u00e2detlerinden ya\u015fay\u0131\u015flar\u0131na dek notlar\u0131n\u0131 e\u015fsiz bir \u00fcslupla kaleme alm\u0131\u015f \u00e7ok \u00f6nemli bir seyyah. \u0130ran Seyahatnamesi ise yaz\u0131ld\u0131\u011f\u0131 d\u00f6nemin co\u011frafyas\u0131 ve insanlar\u0131 \u00fczerindeki bilinmezlik bulutlar\u0131n\u0131n da\u011f\u0131t\u0131lmas\u0131 ve bir s\u00fcre sonra b\u00f6lgede kurulacak Sel\u00e7uklu h\u00e2kimiyetinin vaziyeti hakk\u0131nda \u00e7ok kritik ipu\u00e7lar\u0131 vermesi a\u00e7\u0131s\u0131ndan ba\u015fvuru niteli\u011finde. T\u00fcrk\u00e7eye ilk kez kazand\u0131r\u0131lan bu eser, gen\u00e7 tarih\u00e7ilerimizden Serdar G\u00fcndo\u011fdu taraf\u0131ndan titizlikle \u00e7evrilmi\u015f, bunun yan\u0131 s\u0131ra Ebu D\u00fclef\u2019in verdi\u011fi bilgilerle di\u011fer \u00f6nemli seyahatnameler kar\u015f\u0131la\u015ft\u0131r\u0131lm\u0131\u015f, ilave notlar eklenmi\u015ftir. Tarihin, co\u011frafyan\u0131n ve seyahatin bulu\u015ftu\u011fu bu kitap, objektif verilerin \u00e7ok az oldu\u011fu, adeta masals\u0131 bir d\u00f6nemin bilimsel bir ayd\u0131nl\u0131\u011fa kavu\u015fmas\u0131 yolunda bir nadir kaynak stat\u00fcs\u00fcnde.  <\/p>\n","protected":false},"excerpt":{"rendered":"<p>10. y\u00fczy\u0131l \u0130ran co\u011frafyas\u0131na masals\u0131 bir seyahat\u2026 Seyahatnameler bir seyyah\u0131n ki\u015fisel g\u00f6zlemlerinden \u00e7ok daha \u00f6tesidir. Bir seyahatname okuru, hem o zaman\u0131n co\u011frafyas\u0131na yolculuk yapm\u0131\u015f olur hem<span class=\"excerpt-hellip\"> [\u2026]<\/span><\/p>\n","protected":false},"featured_media":0,"template":"","meta":{"_monsterinsights_skip_tracking":false,"_monsterinsights_sitenote_active":false,"_monsterinsights_sitenote_note":"","_monsterinsights_sitenote_category":0},"product_brand":[],"product_cat":[13528,13527],"product_tag":[],"class_list":{"0":"post-714453","1":"product","2":"type-product","3":"status-publish","5":"product_cat-gezi","6":"product_cat-sureli-yayinlar","7":"pa_cilt-ciltsiz","8":"pa_tur-kitap","9":"pa_yayinevi-kronik-kitap","10":"pa_yazar-ebu-dulef","12":"first","13":"instock","14":"sale","15":"shipping-taxable","16":"purchasable","17":"product-type-simple"},"_links":{"self":[{"href":"https:\/\/roveyayinevi.com.tr\/index.php\/wp-json\/wp\/v2\/product\/714453","targetHints":{"allow":["GET"]}}],"collection":[{"href":"https:\/\/roveyayinevi.com.tr\/index.php\/wp-json\/wp\/v2\/product"}],"about":[{"href":"https:\/\/roveyayinevi.com.tr\/index.php\/wp-json\/wp\/v2\/types\/product"}],"wp:attachment":[{"href":"https:\/\/roveyayinevi.com.tr\/index.php\/wp-json\/wp\/v2\/media?parent=714453"}],"wp:term":[{"taxonomy":"product_brand","embeddable":true,"href":"https:\/\/roveyayinevi.com.tr\/index.php\/wp-json\/wp\/v2\/product_brand?post=714453"},{"taxonomy":"product_cat","embeddable":true,"href":"https:\/\/roveyayinevi.com.tr\/index.php\/wp-json\/wp\/v2\/product_cat?post=714453"},{"taxonomy":"product_tag","embeddable":true,"href":"https:\/\/roveyayinevi.com.tr\/index.php\/wp-json\/wp\/v2\/product_tag?post=714453"}],"curies":[{"name":"wp","href":"https:\/\/api.w.org\/{rel}","templated":true}]}}