{"id":714432,"date":"2025-08-27T17:18:28","date_gmt":"2025-08-27T14:18:28","guid":{"rendered":"https:\/\/roveyayinevi.com.tr\/index.php\/urun\/divan-5\/"},"modified":"2026-04-16T02:22:50","modified_gmt":"2026-04-15T23:22:50","slug":"divan-5","status":"publish","type":"product","link":"https:\/\/roveyayinevi.com.tr\/index.php\/urun\/divan-5\/","title":{"rendered":"Divan"},"content":{"rendered":"<p>D\u00eev\u00e2n, 17. y\u00fczy\u0131lda ya\u015fam\u0131\u015fMel\u00e2y\u00eaCiz\u00eer\u00ee\u2019nin yazd\u0131\u011f\u0131 tek eserdir. Ciz\u00eer\u00ee\u2019nin \u015fiirleri metafizik ve ruhsal bir derinlik i\u00e7ermekle birlikte \u015fairin sadece gelene\u011fin getirdi\u011fi kli\u015felere, mazmunlara yaslanmakla yetinmeyip metaforlara, alegorilere dayal\u0131 karma\u015f\u0131k ve \u00e7arp\u0131c\u0131 bir d\u00fc\u015f\u00fcnsel arka plan kurmay\u0131 ustal\u0131kla ba\u015fard\u0131\u011f\u0131 g\u00f6r\u00fcl\u00fcr. Bu \u015fiirlerde a\u015fk ve g\u00fczellik kavramlar\u0131 b\u00fct\u00fcnl\u00fck i\u00e7inde, bir arada ele al\u0131n\u0131r. \u015eairin mistik tutkusu kendini a\u00e7\u0131k\u00e7a g\u00f6sterir. Ara\u015ft\u0131rmac\u0131lartaraf\u0131ndan \u201cvarl\u0131\u011f\u0131nd\u00f6rttemelunsurunabe\u015finci\u00f6\u011feolaraka\u015fk\u0131ekleyen\u015fair\u201d olaraknitelenenCiz\u00eer\u00ee, varl\u0131kileyoklukaras\u0131ndaki\u00e7izgiyibirdairehalindeb\u00fct\u00fcnle\u015ftirmeye\u00e7al\u0131\u015f\u0131rvebuna \u201ca\u015fk\u201d ad\u0131n\u0131verir. \u201cKim o k\u00e2tip, hatlar\u0131n\u0131 dizen, bir\u2019den\u00e7ok\u2019ab\u00f6lu\u0308nen \/ Kim yu\u0308zu\u0308nu\u0308 mevz\u00fbn k\u0131lan, o s\u0131rr\u0131 \u00e7\u00f6zecek olan \/ \u00c7\u0131ks\u0131n d\u00f6ktu\u0308\u011fu\u0308 na\u011fmeleri \u00fbd ve r\u00fbdun bilen varsa \/ Mu\u0308\u015fku\u0308lu\u0308 \u00e7oktur, a\u015fk ne kolay g\u00f6ru\u0308nu\u0308r oysa.\u201d<\/p>\n","protected":false},"excerpt":{"rendered":"<p>D\u00eev\u00e2n, 17. y\u00fczy\u0131lda ya\u015fam\u0131\u015fMel\u00e2y\u00eaCiz\u00eer\u00ee\u2019nin yazd\u0131\u011f\u0131 tek eserdir. Ciz\u00eer\u00ee\u2019nin \u015fiirleri metafizik ve ruhsal bir derinlik i\u00e7ermekle birlikte \u015fairin sadece gelene\u011fin getirdi\u011fi kli\u015felere, mazmunlara yaslanmakla yetinmeyip metaforlara, alegorilere<span class=\"excerpt-hellip\"> [\u2026]<\/span><\/p>\n","protected":false},"featured_media":0,"template":"","meta":{"_monsterinsights_skip_tracking":false,"_monsterinsights_sitenote_active":false,"_monsterinsights_sitenote_note":"","_monsterinsights_sitenote_category":0},"product_brand":[],"product_cat":[12291,12509],"product_tag":[],"class_list":{"0":"post-714432","1":"product","2":"type-product","3":"status-publish","5":"product_cat-edebiyat","6":"product_cat-siir","7":"pa_cilt-ciltsiz","8":"pa_tur-kitap","9":"pa_yayinevi-ayrinti-yayinlari","10":"pa_yazar-melaye-ciziri","12":"first","13":"instock","14":"sale","15":"shipping-taxable","16":"purchasable","17":"product-type-simple"},"_links":{"self":[{"href":"https:\/\/roveyayinevi.com.tr\/index.php\/wp-json\/wp\/v2\/product\/714432","targetHints":{"allow":["GET"]}}],"collection":[{"href":"https:\/\/roveyayinevi.com.tr\/index.php\/wp-json\/wp\/v2\/product"}],"about":[{"href":"https:\/\/roveyayinevi.com.tr\/index.php\/wp-json\/wp\/v2\/types\/product"}],"wp:attachment":[{"href":"https:\/\/roveyayinevi.com.tr\/index.php\/wp-json\/wp\/v2\/media?parent=714432"}],"wp:term":[{"taxonomy":"product_brand","embeddable":true,"href":"https:\/\/roveyayinevi.com.tr\/index.php\/wp-json\/wp\/v2\/product_brand?post=714432"},{"taxonomy":"product_cat","embeddable":true,"href":"https:\/\/roveyayinevi.com.tr\/index.php\/wp-json\/wp\/v2\/product_cat?post=714432"},{"taxonomy":"product_tag","embeddable":true,"href":"https:\/\/roveyayinevi.com.tr\/index.php\/wp-json\/wp\/v2\/product_tag?post=714432"}],"curies":[{"name":"wp","href":"https:\/\/api.w.org\/{rel}","templated":true}]}}