{"id":714431,"date":"2025-08-27T17:18:28","date_gmt":"2025-08-27T14:18:28","guid":{"rendered":"https:\/\/roveyayinevi.com.tr\/index.php\/urun\/yeni-bir-yasamin-anahtarlari\/"},"modified":"2026-04-16T02:22:50","modified_gmt":"2026-04-15T23:22:50","slug":"yeni-bir-yasamin-anahtarlari","status":"publish","type":"product","link":"https:\/\/roveyayinevi.com.tr\/index.php\/urun\/yeni-bir-yasamin-anahtarlari\/","title":{"rendered":"Yeni Bir Ya\u015fam\u0131n Anahtarlar\u0131"},"content":{"rendered":"<p>\u201cYa\u015fam sanat\u0131 kendi ger\u00e7ekli\u011fin olan hazineyi bulmakt\u0131r. Ona ula\u015ft\u0131\u011f\u0131nda sevgi yayabilirsin, ya\u015fam yayabilirsin, yarat\u0131c\u0131l\u0131k yayabilirsin. S\u00f6zlerin \u015fiire d\u00f6n\u00fc\u015f\u00fcr, hareketlerin zarafet kazan\u0131r; sessizli\u011finde bile bir \u015fark\u0131 \u00e7alar. Hareketsiz bir \u015fekilde otursan bile bir dans\u0131n i\u00e7indesindir. Ald\u0131\u011f\u0131n, verdi\u011fin her nefes haz verir, her kalp at\u0131\u015f\u0131 k\u0131ymetlidir, \u00e7\u00fcnk\u00fc o kalp at\u0131\u015f\u0131, evrenin kalbinin at\u0131\u015f\u0131d\u0131r \u2013 sen de onun bir par\u00e7as\u0131s\u0131nd\u0131r.\u201d\u201cSenden g\u00f6zlerini a\u00e7man\u0131, sorman\u0131 ve sorular \u00fcretmeni istiyorum. Hayat k\u00f6r\u00fc k\u00f6r\u00fcne kabul edilecek bir \u015fey de\u011fildir. A\u00e7\u0131k g\u00f6zlerle aray\u0131\u015f i\u00e7inde olman gereken bir \u015feydir.\u201d\u201cHayat ne ac\u0131d\u0131r ne de mutluluk. Hayat, onda g\u00f6rebildi\u011fimiz ne ise o olur. Hayat ona nas\u0131l bakt\u0131\u011f\u0131m\u0131zd\u0131r. Tam da bu hayatta, aram\u0131zda mutlulukla dolu insanlar da var, karanl\u0131kla, mutsuzlukla dolu insanlar da. Hayat ayn\u0131 hayatt\u0131r, ama hayata bakman\u0131n farkl\u0131 yollar\u0131 vard\u0131r. E\u011fer hayata \u00fczg\u00fcn ve karanl\u0131k g\u00f6zlerle bakmay\u0131 al\u0131\u015fkanl\u0131k edinirsek, hayatta ac\u0131 ve kederi g\u00f6rmeye e\u011filimliysek hayat\u0131n g\u00fczelliklerinden mahrum ya\u015famam\u0131z \u015fa\u015f\u0131rt\u0131c\u0131 de\u011fildir.\u201d\u201cHayat\u0131n\u0131n k\u0131skan\u00e7l\u0131k ve nefretle de\u011fil, sevgiyle dolmas\u0131n\u0131 dilerim. Biz art\u0131k yery\u00fcz\u00fcndeki k\u0131skan\u00e7 insanlardan usand\u0131k ve sevgiyle dolu yeni bir insanl\u0131\u011fa ihtiyac\u0131m\u0131z var.\u201d<\/p>\n","protected":false},"excerpt":{"rendered":"<p>\u201cYa\u015fam sanat\u0131 kendi ger\u00e7ekli\u011fin olan hazineyi bulmakt\u0131r. Ona ula\u015ft\u0131\u011f\u0131nda sevgi yayabilirsin, ya\u015fam yayabilirsin, yarat\u0131c\u0131l\u0131k yayabilirsin. S\u00f6zlerin \u015fiire d\u00f6n\u00fc\u015f\u00fcr, hareketlerin zarafet kazan\u0131r; sessizli\u011finde bile bir \u015fark\u0131 \u00e7alar.<span class=\"excerpt-hellip\"> [\u2026]<\/span><\/p>\n","protected":false},"featured_media":0,"template":"","meta":{"_monsterinsights_skip_tracking":false,"_monsterinsights_sitenote_active":false,"_monsterinsights_sitenote_note":"","_monsterinsights_sitenote_category":0},"product_brand":[],"product_cat":[12364,12376],"product_tag":[],"class_list":{"0":"post-714431","1":"product","2":"type-product","3":"status-publish","5":"product_cat-genel-konular","6":"product_cat-kisisel-gelisim","7":"pa_cilt-ciltsiz","8":"pa_tur-kitap","9":"pa_yayinevi-butik-yayinlari","10":"pa_yazar-osho","12":"first","13":"instock","14":"sale","15":"shipping-taxable","16":"purchasable","17":"product-type-simple"},"_links":{"self":[{"href":"https:\/\/roveyayinevi.com.tr\/index.php\/wp-json\/wp\/v2\/product\/714431","targetHints":{"allow":["GET"]}}],"collection":[{"href":"https:\/\/roveyayinevi.com.tr\/index.php\/wp-json\/wp\/v2\/product"}],"about":[{"href":"https:\/\/roveyayinevi.com.tr\/index.php\/wp-json\/wp\/v2\/types\/product"}],"wp:attachment":[{"href":"https:\/\/roveyayinevi.com.tr\/index.php\/wp-json\/wp\/v2\/media?parent=714431"}],"wp:term":[{"taxonomy":"product_brand","embeddable":true,"href":"https:\/\/roveyayinevi.com.tr\/index.php\/wp-json\/wp\/v2\/product_brand?post=714431"},{"taxonomy":"product_cat","embeddable":true,"href":"https:\/\/roveyayinevi.com.tr\/index.php\/wp-json\/wp\/v2\/product_cat?post=714431"},{"taxonomy":"product_tag","embeddable":true,"href":"https:\/\/roveyayinevi.com.tr\/index.php\/wp-json\/wp\/v2\/product_tag?post=714431"}],"curies":[{"name":"wp","href":"https:\/\/api.w.org\/{rel}","templated":true}]}}