{"id":714429,"date":"2025-08-27T17:18:27","date_gmt":"2025-08-27T14:18:27","guid":{"rendered":"https:\/\/roveyayinevi.com.tr\/index.php\/urun\/15-temmuz-kiyamet-gecesi-ve-milli-vurus\/"},"modified":"2026-04-16T02:22:49","modified_gmt":"2026-04-15T23:22:49","slug":"15-temmuz-kiyamet-gecesi-ve-milli-vurus","status":"publish","type":"product","link":"https:\/\/roveyayinevi.com.tr\/index.php\/urun\/15-temmuz-kiyamet-gecesi-ve-milli-vurus\/","title":{"rendered":"15 Temmuz K\u0131yam(Et) Gecesi ve Milli Vuru\u015f"},"content":{"rendered":"<p>Boynumu e\u011fmedim, dimdik y\u00fcr\u00fcd\u00fcm&#8221; U\u00e7aksavar ve uzun namlulu silahlarla kendilerine ate\u015f edildi\u011fini belirten \u00c7al\u0131\u015fkan, &#8220;Benim T\u00fcrk milletine, T\u00fcrk ordusuna ve T\u00fcrk askerlerine olan sevgim ve g\u00fcvenime g\u00f6re ve yine ald\u0131\u011f\u0131m e\u011fitimlerde \u00e7ok iyi biliyorum ki hi\u00e7birT\u00fcrk, hele T\u00fcrk askeri, halk\u0131n \u00fczerine ate\u015f etmez inanc\u0131ndan dolay\u0131 hi\u00e7 d\u00fc\u015f\u00fcnmeden darbeci askerlerin \u00fczerine do\u011fru y\u00fcr\u00fcd\u00fcm. Kesinlikle \u00fczerimize ate\u015f etmeyeceklerine inan\u0131yordum ancak \u00fczerimize do\u011fru ate\u015f etmeye ba\u015flad\u0131lar ve bas\u0131m\u0131z\u0131n \u00fczerinden mermiler ge\u00e7iyordu. Benim 7 yas\u0131ndan beri inand\u0131\u011f\u0131m bir tak\u0131m kutsal\u0131m\u0131 yerle bir ettiler, g\u00f6z\u00fcm\u00fcn \u00f6n\u00fcnde yayl\u0131m ate\u015fi yapt\u0131lar, bir de\u011fil birka\u00e7 defa yapt\u0131lar. Bir saniye dahi hedef k\u00fc\u00e7\u00fcltmedim. Boynumu e\u011fmedim, dimdik y\u00fcr\u00fcd\u00fcm. Bir Emir Binlerce Nefer&#8221; Haberi al\u0131r almaz yerimizden f\u0131rlad\u0131k ve ilk talimat\u0131m kesinlikle polis silah teslim etmeyecek, gerekirse de sihah\u0131n\u0131 kullanacak \u015feklinde oldu. Onlar\u0131n dengesini bozan as\u0131l \u015fey kurumlar\u0131n ba\u015f\u0131na gelen ki\u015filerin, hesaps\u0131z, kitaps\u0131z, cesurca liderlik sergilemesi ve i\u00e7lerindeki Vatan sevgisiydi. O gece, O g\u00fczel ses, bir anda bir yerden bir el uzan\u0131r da elinizi tutar ya, \u00f6yle bir elin uzand\u0131\u011f\u0131n\u0131 hissediyorsunuz. Orada h\u0131zl\u0131 bir \u015farj oluyorsunuz. Bitmek \u00fczere iken doluyorsunuz. 15 Temmuz Demokrasi Direni\u015finin Kahramanlar\u0131ndan, \u0130stanbul Emniyet M\u00fcd\u00fcr\u00fc Mustafa \u00c7al\u0131\u015fkan, O, gece t\u00fcm ya\u015fananlar\u0131 bu kitab\u0131nda anlatt\u0131.<\/p>\n","protected":false},"excerpt":{"rendered":"<p>Boynumu e\u011fmedim, dimdik y\u00fcr\u00fcd\u00fcm&#8221; U\u00e7aksavar ve uzun namlulu silahlarla kendilerine ate\u015f edildi\u011fini belirten \u00c7al\u0131\u015fkan, &#8220;Benim T\u00fcrk milletine, T\u00fcrk ordusuna ve T\u00fcrk askerlerine olan sevgim ve g\u00fcvenime<span class=\"excerpt-hellip\"> [\u2026]<\/span><\/p>\n","protected":false},"featured_media":0,"template":"","meta":{"_monsterinsights_skip_tracking":false,"_monsterinsights_sitenote_active":false,"_monsterinsights_sitenote_note":"","_monsterinsights_sitenote_category":0},"product_brand":[],"product_cat":[31194,12337],"product_tag":[],"class_list":{"0":"post-714429","1":"product","2":"type-product","3":"status-publish","5":"product_cat-guncel-siyaset","6":"product_cat-politika-siyaset","7":"pa_cilt-ciltsiz","8":"pa_tur-kitap","9":"pa_yayinevi-beta-kitap","10":"pa_yazar-mustafa-caliskan","12":"first","13":"instock","14":"sale","15":"shipping-taxable","16":"purchasable","17":"product-type-simple"},"_links":{"self":[{"href":"https:\/\/roveyayinevi.com.tr\/index.php\/wp-json\/wp\/v2\/product\/714429","targetHints":{"allow":["GET"]}}],"collection":[{"href":"https:\/\/roveyayinevi.com.tr\/index.php\/wp-json\/wp\/v2\/product"}],"about":[{"href":"https:\/\/roveyayinevi.com.tr\/index.php\/wp-json\/wp\/v2\/types\/product"}],"wp:attachment":[{"href":"https:\/\/roveyayinevi.com.tr\/index.php\/wp-json\/wp\/v2\/media?parent=714429"}],"wp:term":[{"taxonomy":"product_brand","embeddable":true,"href":"https:\/\/roveyayinevi.com.tr\/index.php\/wp-json\/wp\/v2\/product_brand?post=714429"},{"taxonomy":"product_cat","embeddable":true,"href":"https:\/\/roveyayinevi.com.tr\/index.php\/wp-json\/wp\/v2\/product_cat?post=714429"},{"taxonomy":"product_tag","embeddable":true,"href":"https:\/\/roveyayinevi.com.tr\/index.php\/wp-json\/wp\/v2\/product_tag?post=714429"}],"curies":[{"name":"wp","href":"https:\/\/api.w.org\/{rel}","templated":true}]}}