{"id":714428,"date":"2025-08-27T17:18:26","date_gmt":"2025-08-27T14:18:26","guid":{"rendered":"https:\/\/roveyayinevi.com.tr\/index.php\/urun\/martilari-seven-adam\/"},"modified":"2026-04-13T02:28:32","modified_gmt":"2026-04-12T23:28:32","slug":"martilari-seven-adam","status":"publish","type":"product","link":"https:\/\/roveyayinevi.com.tr\/index.php\/urun\/martilari-seven-adam\/","title":{"rendered":"Mart\u0131lar\u0131 Seven Adam"},"content":{"rendered":"<p>Mart\u0131lar\u0131 Seven Adam&#8217;da,Osho d\u00fcnyan\u0131n en b\u00fcy\u00fck bilgelik geleneklerinden Sufizm, Zen, Tao  &#8230;\u00fczerine en temel hikayeleri anlat\u0131yor ve yorumluyor. Kendisi usta bir hikaye anlat\u0131c\u0131s\u0131 olan Osho bu hikayeleri  yorumlay\u0131p onlar\u0131 g\u00fcndelik modern hayata uyarl\u0131yor. Bu hikayelerin verdi\u011fi de\u011ferli dersler hem zaman\u0131m\u0131za uygun  hem de evrensel. Her okuyu\u015fta hayat\u0131n yeni bir katman\u0131n\u0131 ke\u015ffetmek i\u00e7in ola\u011fan\u00fcst\u00fc bir eser. \u0130\u00e7erdi\u011fi temel konulardan baz\u0131lar\u0131: *Ya\u015fam taraf\u0131ndan sunulan f\u0131rsatlar\u0131 de\u011ferlendirmek *Mutluluk ile mutsuzluk aras\u0131nda se\u00e7im yapmak *\u0130nan\u00e7,G\u00fcven ve aralar\u0131ndaki farkl\u0131l\u0131klar *K\u0131skan\u00e7l\u0131k ve sahiplenme *\u0130nsan\u0131n kendi h\u0131rs ve sab\u0131rs\u0131zl\u0131\u011f\u0131n\u0131n kurban\u0131 olmas\u0131 *Korkudan \u00f6zg\u00fcrl\u00fc\u011fe yap\u0131lan yolculuk *Masumiyetin ola\u011fan\u00fcst\u00fcl\u00fc\u011f\u00fc   ..bir zamanlar k\u00f6t\u00fc ge\u00e7en bir hasattan \u015fikayet eden bir \u00e7ift\u00e7i vard\u0131:&#8221;Tanr\u0131 hava durumunu kontrol etmeme izin verse her \u015fey daha iyi olurdu.&#8221; Tanr\u0131 ona dedi ki:&#8221;Bir y\u0131l boyunca havan\u0131n kontrol\u00fcn\u00fc sana b\u0131rakaca\u011f\u0131m.Ne istersen hemen yerine gelecek. Zavall\u0131 adam \u00e7ok mutlu oldu ve hemen dedi ki &#8220;\u015fimdi g\u00fcne\u015f istiyorum&#8221; ve g\u00fcne\u015f \u00e7\u0131kt\u0131.Sonra dedi ki &#8220;\u015fimdi ya\u011fmur ya\u011fs\u0131n&#8221; ve ya\u011fd\u0131.Bir sene boyunca \u00f6nce g\u00fcne\u015f a\u00e7t\u0131 ve sonra ya\u011fmur ya\u011fd\u0131.Mahs\u00fcl hi\u00e7 bu kadar bol,hi\u00e7 bu kadar yemye\u015fil olmam\u0131\u015ft\u0131. S\u0131ra hasata geldi.\u00c7ift\u00e7i bu\u011fday\u0131 bi\u00e7meye koyuldu,ama y\u00fcre\u011fine indi.Ba\u015faklar\u0131n i\u00e7i bombo\u015ftu.Tanr\u0131 gelip sordu: &#8220;Nas\u0131l mahs\u00fcl\u00fcn ?&#8221; Adam \u015fikayet etti:&#8221;K\u00f6t\u00fc efendim,\u00e7ok k\u00f6t\u00fc&#8221;. &#8220;Peki sen havay\u0131 kontrol etmedin mi ?\u0130stedi\u011fin her \u015fey olmad\u0131 m\u0131 ?&#8221; &#8220;Evet!Ben de i\u015fte bundan dolay\u0131 \u015fa\u015fk\u0131na d\u00f6nd\u00fcm.\u0130stedi\u011fim g\u00fcne\u015fi ve ya\u011fmuru elde ettim ama hi\u00e7 mahs\u00fcl yok.&#8221; &#8220;Peki hi\u00e7 r\u00fczgar,f\u0131rt\u0131na,kar ve buz istemedin mi ?Bunlar havay\u0131 temizleyip k\u00f6kleri g\u00fc\u00e7l\u00fc hale getiriyor.Mahs\u00fcl\u00fcn de i\u00e7i doluyor.Hep iyi havayla olur mu hi\u00e7 ? Elinde bu y\u00fczden mahs\u00fcl yok&#8221; Ya\u015fam hem iyi hava hem k\u00f6t\u00fc hava,hem zevk hem ac\u0131,hem yaz hem k\u0131\u015f,hem gece hem g\u00fcnd\u00fcz varsa ya\u015fan\u0131r.Hem \u00fcz\u00fcnt\u00fc hem mutluluk,hem rahat hem rahats\u0131zl\u0131k olmal\u0131.Ya\u015fam i\u015fte b\u00f6yle u\u00e7lar aras\u0131nda g\u00fczelle\u015fir..<\/p>\n","protected":false},"excerpt":{"rendered":"<p>Mart\u0131lar\u0131 Seven Adam&#8217;da,Osho d\u00fcnyan\u0131n en b\u00fcy\u00fck bilgelik geleneklerinden Sufizm, Zen, Tao &#8230;\u00fczerine en temel hikayeleri anlat\u0131yor ve yorumluyor. Kendisi usta bir hikaye anlat\u0131c\u0131s\u0131 olan Osho bu<span class=\"excerpt-hellip\"> [\u2026]<\/span><\/p>\n","protected":false},"featured_media":0,"template":"","meta":{"_monsterinsights_skip_tracking":false,"_monsterinsights_sitenote_active":false,"_monsterinsights_sitenote_note":"","_monsterinsights_sitenote_category":0},"product_brand":[],"product_cat":[12364,12376],"product_tag":[],"class_list":{"0":"post-714428","1":"product","2":"type-product","3":"status-publish","5":"product_cat-genel-konular","6":"product_cat-kisisel-gelisim","7":"pa_cilt-ciltsiz","8":"pa_tur-kitap","9":"pa_yayinevi-butik-yayinlari","10":"pa_yazar-osho","12":"first","13":"instock","14":"sale","15":"shipping-taxable","16":"purchasable","17":"product-type-simple"},"_links":{"self":[{"href":"https:\/\/roveyayinevi.com.tr\/index.php\/wp-json\/wp\/v2\/product\/714428","targetHints":{"allow":["GET"]}}],"collection":[{"href":"https:\/\/roveyayinevi.com.tr\/index.php\/wp-json\/wp\/v2\/product"}],"about":[{"href":"https:\/\/roveyayinevi.com.tr\/index.php\/wp-json\/wp\/v2\/types\/product"}],"wp:attachment":[{"href":"https:\/\/roveyayinevi.com.tr\/index.php\/wp-json\/wp\/v2\/media?parent=714428"}],"wp:term":[{"taxonomy":"product_brand","embeddable":true,"href":"https:\/\/roveyayinevi.com.tr\/index.php\/wp-json\/wp\/v2\/product_brand?post=714428"},{"taxonomy":"product_cat","embeddable":true,"href":"https:\/\/roveyayinevi.com.tr\/index.php\/wp-json\/wp\/v2\/product_cat?post=714428"},{"taxonomy":"product_tag","embeddable":true,"href":"https:\/\/roveyayinevi.com.tr\/index.php\/wp-json\/wp\/v2\/product_tag?post=714428"}],"curies":[{"name":"wp","href":"https:\/\/api.w.org\/{rel}","templated":true}]}}