{"id":714427,"date":"2025-08-27T17:18:26","date_gmt":"2025-08-27T14:18:26","guid":{"rendered":"https:\/\/roveyayinevi.com.tr\/index.php\/urun\/mogol-fethinden-sonra-anadolunun-yeniden-insasi-rum-diyarinda-islami-mimari-1240-1330\/"},"modified":"2026-04-16T02:22:49","modified_gmt":"2026-04-15T23:22:49","slug":"mogol-fethinden-sonra-anadolunun-yeniden-insasi-rum-diyarinda-islami-mimari-1240-1330","status":"publish","type":"product","link":"https:\/\/roveyayinevi.com.tr\/index.php\/urun\/mogol-fethinden-sonra-anadolunun-yeniden-insasi-rum-diyarinda-islami-mimari-1240-1330\/","title":{"rendered":"Mo\u011fol Fethinden Sonra Anadolu\u2019nun Yeniden \u0130n\u015fas\u0131: Rum Diyar\u0131nda \u0130slami Mimari, 1240-1330"},"content":{"rendered":"<p>1243\u2019teki Mo\u011fol fethinin ard\u0131ndan Anadolu\u2019da \u0130slami mimari alan\u0131nda ya\u015fanan geli\u015fmeleri ele alan Mo\u011fol Fethinden Sonra Anadolu\u2019nun Yeniden \u0130n\u015fas\u0131, bu d\u00f6nemde ger\u00e7ekle\u015fen karma\u015f\u0131k y\u00f6netim de\u011fi\u015fimlerinin, n\u00fcfus hareketlerinin ve k\u00fclt\u00fcrel d\u00f6n\u00fc\u015f\u00fcmlerin mimariyi ne y\u00f6nde etkiledi\u011fini ortaya koyuyor. Bu d\u00f6nemde in\u015fa edilen an\u0131tlar bir\u00e7ok amaca hizmet etmi\u015ftir: Camiler ibadet ve toplanma yeridir, medreseler \u0130slam hukuku ve ilahiyat e\u011fitimi merkezleridir, kervansaraylar t\u00fcccarlar ile seyyahlar a\u00e7\u0131s\u0131ndan ticaret yollar\u0131n\u0131 g\u00fcvenli hale getirmi\u015ftir. An\u0131tlara ili\u015fkin ayr\u0131nt\u0131l\u0131 g\u00f6zlemler yapan Patricia Blessing\u2019in \u00e7al\u0131\u015fmas\u0131, mimariyi \u00e7ok katmanl\u0131 bir yakla\u015f\u0131mla ele al\u0131yor. An\u0131tlarda bulunan Arap\u00e7a, Fars\u00e7a ve T\u00fcrk\u00e7e yaz\u0131l\u0131 kaynaklardan ve tarihsel foto\u011fraflardan faydalanan Blessing, bu s\u0131n\u0131r b\u00f6lgesinin karma\u015f\u0131kl\u0131\u011f\u0131n\u0131 yans\u0131tan Orta\u00e7a\u011f Anadolu\u2019su \u0130slami mimarisinin bir resmini \u00e7iziyor. Yeni banilerin ortaya \u00e7\u0131kt\u0131\u011f\u0131, zanaatk\u00e2rlar\u0131n kom\u015fu b\u00f6lgelere g\u00f6\u00e7 etti\u011fi ve yerel malzemelerin belirli b\u00f6lgelerin simgesi niteli\u011findeki tasar\u0131mlar\u0131 d\u00f6n\u00fc\u015ft\u00fcrd\u00fc\u011f\u00fc d\u00f6nemi taze bir bak\u0131\u015f a\u00e7\u0131s\u0131yla ele alan Mo\u011fol Fethinden Sonra Anadolu\u2019nun Yeniden \u0130n\u015fas\u0131, mimari, tarih ve dinin i\u00e7 i\u00e7e ge\u00e7en anlat\u0131mlar\u0131ndan beslenerek, Orta\u00e7a\u011f Ortado\u011fu\u2019sunun karma\u015f\u0131k yerel, b\u00f6lgesel ve b\u00f6lgeleraras\u0131 s\u0131n\u0131r k\u00fclt\u00fcr\u00fc hakk\u0131nda kapsaml\u0131 bir yakla\u015f\u0131m sunuyor. <\/p>\n","protected":false},"excerpt":{"rendered":"<p>1243\u2019teki Mo\u011fol fethinin ard\u0131ndan Anadolu\u2019da \u0130slami mimari alan\u0131nda ya\u015fanan geli\u015fmeleri ele alan Mo\u011fol Fethinden Sonra Anadolu\u2019nun Yeniden \u0130n\u015fas\u0131, bu d\u00f6nemde ger\u00e7ekle\u015fen karma\u015f\u0131k y\u00f6netim de\u011fi\u015fimlerinin, n\u00fcfus hareketlerinin<span class=\"excerpt-hellip\"> [\u2026]<\/span><\/p>\n","protected":false},"featured_media":0,"template":"","meta":{"_monsterinsights_skip_tracking":false,"_monsterinsights_sitenote_active":false,"_monsterinsights_sitenote_note":"","_monsterinsights_sitenote_category":0},"product_brand":[],"product_cat":[13512,12408],"product_tag":[],"class_list":{"0":"post-714427","1":"product","2":"type-product","3":"status-publish","5":"product_cat-mimarlik","6":"product_cat-sanat","7":"pa_cilt-ciltsiz","8":"pa_tur-kitap","9":"pa_yayinevi-koc-universitesi-yayinlari","10":"pa_yazar-patricia-blessing","12":"first","13":"instock","14":"sale","15":"shipping-taxable","16":"purchasable","17":"product-type-simple"},"_links":{"self":[{"href":"https:\/\/roveyayinevi.com.tr\/index.php\/wp-json\/wp\/v2\/product\/714427","targetHints":{"allow":["GET"]}}],"collection":[{"href":"https:\/\/roveyayinevi.com.tr\/index.php\/wp-json\/wp\/v2\/product"}],"about":[{"href":"https:\/\/roveyayinevi.com.tr\/index.php\/wp-json\/wp\/v2\/types\/product"}],"wp:attachment":[{"href":"https:\/\/roveyayinevi.com.tr\/index.php\/wp-json\/wp\/v2\/media?parent=714427"}],"wp:term":[{"taxonomy":"product_brand","embeddable":true,"href":"https:\/\/roveyayinevi.com.tr\/index.php\/wp-json\/wp\/v2\/product_brand?post=714427"},{"taxonomy":"product_cat","embeddable":true,"href":"https:\/\/roveyayinevi.com.tr\/index.php\/wp-json\/wp\/v2\/product_cat?post=714427"},{"taxonomy":"product_tag","embeddable":true,"href":"https:\/\/roveyayinevi.com.tr\/index.php\/wp-json\/wp\/v2\/product_tag?post=714427"}],"curies":[{"name":"wp","href":"https:\/\/api.w.org\/{rel}","templated":true}]}}