{"id":714425,"date":"2025-08-27T17:18:25","date_gmt":"2025-08-27T14:18:25","guid":{"rendered":"https:\/\/roveyayinevi.com.tr\/index.php\/urun\/zaman-yolculugu-gecmis-simdi-ve-gelecegin-kisa-tarihi\/"},"modified":"2026-04-16T02:22:49","modified_gmt":"2026-04-15T23:22:49","slug":"zaman-yolculugu-gecmis-simdi-ve-gelecegin-kisa-tarihi","status":"publish","type":"product","link":"https:\/\/roveyayinevi.com.tr\/index.php\/urun\/zaman-yolculugu-gecmis-simdi-ve-gelecegin-kisa-tarihi\/","title":{"rendered":"Zaman Yolculu\u011fu Ge\u00e7mi\u015f, \u015eimdi ve Gelece\u011fin K\u0131sa Tarihi"},"content":{"rendered":"<p>Zamanda yolculuk m\u00fcmk\u00fcn m\u00fc? Bu yolculu\u011fu neden arzular\u0131z? B\u00fct\u00fcn olas\u0131 d\u00fcnyalar i\u00e7inde en iyisi bu mu? Ge\u00e7mi\u015f de\u011fi\u015ftirilebilir mi? Sonu\u00e7, sebebi etkileyebilir mi? T\u00fcm zamanlar\u0131n en iyi bilim yazarlar\u0131ndan biri olarak kabul edilen James Gleick\u2019\u0131n Zaman Yolculu\u011fu, hem bir fantezinin edebiyattan fizi\u011fe, sinemadan g\u00fcndelik hayat\u0131m\u0131za uzanan olgunla\u015fma yolculu\u011funun \u00f6yk\u00fcs\u00fcn\u00fc anlat\u0131yor, hem de Zaman\u2019\u0131n anlam\u0131na, dolay\u0131s\u0131yla bilince, belle\u011fe, ya\u015fama ve \u00f6l\u00fcme dair yepyeni bir dil yarat\u0131yor. Ge\u00e7mi\u015f, gelecek ve \u015fimdi, uzayzaman s\u00fcreklili\u011finin d\u00f6rd\u00fcnc\u00fc boyutunda yer alan bu yeni Zaman dilinde tek ve ayn\u0131 noktada bulu\u015fuyor. Bir zamanlar hayal g\u00fcc\u00fcn\u00fcn k\u0131v\u0131lc\u0131m\u0131yla ba\u015flayan zamanda yolculuk ise sanal d\u00fcnya vatanda\u015f\u0131 21. y\u00fczy\u0131l insanlar\u0131 i\u00e7in art\u0131k uzak de\u011fil. Ne var ki \u201csonsuzluk art\u0131k eskisi gibi de\u011fil, cennetimiz eskisi kadar g\u00fczel de\u011fil\u201d diyor Gleick. Yine de baz\u0131 sorular de\u011fi\u015fmiyor: Bir zaman makineniz olsayd\u0131, ge\u00e7mi\u015fe gidip Hitler\u2019i \u00f6ld\u00fcr\u00fcr m\u00fcyd\u00fcn\u00fcz? <\/p>\n","protected":false},"excerpt":{"rendered":"<p>Zamanda yolculuk m\u00fcmk\u00fcn m\u00fc? Bu yolculu\u011fu neden arzular\u0131z? B\u00fct\u00fcn olas\u0131 d\u00fcnyalar i\u00e7inde en iyisi bu mu? Ge\u00e7mi\u015f de\u011fi\u015ftirilebilir mi? Sonu\u00e7, sebebi etkileyebilir mi? T\u00fcm zamanlar\u0131n en<span class=\"excerpt-hellip\"> [\u2026]<\/span><\/p>\n","protected":false},"featured_media":0,"template":"","meta":{"_monsterinsights_skip_tracking":false,"_monsterinsights_sitenote_active":false,"_monsterinsights_sitenote_note":"","_monsterinsights_sitenote_category":0},"product_brand":[],"product_cat":[13005,15998],"product_tag":[],"class_list":{"0":"post-714425","1":"product","2":"type-product","3":"status-publish","5":"product_cat-bilim-muhendislik","6":"product_cat-bilim-tarihi","7":"pa_cilt-ciltsiz","8":"pa_tur-kitap","9":"pa_yayinevi-koc-universitesi-yayinlari","10":"pa_yazar-james-gleick","12":"first","13":"instock","14":"sale","15":"shipping-taxable","16":"purchasable","17":"product-type-simple"},"_links":{"self":[{"href":"https:\/\/roveyayinevi.com.tr\/index.php\/wp-json\/wp\/v2\/product\/714425","targetHints":{"allow":["GET"]}}],"collection":[{"href":"https:\/\/roveyayinevi.com.tr\/index.php\/wp-json\/wp\/v2\/product"}],"about":[{"href":"https:\/\/roveyayinevi.com.tr\/index.php\/wp-json\/wp\/v2\/types\/product"}],"wp:attachment":[{"href":"https:\/\/roveyayinevi.com.tr\/index.php\/wp-json\/wp\/v2\/media?parent=714425"}],"wp:term":[{"taxonomy":"product_brand","embeddable":true,"href":"https:\/\/roveyayinevi.com.tr\/index.php\/wp-json\/wp\/v2\/product_brand?post=714425"},{"taxonomy":"product_cat","embeddable":true,"href":"https:\/\/roveyayinevi.com.tr\/index.php\/wp-json\/wp\/v2\/product_cat?post=714425"},{"taxonomy":"product_tag","embeddable":true,"href":"https:\/\/roveyayinevi.com.tr\/index.php\/wp-json\/wp\/v2\/product_tag?post=714425"}],"curies":[{"name":"wp","href":"https:\/\/api.w.org\/{rel}","templated":true}]}}