{"id":714423,"date":"2025-08-27T17:18:23","date_gmt":"2025-08-27T14:18:23","guid":{"rendered":"https:\/\/roveyayinevi.com.tr\/index.php\/urun\/futbol-maci-27-ugurbocegi-sevecen-ile-salyangoz-tomurcuk\/"},"modified":"2026-04-16T02:22:49","modified_gmt":"2026-04-15T23:22:49","slug":"futbol-maci-27-ugurbocegi-sevecen-ile-salyangoz-tomurcuk","status":"publish","type":"product","link":"https:\/\/roveyayinevi.com.tr\/index.php\/urun\/futbol-maci-27-ugurbocegi-sevecen-ile-salyangoz-tomurcuk\/","title":{"rendered":"Futbol Ma\u00e7\u0131 27 &#8211; U\u011furb\u00f6ce\u011fi Sevecen ile Salyangoz Tomurcuk"},"content":{"rendered":"<p>Bir Yaz Sabah\u0131 Geyikb\u00f6ce\u011fi hen\u00fcz uykudayken, evinin kap\u0131s\u0131 h\u0131zl\u0131 h\u0131zl\u0131 \u00e7ald\u0131. Gelen eski arkada\u015f\u0131 Tekeb\u00f6ce\u011fi Ka\u00e7ka\u00e7\u2019t\u0131 ve ona harika bir arma\u011fan\u0131 vard\u0131.Orman sakinlerini yepyeni bir maceraya s\u00fcr\u00fckleyecek olan bu g\u00fczel arma\u011fan, beraberce e\u011flenmenin g\u00fczelli\u011fini bir kez daha g\u00f6sterecekti herkese! <\/p>\n","protected":false},"excerpt":{"rendered":"<p>Bir Yaz Sabah\u0131 Geyikb\u00f6ce\u011fi hen\u00fcz uykudayken, evinin kap\u0131s\u0131 h\u0131zl\u0131 h\u0131zl\u0131 \u00e7ald\u0131. Gelen eski arkada\u015f\u0131 Tekeb\u00f6ce\u011fi Ka\u00e7ka\u00e7\u2019t\u0131 ve ona harika bir arma\u011fan\u0131 vard\u0131.Orman sakinlerini yepyeni bir maceraya<span class=\"excerpt-hellip\"> [\u2026]<\/span><\/p>\n","protected":false},"featured_media":0,"template":"","meta":{"_monsterinsights_skip_tracking":false,"_monsterinsights_sitenote_active":false,"_monsterinsights_sitenote_note":"","_monsterinsights_sitenote_category":0},"product_brand":[],"product_cat":[12913,12274],"product_tag":[],"class_list":{"0":"post-714423","1":"product","2":"type-product","3":"status-publish","5":"product_cat-3-6-yas-kitaplari","6":"product_cat-cocuk-ve-genclik-kitaplari","7":"pa_cilt-ciltsiz","8":"pa_tur-kitap","9":"pa_yayinevi-yapi-kredi-yayinlari","10":"pa_yazar-erika-bartos","12":"first","13":"instock","14":"sale","15":"shipping-taxable","16":"purchasable","17":"product-type-simple"},"_links":{"self":[{"href":"https:\/\/roveyayinevi.com.tr\/index.php\/wp-json\/wp\/v2\/product\/714423","targetHints":{"allow":["GET"]}}],"collection":[{"href":"https:\/\/roveyayinevi.com.tr\/index.php\/wp-json\/wp\/v2\/product"}],"about":[{"href":"https:\/\/roveyayinevi.com.tr\/index.php\/wp-json\/wp\/v2\/types\/product"}],"wp:attachment":[{"href":"https:\/\/roveyayinevi.com.tr\/index.php\/wp-json\/wp\/v2\/media?parent=714423"}],"wp:term":[{"taxonomy":"product_brand","embeddable":true,"href":"https:\/\/roveyayinevi.com.tr\/index.php\/wp-json\/wp\/v2\/product_brand?post=714423"},{"taxonomy":"product_cat","embeddable":true,"href":"https:\/\/roveyayinevi.com.tr\/index.php\/wp-json\/wp\/v2\/product_cat?post=714423"},{"taxonomy":"product_tag","embeddable":true,"href":"https:\/\/roveyayinevi.com.tr\/index.php\/wp-json\/wp\/v2\/product_tag?post=714423"}],"curies":[{"name":"wp","href":"https:\/\/api.w.org\/{rel}","templated":true}]}}