{"id":714422,"date":"2025-08-27T17:18:23","date_gmt":"2025-08-27T14:18:23","guid":{"rendered":"https:\/\/roveyayinevi.com.tr\/index.php\/urun\/rosariovampire-tilsimli-kolye-ve-vampir-sezon-2-cilt-3\/"},"modified":"2026-04-16T02:22:49","modified_gmt":"2026-04-15T23:22:49","slug":"rosariovampire-tilsimli-kolye-ve-vampir-sezon-2-cilt-3","status":"publish","type":"product","link":"https:\/\/roveyayinevi.com.tr\/index.php\/urun\/rosariovampire-tilsimli-kolye-ve-vampir-sezon-2-cilt-3\/","title":{"rendered":"Rosario+Vampire T\u0131ls\u0131ml\u0131 Kolye ve Vampir-Sezon 2 Cilt 3"},"content":{"rendered":"<p>K\u00f6y\u00fcne d\u00f6nen Mizore, Tsukune ve arkada\u015flar\u0131n\u0131 da davet eder ve gazetecilik kul\u00fcb\u00fcn\u00fcn b\u00fct\u00fcn \u00fcyeleri kar kad\u0131n\u0131n k\u00f6y\u00fcn\u00fc ziyarete gider. Ergenli\u011fe ge\u00e7i\u015f seremonisi olan \u201c\u00e7i\u00e7ek sunma t\u00f6reni\u201d h\u0131zla yakla\u015f\u0131rken Tsukune ve di\u011ferleri Mizore\u2019nin k\u00f6t\u00fc kaderini \u00f6\u011frenir. Acaba t\u00f6renden bir gece \u00f6nce Tsukune\u2019yi \u00e7a\u011f\u0131ran Mizore\u2019nin akl\u0131ndan neler ge\u00e7iyor?<\/p>\n","protected":false},"excerpt":{"rendered":"<p>K\u00f6y\u00fcne d\u00f6nen Mizore, Tsukune ve arkada\u015flar\u0131n\u0131 da davet eder ve gazetecilik kul\u00fcb\u00fcn\u00fcn b\u00fct\u00fcn \u00fcyeleri kar kad\u0131n\u0131n k\u00f6y\u00fcn\u00fc ziyarete gider. Ergenli\u011fe ge\u00e7i\u015f seremonisi olan \u201c\u00e7i\u00e7ek sunma t\u00f6reni\u201d<span class=\"excerpt-hellip\"> [\u2026]<\/span><\/p>\n","protected":false},"featured_media":0,"template":"","meta":{"_monsterinsights_skip_tracking":false,"_monsterinsights_sitenote_active":false,"_monsterinsights_sitenote_note":"","_monsterinsights_sitenote_category":0},"product_brand":[],"product_cat":[12689,12274],"product_tag":[],"class_list":{"0":"post-714422","1":"product","2":"type-product","3":"status-publish","5":"product_cat-cizgi-roman-cocuk-ve-genclik-kitaplari","6":"product_cat-cocuk-ve-genclik-kitaplari","7":"pa_cilt-ciltsiz","8":"pa_tur-kitap","9":"pa_yayinevi-akil-celen-kitaplar","10":"pa_yazar-akihisa-ikeda","12":"first","13":"instock","14":"sale","15":"shipping-taxable","16":"purchasable","17":"product-type-simple"},"_links":{"self":[{"href":"https:\/\/roveyayinevi.com.tr\/index.php\/wp-json\/wp\/v2\/product\/714422","targetHints":{"allow":["GET"]}}],"collection":[{"href":"https:\/\/roveyayinevi.com.tr\/index.php\/wp-json\/wp\/v2\/product"}],"about":[{"href":"https:\/\/roveyayinevi.com.tr\/index.php\/wp-json\/wp\/v2\/types\/product"}],"wp:attachment":[{"href":"https:\/\/roveyayinevi.com.tr\/index.php\/wp-json\/wp\/v2\/media?parent=714422"}],"wp:term":[{"taxonomy":"product_brand","embeddable":true,"href":"https:\/\/roveyayinevi.com.tr\/index.php\/wp-json\/wp\/v2\/product_brand?post=714422"},{"taxonomy":"product_cat","embeddable":true,"href":"https:\/\/roveyayinevi.com.tr\/index.php\/wp-json\/wp\/v2\/product_cat?post=714422"},{"taxonomy":"product_tag","embeddable":true,"href":"https:\/\/roveyayinevi.com.tr\/index.php\/wp-json\/wp\/v2\/product_tag?post=714422"}],"curies":[{"name":"wp","href":"https:\/\/api.w.org\/{rel}","templated":true}]}}