{"id":714421,"date":"2025-08-27T17:18:22","date_gmt":"2025-08-27T14:18:22","guid":{"rendered":"https:\/\/roveyayinevi.com.tr\/index.php\/urun\/kapadokyadaki-amerikali-misyonerlerin-bilinmeyen-tarihi-1853-1903\/"},"modified":"2026-04-16T02:22:49","modified_gmt":"2026-04-15T23:22:49","slug":"kapadokyadaki-amerikali-misyonerlerin-bilinmeyen-tarihi-1853-1903","status":"publish","type":"product","link":"https:\/\/roveyayinevi.com.tr\/index.php\/urun\/kapadokyadaki-amerikali-misyonerlerin-bilinmeyen-tarihi-1853-1903\/","title":{"rendered":"Kapadokya\u2019daki Amerikal\u0131 Misyonerlerin Bilinmeyen Tarihi (1853-1903)"},"content":{"rendered":"<p>Orta Anadolu, Osmanl\u0131\u2019n\u0131n son d\u00f6neminde misyonerlik faaliyetlerinin yo\u011funya\u015fand\u0131\u011f\u0131 bir b\u00f6lge olarak dikkat \u00e7eker. \u00d6nemli unsurlardan biri olarak misyonerlik faaliyetleri dikkate al\u0131nmadan son d\u00f6nem Osmanl\u0131 tarihini anlamak m\u00fcmk\u00fcn de\u011fildir. Olduk\u00e7a az say\u0131da kayna\u011fa rastlanan bu alanda mevcut eserlerin \u00e7o\u011fu eksik, yanl\u0131\u015f ya da pe\u015fin h\u00fck\u00fcmler i\u00e7erir. B\u00f6lgenin merkezi olarak nitelendirilebilecek Kapadokya da bu \u00e7al\u0131\u015fmalar i\u00e7in ayr\u0131 bir \u00f6nem ta\u015f\u0131r. Amerikal\u0131 Wilson Amos Farnsworth (1822-1912), 1853-1903 y\u0131llar\u0131 aras\u0131nda Kapadokya b\u00f6lgesinde Kayseri, Ankara, Yozgat, Nev\u015fehir, Ni\u011fde illerinde, buralar\u0131n kazalar\u0131 ve k\u00f6ylerinde misyonerlik yapm\u0131\u015f, Orta Anadolu\u2019yu kar\u0131\u015f kar\u0131\u015f dola\u015farak \u00e7o\u011fu at s\u0131rt\u0131nda 120 bin kilometre yol kat etmi\u015ftir. B\u00f6ylece, 19. y\u00fczy\u0131l\u0131n ikinci yar\u0131s\u0131 boyunca Orta Anadolu tarihinin canl\u0131 \u015fahidi ve yarat\u0131c\u0131lar\u0131ndan biri olmu\u015ftur. T\u00fcrkiye\u2019de ya\u015fad\u0131klar\u0131n\u0131 y\u0131l y\u0131l yazarak bir kitap tasla\u011f\u0131 haline getiren Farnsworth, notlar\u0131n\u0131 yay\u0131mlayamadan 1912 y\u0131l\u0131nda vefat etmi\u015ftir. Misyoner \u00e7evrelerinde dahi bilinmedi\u011fi anla\u015f\u0131lan bu kitap tasla\u011f\u0131, Mehmet \u015eahin taraf\u0131ndan 2015 y\u0131l\u0131nda Harvard \u00dcniversitesi K\u00fct\u00fcphanesi misyoner ar\u015fivinde bulunmu\u015f, T\u00fcrk\u00e7eye \u00e7evrilerek, esere bir\u00e7ok bilgi, g\u00f6rsel ve dipnot eklenmi\u015ftir. Konuyla ilgilenen okur ve ara\u015ft\u0131rmac\u0131lar i\u00e7in pek \u00e7ok yan\u0131t ve ipucu i\u00e7eren Kapadokya\u2019daki Amerikal\u0131 Misyonerlerin Bilinmeyen Tarihi\u2019nin \u00f6nemli bir bo\u015flu\u011fu dolduraca\u011f\u0131n\u0131 ve \u00f6zellikle Osmanl\u0131\u2019n\u0131n son d\u00f6neminde Orta Anadolu\u2019nun durumunun daha iyi tasavvur edilmesine yard\u0131mc\u0131 olaca\u011f\u0131n\u0131 umuyoruz. <\/p>\n","protected":false},"excerpt":{"rendered":"<p>Orta Anadolu, Osmanl\u0131\u2019n\u0131n son d\u00f6neminde misyonerlik faaliyetlerinin yo\u011funya\u015fand\u0131\u011f\u0131 bir b\u00f6lge olarak dikkat \u00e7eker. \u00d6nemli unsurlardan biri olarak misyonerlik faaliyetleri dikkate al\u0131nmadan son d\u00f6nem Osmanl\u0131 tarihini anlamak<span class=\"excerpt-hellip\"> [\u2026]<\/span><\/p>\n","protected":false},"featured_media":0,"template":"","meta":{"_monsterinsights_skip_tracking":false,"_monsterinsights_sitenote_active":false,"_monsterinsights_sitenote_note":"","_monsterinsights_sitenote_category":0},"product_brand":[],"product_cat":[13590,12337],"product_tag":[],"class_list":{"0":"post-714421","1":"product","2":"type-product","3":"status-publish","5":"product_cat-arastirma-inceleme-politika-siyaset","6":"product_cat-politika-siyaset","7":"pa_cilt-ciltsiz","8":"pa_tur-kitap","9":"pa_yayinevi-yapi-kredi-yayinlari","10":"pa_yazar-wilson-amos-farnsworth","12":"first","13":"instock","14":"sale","15":"shipping-taxable","16":"purchasable","17":"product-type-simple"},"_links":{"self":[{"href":"https:\/\/roveyayinevi.com.tr\/index.php\/wp-json\/wp\/v2\/product\/714421","targetHints":{"allow":["GET"]}}],"collection":[{"href":"https:\/\/roveyayinevi.com.tr\/index.php\/wp-json\/wp\/v2\/product"}],"about":[{"href":"https:\/\/roveyayinevi.com.tr\/index.php\/wp-json\/wp\/v2\/types\/product"}],"wp:attachment":[{"href":"https:\/\/roveyayinevi.com.tr\/index.php\/wp-json\/wp\/v2\/media?parent=714421"}],"wp:term":[{"taxonomy":"product_brand","embeddable":true,"href":"https:\/\/roveyayinevi.com.tr\/index.php\/wp-json\/wp\/v2\/product_brand?post=714421"},{"taxonomy":"product_cat","embeddable":true,"href":"https:\/\/roveyayinevi.com.tr\/index.php\/wp-json\/wp\/v2\/product_cat?post=714421"},{"taxonomy":"product_tag","embeddable":true,"href":"https:\/\/roveyayinevi.com.tr\/index.php\/wp-json\/wp\/v2\/product_tag?post=714421"}],"curies":[{"name":"wp","href":"https:\/\/api.w.org\/{rel}","templated":true}]}}