{"id":714420,"date":"2025-08-27T17:18:21","date_gmt":"2025-08-27T14:18:21","guid":{"rendered":"https:\/\/roveyayinevi.com.tr\/index.php\/urun\/mutluluk-fotografi\/"},"modified":"2026-04-16T02:22:49","modified_gmt":"2026-04-15T23:22:49","slug":"mutluluk-fotografi","status":"publish","type":"product","link":"https:\/\/roveyayinevi.com.tr\/index.php\/urun\/mutluluk-fotografi\/","title":{"rendered":"Mutluluk Foto\u011fraf\u0131"},"content":{"rendered":"<p>Richard Yates\u2019in en \u00f6nemli romanlar\u0131ndan Mutluluk Foto\u011fraf\u0131\u2019nda, anne babalar\u0131 erken ya\u015fta bo\u015fanan Grimes k\u0131z karde\u015flerin hayat\u0131n\u0131 \u00e7ocukluklar\u0131ndan ba\u015flayarak takip ediyor, bamba\u015fka kad\u0131nlara d\u00f6n\u00fc\u015fmelerini izliyoruz. Kendini mutsuz bir evlili\u011fin i\u00e7inde bulan Sarah\u2019ya kar\u015f\u0131l\u0131k, \u00f6zg\u00fcr ruhlu Emily bir a\u015fktan \u00f6b\u00fcr\u00fcne savrulacak, yaln\u0131z bir kad\u0131n olarak ayakta kalmaya \u00e7al\u0131\u015fman\u0131n b\u00fct\u00fcn zorluklar\u0131n\u0131 g\u00f6\u011f\u00fcslemek zorunda kalacakt\u0131r. Amerikan r\u00fcyas\u0131n\u0131n ve bu r\u00fcyan\u0131n alt\u0131nda ezilenlerin, birbirine sevgi kadar mutsuzlukla da ba\u011flanan ailelerin, \u00fcmitlerin ve hayal k\u0131r\u0131kl\u0131klar\u0131n\u0131n yazar\u0131 Richard Yates, keskin bak\u0131\u015f\u0131n\u0131 bu kez kad\u0131nlar\u0131n hayatlar\u0131na ve hayallerine \u00e7eviriyor. Richard Yates\u2019in en iyi roman\u0131. \u0130lk c\u00fcmlesinden son c\u00fcmlesine dek bay\u0131ld\u0131m. &#8211; Joan Didion Flaubert\u2019den bu yana \u00e7ok az erkek yazar, hayat\u0131 cehenneme d\u00f6nm\u00fc\u015f kad\u0131nlar\u0131 bu kadar iyi anlam\u0131\u015ft\u0131r.  &#8211; Kurt Vonnegut <\/p>\n","protected":false},"excerpt":{"rendered":"<p>Richard Yates\u2019in en \u00f6nemli romanlar\u0131ndan Mutluluk Foto\u011fraf\u0131\u2019nda, anne babalar\u0131 erken ya\u015fta bo\u015fanan Grimes k\u0131z karde\u015flerin hayat\u0131n\u0131 \u00e7ocukluklar\u0131ndan ba\u015flayarak takip ediyor, bamba\u015fka kad\u0131nlara d\u00f6n\u00fc\u015fmelerini izliyoruz. Kendini mutsuz<span class=\"excerpt-hellip\"> [\u2026]<\/span><\/p>\n","protected":false},"featured_media":0,"template":"","meta":{"_monsterinsights_skip_tracking":false,"_monsterinsights_sitenote_active":false,"_monsterinsights_sitenote_note":"","_monsterinsights_sitenote_category":0},"product_brand":[],"product_cat":[12291,12711],"product_tag":[],"class_list":{"0":"post-714420","1":"product","2":"type-product","3":"status-publish","5":"product_cat-edebiyat","6":"product_cat-roman-oyku","7":"pa_cilt-ciltsiz","8":"pa_tur-kitap","9":"pa_yayinevi-yapi-kredi-yayinlari","10":"pa_yazar-richard-yates","12":"first","13":"instock","14":"sale","15":"shipping-taxable","16":"purchasable","17":"product-type-simple"},"_links":{"self":[{"href":"https:\/\/roveyayinevi.com.tr\/index.php\/wp-json\/wp\/v2\/product\/714420","targetHints":{"allow":["GET"]}}],"collection":[{"href":"https:\/\/roveyayinevi.com.tr\/index.php\/wp-json\/wp\/v2\/product"}],"about":[{"href":"https:\/\/roveyayinevi.com.tr\/index.php\/wp-json\/wp\/v2\/types\/product"}],"wp:attachment":[{"href":"https:\/\/roveyayinevi.com.tr\/index.php\/wp-json\/wp\/v2\/media?parent=714420"}],"wp:term":[{"taxonomy":"product_brand","embeddable":true,"href":"https:\/\/roveyayinevi.com.tr\/index.php\/wp-json\/wp\/v2\/product_brand?post=714420"},{"taxonomy":"product_cat","embeddable":true,"href":"https:\/\/roveyayinevi.com.tr\/index.php\/wp-json\/wp\/v2\/product_cat?post=714420"},{"taxonomy":"product_tag","embeddable":true,"href":"https:\/\/roveyayinevi.com.tr\/index.php\/wp-json\/wp\/v2\/product_tag?post=714420"}],"curies":[{"name":"wp","href":"https:\/\/api.w.org\/{rel}","templated":true}]}}