{"id":714419,"date":"2025-08-27T17:18:21","date_gmt":"2025-08-27T14:18:21","guid":{"rendered":"https:\/\/roveyayinevi.com.tr\/index.php\/urun\/ozan-beedlein-hikayeleri-ciltli\/"},"modified":"2026-04-16T02:22:49","modified_gmt":"2026-04-15T23:22:49","slug":"ozan-beedlein-hikayeleri-ciltli","status":"publish","type":"product","link":"https:\/\/roveyayinevi.com.tr\/index.php\/urun\/ozan-beedlein-hikayeleri-ciltli\/","title":{"rendered":"Ozan Beedle\u2019\u0131n Hikayeleri (Ciltli)"},"content":{"rendered":"<p>Sihir ve kurnazl\u0131kla dolu b\u00fcy\u00fcleyici be\u015f masaldan olu\u015fanOzan Beedle\u2019\u0131n Hik\u00e2yeleriy\u00fczy\u0131llard\u0131r b\u00fcy\u00fcc\u00fc evlerinde uyumadan \u00f6nce sevilerek okunuyor. 15. y\u00fczy\u0131lda par\u015f\u00f6mene ilk kez aktar\u0131ld\u0131\u011f\u0131ndan beri cad\u0131lar ve b\u00fcy\u00fcc\u00fcler taraf\u0131ndan ilgi g\u00f6rmeye devam eden muz\u0131rl\u0131k ve sihirle dolu bu hik\u00e2yeler her ya\u015ftan Harry Potter hayranlar\u0131 ve Muggle&#8217;lar i\u00e7in de m\u00fckemmel. Profes\u00f6r Albus Dumbledore&#8217;un muzip ve zekice yorumlar\u0131n\u0131n e\u015flik etti\u011fi (Hogwarts M\u00fcdiresi Profes\u00f6r McGonagall\u2019\u0131n izniyle) be\u015f b\u00fcy\u00fcleyici masaldan olu\u015fan bu kitaba Tomislav Tomic\u2019in \u00e7izimleri e\u015flik ediyor. OZAN BEEDLE\u2019A \u00d6VG\u00dcLER \u201cMuggle\u2019lar\u0131n Hans Christian Andersen\u2019i varsa, b\u00fcy\u00fcc\u00fcler d\u00fcnyas\u0131n\u0131n da bir ahlak\u00e7\u0131, b\u00fcy\u00fcc\u00fc ve m\u00fcthi\u015f ho\u015fg\u00f6r\u00fcl\u00fc olan Beedle\u2019\u0131 vard\u0131r.\u201d  Sunday Times \u201cYazar\u0131n her zamanki kendinden emin akl\u0131 ve kurnazl\u0131\u011f\u0131yla yazd\u0131\u011f\u0131 bu be\u015f b\u00fcy\u00fcleyici masal hem \u00e7ocuklar hem anne babalar i\u00e7in derslerle dolu.\u201d Sunday Express \u201cHarry Potter merakl\u0131lar\u0131n\u0131n iyi anlayaca\u011f\u0131, dipnotlarla tamamlanm\u0131\u015f, cezbedici ve karma\u015f\u0131k bir \u015faka.\u201d Observer \u201cHik\u00e2yeler \u00f6zg\u00fcn, \u00e7e\u015fitli, muzip ve ak\u0131ll\u0131ca&#8230; tam bir \u00f6yk\u00fc \u015f\u00f6leni.\u201d Books for Keeps<\/p>\n","protected":false},"excerpt":{"rendered":"<p>Sihir ve kurnazl\u0131kla dolu b\u00fcy\u00fcleyici be\u015f masaldan olu\u015fanOzan Beedle\u2019\u0131n Hik\u00e2yeleriy\u00fczy\u0131llard\u0131r b\u00fcy\u00fcc\u00fc evlerinde uyumadan \u00f6nce sevilerek okunuyor. 15. y\u00fczy\u0131lda par\u015f\u00f6mene ilk kez aktar\u0131ld\u0131\u011f\u0131ndan beri cad\u0131lar ve b\u00fcy\u00fcc\u00fcler<span class=\"excerpt-hellip\"> [\u2026]<\/span><\/p>\n","protected":false},"featured_media":0,"template":"","meta":{"_monsterinsights_skip_tracking":false,"_monsterinsights_sitenote_active":false,"_monsterinsights_sitenote_note":"","_monsterinsights_sitenote_category":0},"product_brand":[],"product_cat":[12291,14777],"product_tag":[],"class_list":{"0":"post-714419","1":"product","2":"type-product","3":"status-publish","5":"product_cat-edebiyat","6":"product_cat-fantastik","7":"pa_cilt-ciltli","8":"pa_tur-kitap","9":"pa_yayinevi-yapi-kredi-yayinlari","10":"pa_yazar-j-k-rowling","12":"first","13":"instock","14":"sale","15":"shipping-taxable","16":"purchasable","17":"product-type-simple"},"_links":{"self":[{"href":"https:\/\/roveyayinevi.com.tr\/index.php\/wp-json\/wp\/v2\/product\/714419","targetHints":{"allow":["GET"]}}],"collection":[{"href":"https:\/\/roveyayinevi.com.tr\/index.php\/wp-json\/wp\/v2\/product"}],"about":[{"href":"https:\/\/roveyayinevi.com.tr\/index.php\/wp-json\/wp\/v2\/types\/product"}],"wp:attachment":[{"href":"https:\/\/roveyayinevi.com.tr\/index.php\/wp-json\/wp\/v2\/media?parent=714419"}],"wp:term":[{"taxonomy":"product_brand","embeddable":true,"href":"https:\/\/roveyayinevi.com.tr\/index.php\/wp-json\/wp\/v2\/product_brand?post=714419"},{"taxonomy":"product_cat","embeddable":true,"href":"https:\/\/roveyayinevi.com.tr\/index.php\/wp-json\/wp\/v2\/product_cat?post=714419"},{"taxonomy":"product_tag","embeddable":true,"href":"https:\/\/roveyayinevi.com.tr\/index.php\/wp-json\/wp\/v2\/product_tag?post=714419"}],"curies":[{"name":"wp","href":"https:\/\/api.w.org\/{rel}","templated":true}]}}