{"id":714418,"date":"2025-08-27T17:18:20","date_gmt":"2025-08-27T14:18:20","guid":{"rendered":"https:\/\/roveyayinevi.com.tr\/index.php\/urun\/fantastik-canavarlar-nelerdir-nerede-bulunurlar-ciltli\/"},"modified":"2026-02-02T02:23:54","modified_gmt":"2026-02-01T23:23:54","slug":"fantastik-canavarlar-nelerdir-nerede-bulunurlar-ciltli","status":"publish","type":"product","link":"https:\/\/roveyayinevi.com.tr\/index.php\/urun\/fantastik-canavarlar-nelerdir-nerede-bulunurlar-ciltli\/","title":{"rendered":"Fantastik Canavarlar Nelerdir, Nerede Bulunurlar? (Ciltli)"},"content":{"rendered":"<p>Hogwarts Cad\u0131l\u0131k ve B\u00fcy\u00fcc\u00fcl\u00fck Okulu ders kitaplar\u0131ndan Fantastik Canavarlar Nelerdir, Nerede Bulunurlar? ilk kez yay\u0131mlanmas\u0131ndan itibaren b\u00fcy\u00fcc\u00fcler d\u00fcnyas\u0131n\u0131n sihirli yarat\u0131klar\u0131n\u0131 tan\u0131mak i\u00e7in olmazsa olmaz rehberlerden biri oldu. Bu yeni geni\u015fletilmi\u015f bask\u0131 \u00fcnl\u00fc B\u00fcy\u00fczoolog Newt Scamander\u2019\u0131n 1920\u2019de New York\u2019ta Uluslararas\u0131 B\u00fcy\u00fcc\u00fcl\u00fck S\u0131rlar\u0131 T\u00fcz\u00fc\u011f\u00fc\u2019n\u00fcn ciddi \u015fekilde ihlaline ili\u015fkin meydana gelen olaylara \u0131\u015f\u0131k tutacak \u00f6ns\u00f6z\u00fcn\u00fc i\u00e7eriyor, \u00fcstelik daha \u00f6nce hi\u00e7bir kitapta yer almayan Kuzey Amerika k\u0131tas\u0131na \u00f6zg\u00fc alt\u0131 yeni canavarla birlikte. \u201cBu kitab\u0131n sat\u0131\u015f\u0131ndan elde edilecek kazan\u00e7 Comic Relief\u2019e ve J.K. Rowling\u2019in uluslararas\u0131 hay\u0131r kurumu Lumos\u2019a gidecek, bu da bir b\u00fcy\u00fcc\u00fcn\u00fcn g\u00fcc\u00fcn\u00fcn \u00e7ok \u00f6tesinde bir sihir yapacaklar\u0131 anlam\u0131na geliyor. Bu, elinizi cebinize atmak i\u00e7in yeterli bir neden de\u011filse, tek dile\u011fim, bir g\u00fcn bir Mantikor\u2019un sald\u0131r\u0131s\u0131na u\u011frad\u0131\u011f\u0131n\u0131zda yoldan ge\u00e7en b\u00fcy\u00fcc\u00fclerin sizden daha hay\u0131rseverce davranmas\u0131d\u0131r.\u201d Albus Dumbledore \u201cBir Fantastik Canavarlar kitab\u0131 olmaks\u0131z\u0131n, hi\u00e7bir b\u00fcy\u00fcc\u00fc evi, tam bir b\u00fcy\u00fcc\u00fc evi say\u0131lmaz.\u201d Albus Dumbledore <\/p>\n","protected":false},"excerpt":{"rendered":"<p>Hogwarts Cad\u0131l\u0131k ve B\u00fcy\u00fcc\u00fcl\u00fck Okulu ders kitaplar\u0131ndan Fantastik Canavarlar Nelerdir, Nerede Bulunurlar? ilk kez yay\u0131mlanmas\u0131ndan itibaren b\u00fcy\u00fcc\u00fcler d\u00fcnyas\u0131n\u0131n sihirli yarat\u0131klar\u0131n\u0131 tan\u0131mak i\u00e7in olmazsa olmaz rehberlerden biri<span class=\"excerpt-hellip\"> [\u2026]<\/span><\/p>\n","protected":false},"featured_media":0,"template":"","meta":{"_monsterinsights_skip_tracking":false,"_monsterinsights_sitenote_active":false,"_monsterinsights_sitenote_note":"","_monsterinsights_sitenote_category":0},"product_brand":[],"product_cat":[12291,14777],"product_tag":[],"class_list":{"0":"post-714418","1":"product","2":"type-product","3":"status-publish","5":"product_cat-edebiyat","6":"product_cat-fantastik","7":"pa_cilt-ciltli","8":"pa_tur-kitap","9":"pa_yayinevi-yapi-kredi-yayinlari","10":"pa_yazar-j-k-rowling","12":"first","13":"instock","14":"sale","15":"shipping-taxable","16":"purchasable","17":"product-type-simple"},"_links":{"self":[{"href":"https:\/\/roveyayinevi.com.tr\/index.php\/wp-json\/wp\/v2\/product\/714418","targetHints":{"allow":["GET"]}}],"collection":[{"href":"https:\/\/roveyayinevi.com.tr\/index.php\/wp-json\/wp\/v2\/product"}],"about":[{"href":"https:\/\/roveyayinevi.com.tr\/index.php\/wp-json\/wp\/v2\/types\/product"}],"wp:attachment":[{"href":"https:\/\/roveyayinevi.com.tr\/index.php\/wp-json\/wp\/v2\/media?parent=714418"}],"wp:term":[{"taxonomy":"product_brand","embeddable":true,"href":"https:\/\/roveyayinevi.com.tr\/index.php\/wp-json\/wp\/v2\/product_brand?post=714418"},{"taxonomy":"product_cat","embeddable":true,"href":"https:\/\/roveyayinevi.com.tr\/index.php\/wp-json\/wp\/v2\/product_cat?post=714418"},{"taxonomy":"product_tag","embeddable":true,"href":"https:\/\/roveyayinevi.com.tr\/index.php\/wp-json\/wp\/v2\/product_tag?post=714418"}],"curies":[{"name":"wp","href":"https:\/\/api.w.org\/{rel}","templated":true}]}}