{"id":714417,"date":"2025-08-27T17:18:19","date_gmt":"2025-08-27T14:18:19","guid":{"rendered":"https:\/\/roveyayinevi.com.tr\/index.php\/urun\/caglar-boyu-quidditch-ciltli\/"},"modified":"2026-04-16T02:22:49","modified_gmt":"2026-04-15T23:22:49","slug":"caglar-boyu-quidditch-ciltli","status":"publish","type":"product","link":"https:\/\/roveyayinevi.com.tr\/index.php\/urun\/caglar-boyu-quidditch-ciltli\/","title":{"rendered":"\u00c7a\u011flar Boyu Quidditch (Ciltli)"},"content":{"rendered":"<p>Hogwarts K\u00fct\u00fcphanesi\u2019nin en \u00e7ok okunan kitaplar\u0131ndan biri olan \u00c7a\u011flar Boyu Quidditch asil Quidditch sporunun orta\u00e7a\u011fdan g\u00fcn\u00fcm\u00fcze tarihi, kurallar\u0131, ihlal edilen kurallar\u0131, \u00fcnl\u00fc tak\u0131mlar\u0131yla ilgili bilmek isteyebilece\u011finiz her \u015feyi i\u00e7eriyor. Sayg\u0131n Quidditch yazar\u0131 Kennilworthy Whisp\u2019in kaleminden nesillerdir d\u00fcnyan\u0131n her yerinden bir\u00e7ok b\u00fcy\u00fcc\u00fc ve Muggle ailenin severek takip etti\u011fi bu e\u015fsiz sporla ilgili ilgin\u00e7 ger\u00e7ekler, en \u00e7ok yap\u0131lan fauller, s\u00fcrat s\u00fcp\u00fcrgesinin geli\u015fimi \u00fczerine herkesin kitapl\u0131\u011f\u0131na mutlaka eklemesi gereken bir eser. \u201c\u015eimdiye kadar kendinize Alt\u0131n Snitch\u2019in nereden geldi\u011fini ya da Wigtown Wanderers\u2019\u0131n c\u00fcbbelerinde niye kasap sat\u0131r\u0131 resmi oldu\u011funu sorduysan\u0131z, size \u00c7a\u011flar Boyu Quidditch gerekiyor demektir. Bu kitab\u0131n sat\u0131\u015f\u0131ndan elde edilecek kazan\u00e7 Comic Relief\u2019e gidecek, onlar da paran\u0131z\u0131 hayatlar\u0131 iyile\u015ftirmek i\u00e7in kullanmaya devam edecekler \u2013 ki bu 1921\u2019de Roderick Plumpton\u2019\u0131n Alt\u0131n Snitch\u2019i \u00fc\u00e7 bu\u00e7uk saniyede yakalamas\u0131ndan da daha \u00f6nemli ve \u015fa\u015f\u0131rt\u0131c\u0131 bir i\u015f.\u201d &#8211; Albus Dumbledore \u00c7a\u011flar Boyu Quidditch\u2019e \u00d6vg\u00fcler Her iddias\u0131na var\u0131m ki bu kitap \u00e7ok satanlar aras\u0131na girecek. Ee, hadi, iddiaya giriyor muyuz?\u201d  &#8211; Ludovic Bagman, \u0130ngiltere Milli Tak\u0131m\u0131 ve Wimbourne Wasps Vurucusu Whisp ba\u015ftan sona keyif veren bir kitap yazm\u0131\u015f; Quidditch hayranlar\u0131n\u0131n bu kitab\u0131 hem bilgilendirici hem de e\u011flendirici bulaca\u011f\u0131 kesin.\u201d &#8211; Hangi S\u00fcp\u00fcrge?\u2019nin Edit\u00f6r\u00fc \u201cDaha beterini de okudum.\u201d -Rita Skeeter, Gelecek Postas\u0131 <\/p>\n","protected":false},"excerpt":{"rendered":"<p>Hogwarts K\u00fct\u00fcphanesi\u2019nin en \u00e7ok okunan kitaplar\u0131ndan biri olan \u00c7a\u011flar Boyu Quidditch asil Quidditch sporunun orta\u00e7a\u011fdan g\u00fcn\u00fcm\u00fcze tarihi, kurallar\u0131, ihlal edilen kurallar\u0131, \u00fcnl\u00fc tak\u0131mlar\u0131yla ilgili bilmek isteyebilece\u011finiz<span class=\"excerpt-hellip\"> [\u2026]<\/span><\/p>\n","protected":false},"featured_media":0,"template":"","meta":{"_monsterinsights_skip_tracking":false,"_monsterinsights_sitenote_active":false,"_monsterinsights_sitenote_note":"","_monsterinsights_sitenote_category":0},"product_brand":[],"product_cat":[12291,14777],"product_tag":[],"class_list":{"0":"post-714417","1":"product","2":"type-product","3":"status-publish","5":"product_cat-edebiyat","6":"product_cat-fantastik","7":"pa_cilt-ciltli","8":"pa_tur-kitap","9":"pa_yayinevi-yapi-kredi-yayinlari","10":"pa_yazar-kennilworthy-whisp","12":"first","13":"instock","14":"sale","15":"shipping-taxable","16":"purchasable","17":"product-type-simple"},"_links":{"self":[{"href":"https:\/\/roveyayinevi.com.tr\/index.php\/wp-json\/wp\/v2\/product\/714417","targetHints":{"allow":["GET"]}}],"collection":[{"href":"https:\/\/roveyayinevi.com.tr\/index.php\/wp-json\/wp\/v2\/product"}],"about":[{"href":"https:\/\/roveyayinevi.com.tr\/index.php\/wp-json\/wp\/v2\/types\/product"}],"wp:attachment":[{"href":"https:\/\/roveyayinevi.com.tr\/index.php\/wp-json\/wp\/v2\/media?parent=714417"}],"wp:term":[{"taxonomy":"product_brand","embeddable":true,"href":"https:\/\/roveyayinevi.com.tr\/index.php\/wp-json\/wp\/v2\/product_brand?post=714417"},{"taxonomy":"product_cat","embeddable":true,"href":"https:\/\/roveyayinevi.com.tr\/index.php\/wp-json\/wp\/v2\/product_cat?post=714417"},{"taxonomy":"product_tag","embeddable":true,"href":"https:\/\/roveyayinevi.com.tr\/index.php\/wp-json\/wp\/v2\/product_tag?post=714417"}],"curies":[{"name":"wp","href":"https:\/\/api.w.org\/{rel}","templated":true}]}}