{"id":714416,"date":"2025-08-27T17:18:19","date_gmt":"2025-08-27T14:18:19","guid":{"rendered":"https:\/\/roveyayinevi.com.tr\/index.php\/urun\/tembel-hayvan-uykuda\/"},"modified":"2026-04-16T02:22:49","modified_gmt":"2026-04-15T23:22:49","slug":"tembel-hayvan-uykuda","status":"publish","type":"product","link":"https:\/\/roveyayinevi.com.tr\/index.php\/urun\/tembel-hayvan-uykuda\/","title":{"rendered":"Tembel Hayvan Uykuda"},"content":{"rendered":"<p>\u00dc\u00e7 karde\u015fin, bah\u00e7elerinde bulduklar\u0131 ve hi\u00e7 tan\u0131mad\u0131klar\u0131 bir hayvan\u0131 ke\u015ffetmesini anlatan Tembel Hayvan Uykuda, az tan\u0131nan bir hayvan olan tembel hayvan\u0131 ve \u00f6zelliklerini, keyifli bir hik\u00e2ye \u00f6rg\u00fcs\u00fcyle anlat\u0131yor. Prestijli SendakFellowship \u00f6d\u00fcl\u00fcne lay\u0131k g\u00f6r\u00fclen gen\u00e7 \u0130ngiliz yazar ve \u00e7izer Frann Preston-Gannon\u2019\u0131n yazd\u0131\u011f\u0131 ve resimledi\u011fi Tembel Hayvan Uykuda, yazar\u0131n yay\u0131nevimizden yay\u0131nlanan ikinci kitab\u0131d\u0131r. <\/p>\n","protected":false},"excerpt":{"rendered":"<p>\u00dc\u00e7 karde\u015fin, bah\u00e7elerinde bulduklar\u0131 ve hi\u00e7 tan\u0131mad\u0131klar\u0131 bir hayvan\u0131 ke\u015ffetmesini anlatan Tembel Hayvan Uykuda, az tan\u0131nan bir hayvan olan tembel hayvan\u0131 ve \u00f6zelliklerini, keyifli bir hik\u00e2ye<span class=\"excerpt-hellip\"> [\u2026]<\/span><\/p>\n","protected":false},"featured_media":0,"template":"","meta":{"_monsterinsights_skip_tracking":false,"_monsterinsights_sitenote_active":false,"_monsterinsights_sitenote_note":"","_monsterinsights_sitenote_category":0},"product_brand":[],"product_cat":[12913,12274],"product_tag":[],"class_list":{"0":"post-714416","1":"product","2":"type-product","3":"status-publish","5":"product_cat-3-6-yas-kitaplari","6":"product_cat-cocuk-ve-genclik-kitaplari","7":"pa_cilt-ciltli","8":"pa_tur-kitap","9":"pa_yayinevi-potikare-yayincilik","10":"pa_yazar-frann-preston-gannon","12":"first","13":"instock","14":"sale","15":"shipping-taxable","16":"purchasable","17":"product-type-simple"},"_links":{"self":[{"href":"https:\/\/roveyayinevi.com.tr\/index.php\/wp-json\/wp\/v2\/product\/714416","targetHints":{"allow":["GET"]}}],"collection":[{"href":"https:\/\/roveyayinevi.com.tr\/index.php\/wp-json\/wp\/v2\/product"}],"about":[{"href":"https:\/\/roveyayinevi.com.tr\/index.php\/wp-json\/wp\/v2\/types\/product"}],"wp:attachment":[{"href":"https:\/\/roveyayinevi.com.tr\/index.php\/wp-json\/wp\/v2\/media?parent=714416"}],"wp:term":[{"taxonomy":"product_brand","embeddable":true,"href":"https:\/\/roveyayinevi.com.tr\/index.php\/wp-json\/wp\/v2\/product_brand?post=714416"},{"taxonomy":"product_cat","embeddable":true,"href":"https:\/\/roveyayinevi.com.tr\/index.php\/wp-json\/wp\/v2\/product_cat?post=714416"},{"taxonomy":"product_tag","embeddable":true,"href":"https:\/\/roveyayinevi.com.tr\/index.php\/wp-json\/wp\/v2\/product_tag?post=714416"}],"curies":[{"name":"wp","href":"https:\/\/api.w.org\/{rel}","templated":true}]}}